{"id":317416,"date":"2024-11-21T17:26:28","date_gmt":"2024-11-21T16:26:28","guid":{"rendered":"https:\/\/rwp.rizoma.com\/negozio\/cockpit-einfassung-zvp033\/"},"modified":"2026-04-03T08:34:12","modified_gmt":"2026-04-03T06:34:12","slug":"cockpit-einfassung-zvp033","status":"publish","type":"product","link":"https:\/\/cycle.rizoma.com\/de\/negozio\/mehr-fur-ihre-vespa\/ZVP033\/cockpit-einfassung-zvp033\/","title":{"rendered":"Cockpit-Einfassung"},"content":{"rendered":"<p>Die Rizoma Cockpit-Einfassung ist das perfekte Zubeh\u00f6r f\u00fcr alle stilbewussten Vespa Fahrer, die ihr Fahrzeug mit hochwertigem Equipment ausstatten m\u00f6chten. Die Einfassung ist aus Billet-Aluminium gefertigt und verf\u00fcgt \u00fcber eine 3D-Pr\u00e4zisionsbearbeitung und Eloxierung, die dem Design eine unvergleichliche \u00c4sthetik verleiht. Das minimalistische und doch wesentliche Design der Einfassung verf\u00fcgt \u00fcber einen erh\u00f6hten Rand, der Ihre Anzeigen vor \u00fcberm\u00e4\u00dfigem Sonnenlicht oder Reflexionen sch\u00fctzt. Die Rizoma Cockpit-Einfassung ist ein perfektes Beispiel f\u00fcr italienische Handwerkskunst und Pr\u00e4zision, das Ihrem Vespa Cockpit ein neues Level an Style und Funktionalit\u00e4t verleiht.<\/p>\n","protected":false},"excerpt":{"rendered":"<p>Die Rizoma Cockpit-Einfassung ist das perfekte Zubeh\u00f6r f\u00fcr alle stilbewussten Vespa Fahrer, die ihr Fahrzeug mit hochwertigem Equipment ausstatten m\u00f6chten. Die Einfassung ist aus Billet-Aluminium gefertigt und verf\u00fcgt \u00fcber eine 3D-Pr\u00e4zisionsbearbeitung und Eloxierung, die dem Design eine unvergleichliche \u00c4sthetik verleiht. Das minimalistische und doch wesentliche Design der Einfassung verf\u00fcgt \u00fcber einen erh\u00f6hten Rand, der Ihre [&hellip;]<\/p>\n","protected":false},"featured_media":308766,"template":"","meta":{"_acf_changed":false},"rizoma_assembly_time":[42664],"rizoma_bike":[42556,43430,43427,43744,43429,42559],"rizoma_division":[42652],"rizoma_family":[],"rizoma_model_category":[],"rizoma_product_template":[],"product_brand":[],"product_cat":[42946],"product_tag":[],"class_list":{"0":"post-317416","1":"product","2":"type-product","3":"status-publish","4":"has-post-thumbnail","6":"rizoma_bike-gts-2023-2025","7":"rizoma_bike-gts-310-2025","8":"rizoma_bike-gts-310-super-2025","9":"rizoma_bike-gts-310-super-tech-2025","10":"rizoma_bike-gts-310-supersport-2025","11":"rizoma_bike-gts-super-2023-2025","12":"product_cat-mehr-fur-ihre-vespa","14":"first","15":"instock","16":"sale","17":"taxable","18":"shipping-taxable","19":"purchasable","20":"product-type-variable"},"acf":[],"_links":{"self":[{"href":"https:\/\/cycle.rizoma.com\/de\/wp-json\/wp\/v2\/product\/317416","targetHints":{"allow":["GET"]}}],"collection":[{"href":"https:\/\/cycle.rizoma.com\/de\/wp-json\/wp\/v2\/product"}],"about":[{"href":"https:\/\/cycle.rizoma.com\/de\/wp-json\/wp\/v2\/types\/product"}],"wp:featuredmedia":[{"embeddable":true,"href":"https:\/\/cycle.rizoma.com\/de\/wp-json\/wp\/v2\/media\/308766"}],"wp:attachment":[{"href":"https:\/\/cycle.rizoma.com\/de\/wp-json\/wp\/v2\/media?parent=317416"}],"wp:term":[{"taxonomy":"rizoma_assembly_time","embeddable":true,"href":"https:\/\/cycle.rizoma.com\/de\/wp-json\/wp\/v2\/rizoma_assembly_time?post=317416"},{"taxonomy":"rizoma_bike","embeddable":true,"href":"https:\/\/cycle.rizoma.com\/de\/wp-json\/wp\/v2\/rizoma_bike?post=317416"},{"taxonomy":"rizoma_division","embeddable":true,"href":"https:\/\/cycle.rizoma.com\/de\/wp-json\/wp\/v2\/rizoma_division?post=317416"},{"taxonomy":"rizoma_family","embeddable":true,"href":"https:\/\/cycle.rizoma.com\/de\/wp-json\/wp\/v2\/rizoma_family?post=317416"},{"taxonomy":"rizoma_model_category","embeddable":true,"href":"https:\/\/cycle.rizoma.com\/de\/wp-json\/wp\/v2\/rizoma_model_category?post=317416"},{"taxonomy":"rizoma_product_template","embeddable":true,"href":"https:\/\/cycle.rizoma.com\/de\/wp-json\/wp\/v2\/rizoma_product_template?post=317416"},{"taxonomy":"product_brand","embeddable":true,"href":"https:\/\/cycle.rizoma.com\/de\/wp-json\/wp\/v2\/product_brand?post=317416"},{"taxonomy":"product_cat","embeddable":true,"href":"https:\/\/cycle.rizoma.com\/de\/wp-json\/wp\/v2\/product_cat?post=317416"},{"taxonomy":"product_tag","embeddable":true,"href":"https:\/\/cycle.rizoma.com\/de\/wp-json\/wp\/v2\/product_tag?post=317416"}],"curies":[{"name":"wp","href":"https:\/\/api.w.org\/{rel}","templated":true}]}}