{"id":317421,"date":"2024-11-21T17:26:35","date_gmt":"2024-11-21T16:26:35","guid":{"rendered":"https:\/\/rwp.rizoma.com\/negozio\/fusraumabdeckung-zvp036\/"},"modified":"2025-12-01T18:28:35","modified_gmt":"2025-12-01T17:28:35","slug":"fusraumabdeckung-zvp036","status":"publish","type":"product","link":"https:\/\/cycle.rizoma.com\/de\/negozio\/mehr-fur-ihre-vespa\/ZVP036\/fusraumabdeckung-zvp036\/","title":{"rendered":"Fu\u00dfraumabdeckung"},"content":{"rendered":"<p>Rizoma interpretiert die zentrale Fu\u00dfraumabdeckung neu, um ihr ein kompakteres und saubereres Aussehen zu verleihen. Geringere Abmessungen und Funktionalit\u00e4t dank des Strukturk\u00f6rpers aus Polyamid, des grauen Aluminiums und der rutschfesten Mittelb\u00e4nder. Letztere sind mit einer Mikrokugel-Oberfl\u00e4chenstruktur versehen, um die Griffigkeit in Kombination mit dem Design der Auflage zu verbessern.<\/p>\n","protected":false},"excerpt":{"rendered":"<p>Rizoma interpretiert die zentrale Fu\u00dfraumabdeckung neu, um ihr ein kompakteres und saubereres Aussehen zu verleihen. Geringere Abmessungen und Funktionalit\u00e4t dank des Strukturk\u00f6rpers aus Polyamid, des grauen Aluminiums und der rutschfesten Mittelb\u00e4nder. Letztere sind mit einer Mikrokugel-Oberfl\u00e4chenstruktur versehen, um die Griffigkeit in Kombination mit dem Design der Auflage zu verbessern.<\/p>\n","protected":false},"featured_media":306571,"template":"","meta":{"_acf_changed":false},"rizoma_assembly_time":[42664],"rizoma_bike":[42558,42557,42556,43430,43427,43744,43429,42561,42560,42559,42636,44397,44437,42567,42566],"rizoma_division":[42652],"rizoma_family":[],"rizoma_model_category":[],"rizoma_product_template":[],"product_brand":[],"product_cat":[42946],"product_tag":[],"class_list":{"0":"post-317421","1":"product","2":"type-product","3":"status-publish","4":"has-post-thumbnail","6":"rizoma_bike-gts-2015-2017","7":"rizoma_bike-gts-2018-2022","8":"rizoma_bike-gts-2023-2025","9":"rizoma_bike-gts-310-2025","10":"rizoma_bike-gts-310-super-2025","11":"rizoma_bike-gts-310-super-tech-2025","12":"rizoma_bike-gts-310-supersport-2025","13":"rizoma_bike-gts-super-2015-2017","14":"rizoma_bike-gts-super-2018-2022","15":"rizoma_bike-gts-super-2023-2025","16":"rizoma_bike-gtv-2023-2024","17":"rizoma_bike-gtv-310-2025-2026","18":"rizoma_bike-gtv-310-officina-8-2026","19":"rizoma_bike-sei-giorni-2016-2017","20":"rizoma_bike-sei-giorni-2018-2022","21":"product_cat-mehr-fur-ihre-vespa","23":"first","24":"instock","25":"taxable","26":"shipping-taxable","27":"purchasable","28":"product-type-variable"},"acf":[],"_links":{"self":[{"href":"https:\/\/cycle.rizoma.com\/de\/wp-json\/wp\/v2\/product\/317421","targetHints":{"allow":["GET"]}}],"collection":[{"href":"https:\/\/cycle.rizoma.com\/de\/wp-json\/wp\/v2\/product"}],"about":[{"href":"https:\/\/cycle.rizoma.com\/de\/wp-json\/wp\/v2\/types\/product"}],"wp:featuredmedia":[{"embeddable":true,"href":"https:\/\/cycle.rizoma.com\/de\/wp-json\/wp\/v2\/media\/306571"}],"wp:attachment":[{"href":"https:\/\/cycle.rizoma.com\/de\/wp-json\/wp\/v2\/media?parent=317421"}],"wp:term":[{"taxonomy":"rizoma_assembly_time","embeddable":true,"href":"https:\/\/cycle.rizoma.com\/de\/wp-json\/wp\/v2\/rizoma_assembly_time?post=317421"},{"taxonomy":"rizoma_bike","embeddable":true,"href":"https:\/\/cycle.rizoma.com\/de\/wp-json\/wp\/v2\/rizoma_bike?post=317421"},{"taxonomy":"rizoma_division","embeddable":true,"href":"https:\/\/cycle.rizoma.com\/de\/wp-json\/wp\/v2\/rizoma_division?post=317421"},{"taxonomy":"rizoma_family","embeddable":true,"href":"https:\/\/cycle.rizoma.com\/de\/wp-json\/wp\/v2\/rizoma_family?post=317421"},{"taxonomy":"rizoma_model_category","embeddable":true,"href":"https:\/\/cycle.rizoma.com\/de\/wp-json\/wp\/v2\/rizoma_model_category?post=317421"},{"taxonomy":"rizoma_product_template","embeddable":true,"href":"https:\/\/cycle.rizoma.com\/de\/wp-json\/wp\/v2\/rizoma_product_template?post=317421"},{"taxonomy":"product_brand","embeddable":true,"href":"https:\/\/cycle.rizoma.com\/de\/wp-json\/wp\/v2\/product_brand?post=317421"},{"taxonomy":"product_cat","embeddable":true,"href":"https:\/\/cycle.rizoma.com\/de\/wp-json\/wp\/v2\/product_cat?post=317421"},{"taxonomy":"product_tag","embeddable":true,"href":"https:\/\/cycle.rizoma.com\/de\/wp-json\/wp\/v2\/product_tag?post=317421"}],"curies":[{"name":"wp","href":"https:\/\/api.w.org\/{rel}","templated":true}]}}