{"id":317426,"date":"2024-11-21T17:26:42","date_gmt":"2024-11-21T16:26:42","guid":{"rendered":"https:\/\/rwp.rizoma.com\/negozio\/vorderes-emblem-zvp037\/"},"modified":"2026-04-03T08:34:12","modified_gmt":"2026-04-03T06:34:12","slug":"vorderes-emblem-zvp037","status":"publish","type":"product","link":"https:\/\/cycle.rizoma.com\/de\/negozio\/mehr-fur-ihre-vespa\/ZVP037\/vorderes-emblem-zvp037\/motorbike\/6002\/honda\/cb-1000-r\/","title":{"rendered":"Vorderes Emblem"},"content":{"rendered":"<p>Das Rizoma Frontemblem ist das perfekte Accessoire f\u00fcr alle Vespa-Liebhaber, die ihre Fahrzeugfront mit einem eleganten Design-Detail aufwerten m\u00f6chten. Das Emblem besteht aus hochwertigem Billet-Aluminium und ist f\u00fcr die OEM-Frontabdeckung konzipiert. Es betont die visuelle Wirkung der Front und schafft eine elegante stilistische Kontinuit\u00e4t mit dem V Icon Tag. Das Emblem ist in schwarzer und silberner Farbe erh\u00e4ltlich und kontrastierende Lasergravuren sorgen f\u00fcr einen zus\u00e4tzlichen Hauch von Eleganz und Stil. Machen Sie mit dem Rizoma Frontemblem Ihre Vespa zum absoluten Highlight auf jeder Stra\u00dfe!<\/p>\n","protected":false},"excerpt":{"rendered":"<p>Das Rizoma Frontemblem ist das perfekte Accessoire f\u00fcr alle Vespa-Liebhaber, die ihre Fahrzeugfront mit einem eleganten Design-Detail aufwerten m\u00f6chten. Das Emblem besteht aus hochwertigem Billet-Aluminium und ist f\u00fcr die OEM-Frontabdeckung konzipiert. Es betont die visuelle Wirkung der Front und schafft eine elegante stilistische Kontinuit\u00e4t mit dem V Icon Tag. Das Emblem ist in schwarzer und [&hellip;]<\/p>\n","protected":false},"featured_media":306886,"template":"","meta":{"_acf_changed":false},"rizoma_assembly_time":[42664],"rizoma_bike":[42569,42568,42557,42556,43430,43427,43744,43429,42560,42559,42636,44397,44437,42563,43435,42562,44434,42566,42565,43436,42564,44435,44436],"rizoma_division":[42652],"rizoma_family":[],"rizoma_model_category":[],"rizoma_product_template":[],"product_brand":[],"product_cat":[42946],"product_tag":[],"class_list":{"0":"post-317426","1":"product","2":"type-product","3":"status-publish","4":"has-post-thumbnail","6":"rizoma_bike-elettrica-2018-2022","7":"rizoma_bike-elettrica-2023-2024","8":"rizoma_bike-gts-2018-2022","9":"rizoma_bike-gts-2023-2025","10":"rizoma_bike-gts-310-2025","11":"rizoma_bike-gts-310-super-2025","12":"rizoma_bike-gts-310-super-tech-2025","13":"rizoma_bike-gts-310-supersport-2025","14":"rizoma_bike-gts-super-2018-2022","15":"rizoma_bike-gts-super-2023-2025","16":"rizoma_bike-gtv-2023-2024","17":"rizoma_bike-gtv-310-2025-2026","18":"rizoma_bike-gtv-310-officina-8-2026","19":"rizoma_bike-primavera-2018-2022","20":"rizoma_bike-primavera-2023","21":"rizoma_bike-primavera-2024-2025","22":"rizoma_bike-primavera-elettrica-2024-25","23":"rizoma_bike-sei-giorni-2018-2022","24":"rizoma_bike-sprint-2018-2022","25":"rizoma_bike-sprint-2023","26":"rizoma_bike-sprint-2024-2025","27":"rizoma_bike-sprint-elettrica-2024-25","28":"rizoma_bike-sprint-elettrica-2026","29":"product_cat-mehr-fur-ihre-vespa","31":"first","32":"instock","33":"taxable","34":"shipping-taxable","35":"purchasable","36":"product-type-variable"},"acf":[],"_links":{"self":[{"href":"https:\/\/cycle.rizoma.com\/de\/wp-json\/wp\/v2\/product\/317426","targetHints":{"allow":["GET"]}}],"collection":[{"href":"https:\/\/cycle.rizoma.com\/de\/wp-json\/wp\/v2\/product"}],"about":[{"href":"https:\/\/cycle.rizoma.com\/de\/wp-json\/wp\/v2\/types\/product"}],"wp:featuredmedia":[{"embeddable":true,"href":"https:\/\/cycle.rizoma.com\/de\/wp-json\/wp\/v2\/media\/306886"}],"wp:attachment":[{"href":"https:\/\/cycle.rizoma.com\/de\/wp-json\/wp\/v2\/media?parent=317426"}],"wp:term":[{"taxonomy":"rizoma_assembly_time","embeddable":true,"href":"https:\/\/cycle.rizoma.com\/de\/wp-json\/wp\/v2\/rizoma_assembly_time?post=317426"},{"taxonomy":"rizoma_bike","embeddable":true,"href":"https:\/\/cycle.rizoma.com\/de\/wp-json\/wp\/v2\/rizoma_bike?post=317426"},{"taxonomy":"rizoma_division","embeddable":true,"href":"https:\/\/cycle.rizoma.com\/de\/wp-json\/wp\/v2\/rizoma_division?post=317426"},{"taxonomy":"rizoma_family","embeddable":true,"href":"https:\/\/cycle.rizoma.com\/de\/wp-json\/wp\/v2\/rizoma_family?post=317426"},{"taxonomy":"rizoma_model_category","embeddable":true,"href":"https:\/\/cycle.rizoma.com\/de\/wp-json\/wp\/v2\/rizoma_model_category?post=317426"},{"taxonomy":"rizoma_product_template","embeddable":true,"href":"https:\/\/cycle.rizoma.com\/de\/wp-json\/wp\/v2\/rizoma_product_template?post=317426"},{"taxonomy":"product_brand","embeddable":true,"href":"https:\/\/cycle.rizoma.com\/de\/wp-json\/wp\/v2\/product_brand?post=317426"},{"taxonomy":"product_cat","embeddable":true,"href":"https:\/\/cycle.rizoma.com\/de\/wp-json\/wp\/v2\/product_cat?post=317426"},{"taxonomy":"product_tag","embeddable":true,"href":"https:\/\/cycle.rizoma.com\/de\/wp-json\/wp\/v2\/product_tag?post=317426"}],"curies":[{"name":"wp","href":"https:\/\/api.w.org\/{rel}","templated":true}]}}