{"id":317441,"date":"2024-11-21T17:27:01","date_gmt":"2024-11-21T16:27:01","guid":{"rendered":"https:\/\/rwp.rizoma.com\/negozio\/motorabdeckung-zvp044\/"},"modified":"2025-01-14T12:49:25","modified_gmt":"2025-01-14T11:49:25","slug":"motorabdeckung-zvp044","status":"publish","type":"product","link":"https:\/\/cycle.rizoma.com\/de\/negozio\/mehr-fur-ihre-vespa\/ZVP044\/motorabdeckung-zvp044\/","title":{"rendered":"Motorabdeckung"},"content":{"rendered":"<p>Die Motorabdeckung f\u00fcr Vespa ist komplett aus Billet-Aluminium gefertigt und mit einer eleganten L\u00e4ngsstruktur versehen. Das innovative Design verf\u00fcgt \u00fcber zwei \u00d6ffnungen, eine vorne und eine hinten, um den Luftstrom zu verbessern. Erh\u00e4ltlich in Silber und Schwarz.<\/p>\n","protected":false},"excerpt":{"rendered":"<p>Die Motorabdeckung f\u00fcr Vespa ist komplett aus Billet-Aluminium gefertigt und mit einer eleganten L\u00e4ngsstruktur versehen. Das innovative Design verf\u00fcgt \u00fcber zwei \u00d6ffnungen, eine vorne und eine hinten, um den Luftstrom zu verbessern. Erh\u00e4ltlich in Silber und Schwarz.<\/p>\n","protected":false},"featured_media":309546,"template":"","meta":{"_acf_changed":false},"rizoma_assembly_time":[42664],"rizoma_bike":[43435,42562,43436,42564],"rizoma_division":[42652],"rizoma_family":[],"rizoma_model_category":[],"rizoma_product_template":[],"product_brand":[],"product_cat":[42946],"product_tag":[],"class_list":{"0":"post-317441","1":"product","2":"type-product","3":"status-publish","4":"has-post-thumbnail","6":"rizoma_bike-primavera-2023","7":"rizoma_bike-primavera-2024-2025","8":"rizoma_bike-sprint-2023","9":"rizoma_bike-sprint-2024-2025","10":"product_cat-mehr-fur-ihre-vespa","12":"first","13":"instock","14":"sale","15":"taxable","16":"shipping-taxable","17":"purchasable","18":"product-type-variable"},"acf":[],"_links":{"self":[{"href":"https:\/\/cycle.rizoma.com\/de\/wp-json\/wp\/v2\/product\/317441","targetHints":{"allow":["GET"]}}],"collection":[{"href":"https:\/\/cycle.rizoma.com\/de\/wp-json\/wp\/v2\/product"}],"about":[{"href":"https:\/\/cycle.rizoma.com\/de\/wp-json\/wp\/v2\/types\/product"}],"wp:featuredmedia":[{"embeddable":true,"href":"https:\/\/cycle.rizoma.com\/de\/wp-json\/wp\/v2\/media\/309546"}],"wp:attachment":[{"href":"https:\/\/cycle.rizoma.com\/de\/wp-json\/wp\/v2\/media?parent=317441"}],"wp:term":[{"taxonomy":"rizoma_assembly_time","embeddable":true,"href":"https:\/\/cycle.rizoma.com\/de\/wp-json\/wp\/v2\/rizoma_assembly_time?post=317441"},{"taxonomy":"rizoma_bike","embeddable":true,"href":"https:\/\/cycle.rizoma.com\/de\/wp-json\/wp\/v2\/rizoma_bike?post=317441"},{"taxonomy":"rizoma_division","embeddable":true,"href":"https:\/\/cycle.rizoma.com\/de\/wp-json\/wp\/v2\/rizoma_division?post=317441"},{"taxonomy":"rizoma_family","embeddable":true,"href":"https:\/\/cycle.rizoma.com\/de\/wp-json\/wp\/v2\/rizoma_family?post=317441"},{"taxonomy":"rizoma_model_category","embeddable":true,"href":"https:\/\/cycle.rizoma.com\/de\/wp-json\/wp\/v2\/rizoma_model_category?post=317441"},{"taxonomy":"rizoma_product_template","embeddable":true,"href":"https:\/\/cycle.rizoma.com\/de\/wp-json\/wp\/v2\/rizoma_product_template?post=317441"},{"taxonomy":"product_brand","embeddable":true,"href":"https:\/\/cycle.rizoma.com\/de\/wp-json\/wp\/v2\/product_brand?post=317441"},{"taxonomy":"product_cat","embeddable":true,"href":"https:\/\/cycle.rizoma.com\/de\/wp-json\/wp\/v2\/product_cat?post=317441"},{"taxonomy":"product_tag","embeddable":true,"href":"https:\/\/cycle.rizoma.com\/de\/wp-json\/wp\/v2\/product_tag?post=317441"}],"curies":[{"name":"wp","href":"https:\/\/api.w.org\/{rel}","templated":true}]}}