{"id":317481,"date":"2024-11-21T17:27:55","date_gmt":"2024-11-21T16:27:55","guid":{"rendered":"https:\/\/rwp.rizoma.com\/negozio\/lampenmaske-zvp052\/"},"modified":"2026-03-15T17:52:50","modified_gmt":"2026-03-15T16:52:50","slug":"lampenmaske-zvp052","status":"publish","type":"product","link":"https:\/\/cycle.rizoma.com\/de\/negozio\/windschilde\/ZVP052\/lampenmaske-zvp052\/","title":{"rendered":"Lampenmaske"},"content":{"rendered":"<p>Die Lampenmaske von Rizoma aus Carbon ist das ultimative Accessoire f\u00fcr jeden Vespa Fahrer, der seinen Roller perfektionieren m\u00f6chte. Das flie\u00dfende Design der Scheinwerferverkleidung passt perfekt zu den Linien des Vespa-Armaturenbretts und vermittelt ein Gef\u00fchl von maximaler Leichtigkeit und Aerodynamik. Die Lampenmaske ist mit den Originalspiegeln der Vespa sowie den Rizoma Direct Mount und Lenkerend- Spiegeln kompatibel, so dass Sie sie nach Ihren pers\u00f6nlichen Vorlieben gestalten k\u00f6nnen. Mit einer ABE ist sie auch perfekt f\u00fcr den Stra\u00dfenverkehr zugelassen. G\u00f6nnen Sie Ihrem Vespa Roller dieses einzigartige Upgrade mit der Lampenmaske Rizoma aus Carbon.<\/p>\n","protected":false},"excerpt":{"rendered":"<p>Die Lampenmaske von Rizoma aus Carbon ist das ultimative Accessoire f\u00fcr jeden Vespa Fahrer, der seinen Roller perfektionieren m\u00f6chte. Das flie\u00dfende Design der Scheinwerferverkleidung passt perfekt zu den Linien des Vespa-Armaturenbretts und vermittelt ein Gef\u00fchl von maximaler Leichtigkeit und Aerodynamik. Die Lampenmaske ist mit den Originalspiegeln der Vespa sowie den Rizoma Direct Mount und Lenkerend- [&hellip;]<\/p>\n","protected":false},"featured_media":309821,"template":"","meta":{"_acf_changed":false},"rizoma_assembly_time":[42742],"rizoma_bike":[42556,43430,43427,43744,43429,42559],"rizoma_division":[42652],"rizoma_family":[],"rizoma_model_category":[],"rizoma_product_template":[],"product_brand":[],"product_cat":[42828],"product_tag":[],"class_list":{"0":"post-317481","1":"product","2":"type-product","3":"status-publish","4":"has-post-thumbnail","6":"rizoma_bike-gts-2023-2025","7":"rizoma_bike-gts-310-2025","8":"rizoma_bike-gts-310-super-2025","9":"rizoma_bike-gts-310-super-tech-2025","10":"rizoma_bike-gts-310-supersport-2025","11":"rizoma_bike-gts-super-2023-2025","12":"product_cat-windschilde","14":"first","15":"instock","16":"taxable","17":"shipping-taxable","18":"purchasable","19":"product-type-variable"},"acf":[],"_links":{"self":[{"href":"https:\/\/cycle.rizoma.com\/de\/wp-json\/wp\/v2\/product\/317481","targetHints":{"allow":["GET"]}}],"collection":[{"href":"https:\/\/cycle.rizoma.com\/de\/wp-json\/wp\/v2\/product"}],"about":[{"href":"https:\/\/cycle.rizoma.com\/de\/wp-json\/wp\/v2\/types\/product"}],"wp:featuredmedia":[{"embeddable":true,"href":"https:\/\/cycle.rizoma.com\/de\/wp-json\/wp\/v2\/media\/309821"}],"wp:attachment":[{"href":"https:\/\/cycle.rizoma.com\/de\/wp-json\/wp\/v2\/media?parent=317481"}],"wp:term":[{"taxonomy":"rizoma_assembly_time","embeddable":true,"href":"https:\/\/cycle.rizoma.com\/de\/wp-json\/wp\/v2\/rizoma_assembly_time?post=317481"},{"taxonomy":"rizoma_bike","embeddable":true,"href":"https:\/\/cycle.rizoma.com\/de\/wp-json\/wp\/v2\/rizoma_bike?post=317481"},{"taxonomy":"rizoma_division","embeddable":true,"href":"https:\/\/cycle.rizoma.com\/de\/wp-json\/wp\/v2\/rizoma_division?post=317481"},{"taxonomy":"rizoma_family","embeddable":true,"href":"https:\/\/cycle.rizoma.com\/de\/wp-json\/wp\/v2\/rizoma_family?post=317481"},{"taxonomy":"rizoma_model_category","embeddable":true,"href":"https:\/\/cycle.rizoma.com\/de\/wp-json\/wp\/v2\/rizoma_model_category?post=317481"},{"taxonomy":"rizoma_product_template","embeddable":true,"href":"https:\/\/cycle.rizoma.com\/de\/wp-json\/wp\/v2\/rizoma_product_template?post=317481"},{"taxonomy":"product_brand","embeddable":true,"href":"https:\/\/cycle.rizoma.com\/de\/wp-json\/wp\/v2\/product_brand?post=317481"},{"taxonomy":"product_cat","embeddable":true,"href":"https:\/\/cycle.rizoma.com\/de\/wp-json\/wp\/v2\/product_cat?post=317481"},{"taxonomy":"product_tag","embeddable":true,"href":"https:\/\/cycle.rizoma.com\/de\/wp-json\/wp\/v2\/product_tag?post=317481"}],"curies":[{"name":"wp","href":"https:\/\/api.w.org\/{rel}","templated":true}]}}