{"id":317666,"date":"2024-11-21T17:32:05","date_gmt":"2024-11-21T16:32:05","guid":{"rendered":"https:\/\/rwp.rizoma.com\/negozio\/kurbelgehausedeckel-zyf064\/"},"modified":"2025-01-14T12:59:33","modified_gmt":"2025-01-14T11:59:33","slug":"kurbelgehausedeckel-zyf064","status":"publish","type":"product","link":"https:\/\/cycle.rizoma.com\/de\/negozio\/mehr-fur-ihre-yamaha\/ZYF064\/kurbelgehausedeckel-zyf064\/","title":{"rendered":"Kurbelgeh\u00e4usedeckel"},"content":{"rendered":"<p>Der zur G\u00e4nze aus dem Vollen gearbeitete Rizoma-Kurbelgeh\u00e4usedeckel aus Aluminium verleiht Ihrer T-Max das gewisse Etwas. Hochwertiges Material und detailgenaue Verarbeitung mit typischem und f\u00fcr eine langlebigere Optik eloxiertem Rizoma-Logo.<\/p>\n","protected":false},"excerpt":{"rendered":"<p>Der zur G\u00e4nze aus dem Vollen gearbeitete Rizoma-Kurbelgeh\u00e4usedeckel aus Aluminium verleiht Ihrer T-Max das gewisse Etwas. Hochwertiges Material und detailgenaue Verarbeitung mit typischem und f\u00fcr eine langlebigere Optik eloxiertem Rizoma-Logo.<\/p>\n","protected":false},"featured_media":303931,"template":"","meta":{"_acf_changed":false},"rizoma_assembly_time":[42664],"rizoma_bike":[42225,42447,43421,44422,42226,42378,42448,43422],"rizoma_division":[42652],"rizoma_family":[],"rizoma_model_category":[],"rizoma_product_template":[],"product_brand":[],"product_cat":[42798],"product_tag":[],"class_list":{"0":"post-317666","1":"product","2":"type-product","3":"status-publish","4":"has-post-thumbnail","6":"rizoma_bike-t-max-560-2020-21","7":"rizoma_bike-t-max-560-2022-24","8":"rizoma_bike-t-max-560-2025-26","9":"rizoma_bike-t-max-560-25th-anniversary-2026","10":"rizoma_bike-t-max-560-tech-max-2020","11":"rizoma_bike-t-max-560-tech-max-2021","12":"rizoma_bike-t-max-560-tech-max-2022-24","13":"rizoma_bike-t-max-560-tech-max-2025-26","14":"product_cat-mehr-fur-ihre-yamaha","16":"first","17":"instock","18":"taxable","19":"shipping-taxable","20":"purchasable","21":"product-type-variable"},"acf":[],"_links":{"self":[{"href":"https:\/\/cycle.rizoma.com\/de\/wp-json\/wp\/v2\/product\/317666","targetHints":{"allow":["GET"]}}],"collection":[{"href":"https:\/\/cycle.rizoma.com\/de\/wp-json\/wp\/v2\/product"}],"about":[{"href":"https:\/\/cycle.rizoma.com\/de\/wp-json\/wp\/v2\/types\/product"}],"wp:featuredmedia":[{"embeddable":true,"href":"https:\/\/cycle.rizoma.com\/de\/wp-json\/wp\/v2\/media\/303931"}],"wp:attachment":[{"href":"https:\/\/cycle.rizoma.com\/de\/wp-json\/wp\/v2\/media?parent=317666"}],"wp:term":[{"taxonomy":"rizoma_assembly_time","embeddable":true,"href":"https:\/\/cycle.rizoma.com\/de\/wp-json\/wp\/v2\/rizoma_assembly_time?post=317666"},{"taxonomy":"rizoma_bike","embeddable":true,"href":"https:\/\/cycle.rizoma.com\/de\/wp-json\/wp\/v2\/rizoma_bike?post=317666"},{"taxonomy":"rizoma_division","embeddable":true,"href":"https:\/\/cycle.rizoma.com\/de\/wp-json\/wp\/v2\/rizoma_division?post=317666"},{"taxonomy":"rizoma_family","embeddable":true,"href":"https:\/\/cycle.rizoma.com\/de\/wp-json\/wp\/v2\/rizoma_family?post=317666"},{"taxonomy":"rizoma_model_category","embeddable":true,"href":"https:\/\/cycle.rizoma.com\/de\/wp-json\/wp\/v2\/rizoma_model_category?post=317666"},{"taxonomy":"rizoma_product_template","embeddable":true,"href":"https:\/\/cycle.rizoma.com\/de\/wp-json\/wp\/v2\/rizoma_product_template?post=317666"},{"taxonomy":"product_brand","embeddable":true,"href":"https:\/\/cycle.rizoma.com\/de\/wp-json\/wp\/v2\/product_brand?post=317666"},{"taxonomy":"product_cat","embeddable":true,"href":"https:\/\/cycle.rizoma.com\/de\/wp-json\/wp\/v2\/product_cat?post=317666"},{"taxonomy":"product_tag","embeddable":true,"href":"https:\/\/cycle.rizoma.com\/de\/wp-json\/wp\/v2\/product_tag?post=317666"}],"curies":[{"name":"wp","href":"https:\/\/api.w.org\/{rel}","templated":true}]}}