{"id":317671,"date":"2024-11-21T17:32:12","date_gmt":"2024-11-21T16:32:12","guid":{"rendered":"https:\/\/rwp.rizoma.com\/negozio\/tankdeckel-tf160\/"},"modified":"2025-01-14T12:59:47","modified_gmt":"2025-01-14T11:59:47","slug":"tankdeckel-tf160","status":"publish","type":"product","link":"https:\/\/cycle.rizoma.com\/de\/negozio\/mehr-fur-ihre-yamaha\/TF160\/tankdeckel-tf160\/","title":{"rendered":"Tankdeckel"},"content":{"rendered":"<p>Der Rizoma-Tankdeckel f\u00fcr den T-Max ist das perfekte Beispiel f\u00fcr die Verschmelzung von Design, Technologie, erstklassigen Materialien und Sicherheit. Hergestellt aus hochwertigem Aluminium, bietet er nicht nur eine beeindruckende Optik, sondern auch eine praktische automatische \u00d6ffnungsfunktion. Dank der intelligenten Erkennung des Motorradschl\u00fcssels entriegelt sich der Deckel automatisch und kann einfach zum Tanken ge\u00f6ffnet werden.  Dies wird durch einen RFID-Transponder im Schl\u00fcssel und einen Empf\u00e4nger im Deckel erm\u00f6glicht. Einfach den Griff ziehen und der Deckel \u00f6ffnet sich wie von Zauberhand. Die zweifarbige Oberfl\u00e4che wird durch ein hochwertiges Eloxierverfahren erzielt, das nicht nur f\u00fcr eine ansprechende Optik sorgt, sondern auch f\u00fcr eine l\u00e4ngere Haltbarkeit des Tankdeckels.<\/p>\n","protected":false},"excerpt":{"rendered":"<p>Der Rizoma-Tankdeckel f\u00fcr den T-Max ist das perfekte Beispiel f\u00fcr die Verschmelzung von Design, Technologie, erstklassigen Materialien und Sicherheit. Hergestellt aus hochwertigem Aluminium, bietet er nicht nur eine beeindruckende Optik, sondern auch eine praktische automatische \u00d6ffnungsfunktion. Dank der intelligenten Erkennung des Motorradschl\u00fcssels entriegelt sich der Deckel automatisch und kann einfach zum Tanken ge\u00f6ffnet werden. Dies [&hellip;]<\/p>\n","protected":false},"featured_media":307216,"template":"","meta":{"_acf_changed":false},"rizoma_assembly_time":[42789],"rizoma_bike":[42611,42640,42447,43421,44422,42448,43422,44408,44409,44411,44410,44412],"rizoma_division":[42652],"rizoma_family":[],"rizoma_model_category":[],"rizoma_product_template":[],"product_brand":[],"product_cat":[42798],"product_tag":[],"class_list":{"0":"post-317671","1":"product","2":"type-product","3":"status-publish","4":"has-post-thumbnail","6":"rizoma_bike-mt-09-sp-2024-26","7":"rizoma_bike-mt-09-y-amt-2024-26","8":"rizoma_bike-t-max-560-2022-24","9":"rizoma_bike-t-max-560-2025-26","10":"rizoma_bike-t-max-560-25th-anniversary-2026","11":"rizoma_bike-t-max-560-tech-max-2022-24","12":"rizoma_bike-t-max-560-tech-max-2025-26","13":"rizoma_bike-tracer-9-2025-26","14":"rizoma_bike-tracer-9-gt-2025-26","15":"rizoma_bike-tracer-9-gt-y-amt-2025-26","16":"rizoma_bike-tracer-9-gtplus-y-amt-2025","17":"rizoma_bike-tracer-9-y-amt-2025-26","18":"product_cat-mehr-fur-ihre-yamaha","20":"first","21":"instock","22":"taxable","23":"shipping-taxable","24":"purchasable","25":"product-type-variable"},"acf":[],"_links":{"self":[{"href":"https:\/\/cycle.rizoma.com\/de\/wp-json\/wp\/v2\/product\/317671","targetHints":{"allow":["GET"]}}],"collection":[{"href":"https:\/\/cycle.rizoma.com\/de\/wp-json\/wp\/v2\/product"}],"about":[{"href":"https:\/\/cycle.rizoma.com\/de\/wp-json\/wp\/v2\/types\/product"}],"wp:featuredmedia":[{"embeddable":true,"href":"https:\/\/cycle.rizoma.com\/de\/wp-json\/wp\/v2\/media\/307216"}],"wp:attachment":[{"href":"https:\/\/cycle.rizoma.com\/de\/wp-json\/wp\/v2\/media?parent=317671"}],"wp:term":[{"taxonomy":"rizoma_assembly_time","embeddable":true,"href":"https:\/\/cycle.rizoma.com\/de\/wp-json\/wp\/v2\/rizoma_assembly_time?post=317671"},{"taxonomy":"rizoma_bike","embeddable":true,"href":"https:\/\/cycle.rizoma.com\/de\/wp-json\/wp\/v2\/rizoma_bike?post=317671"},{"taxonomy":"rizoma_division","embeddable":true,"href":"https:\/\/cycle.rizoma.com\/de\/wp-json\/wp\/v2\/rizoma_division?post=317671"},{"taxonomy":"rizoma_family","embeddable":true,"href":"https:\/\/cycle.rizoma.com\/de\/wp-json\/wp\/v2\/rizoma_family?post=317671"},{"taxonomy":"rizoma_model_category","embeddable":true,"href":"https:\/\/cycle.rizoma.com\/de\/wp-json\/wp\/v2\/rizoma_model_category?post=317671"},{"taxonomy":"rizoma_product_template","embeddable":true,"href":"https:\/\/cycle.rizoma.com\/de\/wp-json\/wp\/v2\/rizoma_product_template?post=317671"},{"taxonomy":"product_brand","embeddable":true,"href":"https:\/\/cycle.rizoma.com\/de\/wp-json\/wp\/v2\/product_brand?post=317671"},{"taxonomy":"product_cat","embeddable":true,"href":"https:\/\/cycle.rizoma.com\/de\/wp-json\/wp\/v2\/product_cat?post=317671"},{"taxonomy":"product_tag","embeddable":true,"href":"https:\/\/cycle.rizoma.com\/de\/wp-json\/wp\/v2\/product_tag?post=317671"}],"curies":[{"name":"wp","href":"https:\/\/api.w.org\/{rel}","templated":true}]}}