{"id":317816,"date":"2024-11-21T17:35:29","date_gmt":"2024-11-21T16:35:29","guid":{"rendered":"https:\/\/rwp.rizoma.com\/negozio\/oldeckel-tp127\/"},"modified":"2025-11-23T10:35:55","modified_gmt":"2025-11-23T09:35:55","slug":"oldeckel-tp127","status":"publish","type":"product","link":"https:\/\/cycle.rizoma.com\/de\/negozio\/oldeckel\/TP127\/oldeckel-tp127\/motorbike\/10002402\/harley-davidson\/night-rod\/","title":{"rendered":"\u00d6ldeckel"},"content":{"rendered":"<p>Technik und Stil in einer souver\u00e4nen Kombination f\u00fcr eine edle Motorradoptik bei gleichzeitig h\u00f6chster Funktionalit\u00e4t.<br \/>Der aus dem Rennsport abgeleitete Rizoma-\u00d6ldeckel ist mit einem lockerungsfreien Sicherheitsverschluss. Er ist zur G\u00e4nze aus Aluminium gearbeitet und bietet durch die eloxierte Oberfl\u00e4che eine hervorragende Qualit\u00e4t und Langlebigkeit.<\/p>\n","protected":false},"excerpt":{"rendered":"<p>Technik und Stil in einer souver\u00e4nen Kombination f\u00fcr eine edle Motorradoptik bei gleichzeitig h\u00f6chster Funktionalit\u00e4t.Der aus dem Rennsport abgeleitete Rizoma-\u00d6ldeckel ist mit einem lockerungsfreien Sicherheitsverschluss. Er ist zur G\u00e4nze aus Aluminium gearbeitet und bietet durch die eloxierte Oberfl\u00e4che eine hervorragende Qualit\u00e4t und Langlebigkeit.<\/p>\n","protected":false},"featured_media":309626,"template":"","meta":{"_acf_changed":false},"rizoma_assembly_time":[42664],"rizoma_bike":[42516,43912,42288,43892,42498,43707,42591,43987,43988,43989,43990,43991,43394,42604,42605,42606,44444,44445,41840,41980,42345,43913,41621,41761,41881,41983,42167,42302,42574,43701,41894,41986,42236,42607],"rizoma_division":[42652],"rizoma_family":[],"rizoma_model_category":[],"rizoma_product_template":[],"product_brand":[],"product_cat":[42899],"product_tag":[],"class_list":{"0":"post-317816","1":"product","2":"type-product","3":"status-publish","4":"has-post-thumbnail","6":"rizoma_bike-m-1000-r-2023-24","7":"rizoma_bike-m-1000-r-2025-26","8":"rizoma_bike-m-1000-rr-2023-24","9":"rizoma_bike-m-1000-rr-2025-26","10":"rizoma_bike-m-1000-rr-50-years-m-2022","11":"rizoma_bike-m-1000-xr-2024-26","12":"rizoma_bike-r-1300-gs-2023-26","13":"rizoma_bike-r-1300-gs-adventure-2025-26","14":"rizoma_bike-r-1300-gs-adventure-asa-2025-26","15":"rizoma_bike-r-1300-gs-adventure-option-719-karakorum-2025-26","16":"rizoma_bike-r-1300-gs-adventure-triple-black-2025-26","17":"rizoma_bike-r-1300-gs-adventure-trophy-2025-26","18":"rizoma_bike-r-1300-gs-asa-2024-26","19":"rizoma_bike-r-1300-gs-option-719-tramuntana-2023-26","20":"rizoma_bike-r-1300-gs-triple-black-2023-26","21":"rizoma_bike-r-1300-gs-trophy-2023-26","22":"rizoma_bike-r-1300-r-2026","23":"rizoma_bike-r-1300-rs-2026","24":"rizoma_bike-s-1000-r-2014-16","25":"rizoma_bike-s-1000-r-2017-20","26":"rizoma_bike-s-1000-r-2021-24","27":"rizoma_bike-s-1000-r-2025-26","28":"rizoma_bike-s-1000-rr-2009-12","29":"rizoma_bike-s-1000-rr-2012-14","30":"rizoma_bike-s-1000-rr-2015-16","31":"rizoma_bike-s-1000-rr-2017-18","32":"rizoma_bike-s-1000-rr-2019-20","33":"rizoma_bike-s-1000-rr-2021-22","34":"rizoma_bike-s-1000-rr-2023-24","35":"rizoma_bike-s-1000-rr-2025-26","36":"rizoma_bike-s-1000-xr-2015-16","37":"rizoma_bike-s-1000-xr-2017-19","38":"rizoma_bike-s-1000-xr-2020-23","39":"rizoma_bike-s-1000-xr-2024-26","40":"product_cat-oldeckel","42":"first","43":"instock","44":"taxable","45":"shipping-taxable","46":"purchasable","47":"product-type-variable"},"acf":[],"_links":{"self":[{"href":"https:\/\/cycle.rizoma.com\/de\/wp-json\/wp\/v2\/product\/317816","targetHints":{"allow":["GET"]}}],"collection":[{"href":"https:\/\/cycle.rizoma.com\/de\/wp-json\/wp\/v2\/product"}],"about":[{"href":"https:\/\/cycle.rizoma.com\/de\/wp-json\/wp\/v2\/types\/product"}],"wp:featuredmedia":[{"embeddable":true,"href":"https:\/\/cycle.rizoma.com\/de\/wp-json\/wp\/v2\/media\/309626"}],"wp:attachment":[{"href":"https:\/\/cycle.rizoma.com\/de\/wp-json\/wp\/v2\/media?parent=317816"}],"wp:term":[{"taxonomy":"rizoma_assembly_time","embeddable":true,"href":"https:\/\/cycle.rizoma.com\/de\/wp-json\/wp\/v2\/rizoma_assembly_time?post=317816"},{"taxonomy":"rizoma_bike","embeddable":true,"href":"https:\/\/cycle.rizoma.com\/de\/wp-json\/wp\/v2\/rizoma_bike?post=317816"},{"taxonomy":"rizoma_division","embeddable":true,"href":"https:\/\/cycle.rizoma.com\/de\/wp-json\/wp\/v2\/rizoma_division?post=317816"},{"taxonomy":"rizoma_family","embeddable":true,"href":"https:\/\/cycle.rizoma.com\/de\/wp-json\/wp\/v2\/rizoma_family?post=317816"},{"taxonomy":"rizoma_model_category","embeddable":true,"href":"https:\/\/cycle.rizoma.com\/de\/wp-json\/wp\/v2\/rizoma_model_category?post=317816"},{"taxonomy":"rizoma_product_template","embeddable":true,"href":"https:\/\/cycle.rizoma.com\/de\/wp-json\/wp\/v2\/rizoma_product_template?post=317816"},{"taxonomy":"product_brand","embeddable":true,"href":"https:\/\/cycle.rizoma.com\/de\/wp-json\/wp\/v2\/product_brand?post=317816"},{"taxonomy":"product_cat","embeddable":true,"href":"https:\/\/cycle.rizoma.com\/de\/wp-json\/wp\/v2\/product_cat?post=317816"},{"taxonomy":"product_tag","embeddable":true,"href":"https:\/\/cycle.rizoma.com\/de\/wp-json\/wp\/v2\/product_tag?post=317816"}],"curies":[{"name":"wp","href":"https:\/\/api.w.org\/{rel}","templated":true}]}}