{"id":318303,"date":"2024-11-21T17:47:37","date_gmt":"2024-11-21T16:47:37","guid":{"rendered":"https:\/\/rwp.rizoma.com\/negozio\/tankdeckel-street-tf010\/"},"modified":"2026-01-08T16:00:23","modified_gmt":"2026-01-08T15:00:23","slug":"tankdeckel-street-tf010","status":"publish","type":"product","link":"https:\/\/cycle.rizoma.com\/de\/negozio\/tankdeckel\/TF010\/tankdeckel-street-tf010\/","title":{"rendered":"Tankdeckel Street"},"content":{"rendered":"<p>Der zur G\u00e4nze aus dem Vollen gearbeitete Rizoma-Tankdeckel aus Aluminium vereint Design, Technik, hochwertige Materialien und Sicherheit. Das spezielle Key Lock System erh\u00f6ht die Manipulationssicherheit bei gleichzeitig einfacher Montage und Benutzerfreundlichkeit. Das zweifarbige eloxierte Oberfl\u00e4chen-Finish sorgt dar\u00fcber hinaus f\u00fcr eine langlebigere Optik.<\/p>\n","protected":false},"excerpt":{"rendered":"<p>Der zur G\u00e4nze aus dem Vollen gearbeitete Rizoma-Tankdeckel aus Aluminium vereint Design, Technik, hochwertige Materialien und Sicherheit. Das spezielle Key Lock System erh\u00f6ht die Manipulationssicherheit bei gleichzeitig einfacher Montage und Benutzerfreundlichkeit. Das zweifarbige eloxierte Oberfl\u00e4chen-Finish sorgt dar\u00fcber hinaus f\u00fcr eine langlebigere Optik.<\/p>\n","protected":false},"featured_media":294432,"template":"","meta":{"_acf_changed":false},"rizoma_assembly_time":[42664],"rizoma_bike":[41745,41760,41787,41750,41783,41759,41683,41684,41685,41934,41984,41786,42048,42126,42117,42129,41954,41688,41791,42042,41773,41528,42051,41784,41846,42001,43993,41869,41530,41785,41788,41531,41800,41803,42083,42366,42504,42478,42104,42257,42258,42370,42505],"rizoma_division":[42652],"rizoma_family":[],"rizoma_model_category":[],"rizoma_product_template":[],"product_brand":[],"product_cat":[43035],"product_tag":[],"class_list":{"0":"post-318303","1":"product","2":"type-product","3":"status-publish","4":"has-post-thumbnail","6":"rizoma_bike-er-6f-2009-11","7":"rizoma_bike-er-6f-2012-13","8":"rizoma_bike-er-6f-abs-2012-16","9":"rizoma_bike-er-6n-2009-11","10":"rizoma_bike-er-6n-2012-13","11":"rizoma_bike-er-6n-abs-2012-16","12":"rizoma_bike-ninja-1000-zx-10r-2008-09","13":"rizoma_bike-ninja-1000-zx-10r-2010-11","14":"rizoma_bike-ninja-1000-zx-10r-2011-15","15":"rizoma_bike-ninja-1000-zx-10r-2016","16":"rizoma_bike-ninja-1000-zx-10r-2017-18","17":"rizoma_bike-ninja-1000-zx-10r-abs-2011-15","18":"rizoma_bike-ninja-1000-zx-10r-krt-replica-2017-18","19":"rizoma_bike-ninja-1000-zx-10r-krt-replica-2019-20","20":"rizoma_bike-ninja-1000-zx-10r-se-2018","21":"rizoma_bike-ninja-1000-zx-10r-se-2019-20","22":"rizoma_bike-ninja-1000-zx-10r-winter-edition-2016","23":"rizoma_bike-ninja-600-zx-6r-2009-16","24":"rizoma_bike-ninja-636-zx-6r-2013","25":"rizoma_bike-versys-1000-2017-18","26":"rizoma_bike-versys-1000-abs-2011-14","27":"rizoma_bike-z-1000-2010-13","28":"rizoma_bike-z-1000-2017-20","29":"rizoma_bike-z-1000-abs-2010-13","30":"rizoma_bike-z-1000-abs-2014-16","31":"rizoma_bike-z-1000-r-2017-20","32":"rizoma_bike-z-1000-sx-abs-2011-13","33":"rizoma_bike-z-1000-sx-abs-2014-16","34":"rizoma_bike-z-750-2007-14","35":"rizoma_bike-z-750-abs-2007-14","36":"rizoma_bike-z-750-r-2011-14","37":"rizoma_bike-z-750-r-abs-2011-12","38":"rizoma_bike-z-800-2012-13","39":"rizoma_bike-z-800-abs-2012-16","40":"rizoma_bike-z-900-rs-2018-20","41":"rizoma_bike-z-900-rs-2021","42":"rizoma_bike-z-900-rs-2022-25","43":"rizoma_bike-z-900-rs-50th-anniversary-2022","44":"rizoma_bike-z-900-rs-cafe-2018-21","45":"rizoma_bike-z-900-rs-cafe-performance-2020-21","46":"rizoma_bike-z-900-rs-performance-2020","47":"rizoma_bike-z-900-rs-performance-2021-22","48":"rizoma_bike-z-900-rs-se-2022-25","49":"product_cat-tankdeckel","51":"first","52":"instock","53":"taxable","54":"shipping-taxable","55":"purchasable","56":"product-type-variable"},"acf":[],"_links":{"self":[{"href":"https:\/\/cycle.rizoma.com\/de\/wp-json\/wp\/v2\/product\/318303","targetHints":{"allow":["GET"]}}],"collection":[{"href":"https:\/\/cycle.rizoma.com\/de\/wp-json\/wp\/v2\/product"}],"about":[{"href":"https:\/\/cycle.rizoma.com\/de\/wp-json\/wp\/v2\/types\/product"}],"wp:featuredmedia":[{"embeddable":true,"href":"https:\/\/cycle.rizoma.com\/de\/wp-json\/wp\/v2\/media\/294432"}],"wp:attachment":[{"href":"https:\/\/cycle.rizoma.com\/de\/wp-json\/wp\/v2\/media?parent=318303"}],"wp:term":[{"taxonomy":"rizoma_assembly_time","embeddable":true,"href":"https:\/\/cycle.rizoma.com\/de\/wp-json\/wp\/v2\/rizoma_assembly_time?post=318303"},{"taxonomy":"rizoma_bike","embeddable":true,"href":"https:\/\/cycle.rizoma.com\/de\/wp-json\/wp\/v2\/rizoma_bike?post=318303"},{"taxonomy":"rizoma_division","embeddable":true,"href":"https:\/\/cycle.rizoma.com\/de\/wp-json\/wp\/v2\/rizoma_division?post=318303"},{"taxonomy":"rizoma_family","embeddable":true,"href":"https:\/\/cycle.rizoma.com\/de\/wp-json\/wp\/v2\/rizoma_family?post=318303"},{"taxonomy":"rizoma_model_category","embeddable":true,"href":"https:\/\/cycle.rizoma.com\/de\/wp-json\/wp\/v2\/rizoma_model_category?post=318303"},{"taxonomy":"rizoma_product_template","embeddable":true,"href":"https:\/\/cycle.rizoma.com\/de\/wp-json\/wp\/v2\/rizoma_product_template?post=318303"},{"taxonomy":"product_brand","embeddable":true,"href":"https:\/\/cycle.rizoma.com\/de\/wp-json\/wp\/v2\/product_brand?post=318303"},{"taxonomy":"product_cat","embeddable":true,"href":"https:\/\/cycle.rizoma.com\/de\/wp-json\/wp\/v2\/product_cat?post=318303"},{"taxonomy":"product_tag","embeddable":true,"href":"https:\/\/cycle.rizoma.com\/de\/wp-json\/wp\/v2\/product_tag?post=318303"}],"curies":[{"name":"wp","href":"https:\/\/api.w.org\/{rel}","templated":true}]}}