{"id":318383,"date":"2024-11-21T17:49:29","date_gmt":"2024-11-21T16:49:29","guid":{"rendered":"https:\/\/rwp.rizoma.com\/negozio\/lenkererhohung-az403\/"},"modified":"2025-11-05T11:45:53","modified_gmt":"2025-11-05T10:45:53","slug":"lenkererhohung-az403","status":"publish","type":"product","link":"https:\/\/cycle.rizoma.com\/de\/negozio\/lenker-kit\/AZ403\/lenkererhohung-az403\/","title":{"rendered":"Lenkererh\u00f6hung"},"content":{"rendered":"<p>Die aus Aluminium gearbeiteten und anschlie\u00dfend eloxierten Rizoma-Klemmb\u00f6cke zeichnen sich durch ein einfaches und elegantes Design aus und stellen das wesentliche Verbindungselement zwischen Motorrad und Lenker dar. F\u00fcr eine optimale Fahrposition in verschiedenen Gr\u00f6\u00dfen erh\u00e4ltlich. Mit T\u00dcV-Zertifizierung.<\/p>\n","protected":false},"excerpt":{"rendered":"<p>Die aus Aluminium gearbeiteten und anschlie\u00dfend eloxierten Rizoma-Klemmb\u00f6cke zeichnen sich durch ein einfaches und elegantes Design aus und stellen das wesentliche Verbindungselement zwischen Motorrad und Lenker dar. F\u00fcr eine optimale Fahrposition in verschiedenen Gr\u00f6\u00dfen erh\u00e4ltlich. Mit T\u00dcV-Zertifizierung.<\/p>\n","protected":false},"featured_media":296987,"template":"","meta":{"_acf_changed":false},"rizoma_assembly_time":[42664],"rizoma_bike":[41820,41810,41533,41532,41534,41925,42030,41926,41957,42097,42098,42187,42175,42188,42176,42031,41966,41927,42185,42032,42186,42050,41827,41762,41828,41847,41801,41829,41950,41848,41351,41352,42442,42637,42592,41745,41760,41787,41750,41577,41437,42019,41956,43998,41732,41733,43999,42608,42609,41735,41804,41805,41951,41952,41795,42057,42610,42611,42640,41421,41422,42593,43389,42144,42149,42389,42594,44381,42268,42553,42412,43393,41736,41737,41738,41739,41740,41741,41563,41390,41391,41392,41393,41394,41395,41396,41397,41398,41399,41400,41401,42164,42282,44421,42026,42114,42122,42105,42106,42012,42013,42168,42189,42241,44423,44428,44427,41778,42359,44426,42360,44430,44424,41402,41403,41404,41405,41406,41584,41917,42457,44458,44460,44459,42104,42257],"rizoma_division":[42652],"rizoma_family":[42657],"rizoma_model_category":[],"rizoma_product_template":[],"product_brand":[],"product_cat":[42662],"product_tag":[],"class_list":{"0":"post-318383","1":"product","2":"type-product","3":"status-publish","4":"has-post-thumbnail","6":"rizoma_bike-125-duke-abs-2013-16","7":"rizoma_bike-390-duke-abs-2012-16","8":"rizoma_bike-990-super-duke-2005-07","9":"rizoma_bike-990-super-duke-2007-11","10":"rizoma_bike-990-super-duke-r-2009-11","11":"rizoma_bike-africa-twin-crf-1000l-2016-17","12":"rizoma_bike-africa-twin-crf-1000l-2018-19","13":"rizoma_bike-africa-twin-crf-1000l-abs-2016-17","14":"rizoma_bike-africa-twin-crf-1000l-abs-travel-edition-2016-17","15":"rizoma_bike-africa-twin-crf-1000l-adventure-sports-2018-19","16":"rizoma_bike-africa-twin-crf-1000l-adventure-sports-dct-2018-19","17":"rizoma_bike-africa-twin-crf-1000l-adventure-sports-dct-desert-track-2019","18":"rizoma_bike-africa-twin-crf-1000l-adventure-sports-dct-travel-edition-2019","19":"rizoma_bike-africa-twin-crf-1000l-adventure-sports-desert-track-2019","20":"rizoma_bike-africa-twin-crf-1000l-adventure-sports-travel-edition-2019","21":"rizoma_bike-africa-twin-crf-1000l-dct-2018-19","22":"rizoma_bike-africa-twin-crf-1000l-dct-abs-2016-17","23":"rizoma_bike-africa-twin-crf-1000l-dct-abs-travel-edition-2016-17","24":"rizoma_bike-africa-twin-crf-1000l-dct-desert-track-2019-20","25":"rizoma_bike-africa-twin-crf-1000l-dct-travel-edition-2018-19","26":"rizoma_bike-africa-twin-crf-1000l-desert-track-2019-20","27":"rizoma_bike-africa-twin-crf-1000l-travel-edition-2018-19","28":"rizoma_bike-brutale-1090-rr-abs-2009-19","29":"rizoma_bike-brutale-675-2011-15","30":"rizoma_bike-brutale-675-eas-2011-14","31":"rizoma_bike-brutale-675-eas-abs-2011-16","32":"rizoma_bike-brutale-800-2012-15","33":"rizoma_bike-brutale-800-eas-2012-14","34":"rizoma_bike-brutale-800-eas-2015","35":"rizoma_bike-brutale-800-eas-abs-2012-15","36":"rizoma_bike-cr-125-2006","37":"rizoma_bike-cr-125-2007","38":"rizoma_bike-desertx-2022-25","39":"rizoma_bike-desertx-discovery-2025","40":"rizoma_bike-desertx-rally-2024-25","41":"rizoma_bike-er-6f-2009-11","42":"rizoma_bike-er-6f-2012-13","43":"rizoma_bike-er-6f-abs-2012-16","44":"rizoma_bike-er-6n-2009-11","45":"rizoma_bike-fz1-fazer-2006-16","46":"rizoma_bike-fzs-1000-fazer-1","47":"rizoma_bike-g-310-gs-2017-20","48":"rizoma_bike-g-310-r-2016-20","49":"rizoma_bike-hypermotard-1100-2007-09","50":"rizoma_bike-hypermotard-1100-evo-2010-12","51":"rizoma_bike-hypermotard-1100-evo-sp-2010-12","52":"rizoma_bike-hypermotard-1100-s-2007-09","53":"rizoma_bike-hypermotard-698-mono-2024-26","54":"rizoma_bike-hypermotard-698-mono-rve-2024-26","55":"rizoma_bike-hypermotard-796-2012","56":"rizoma_bike-hypermotard-821-2013-15","57":"rizoma_bike-hypermotard-821-sp-2013-15","58":"rizoma_bike-hypermotard-939-2016-18","59":"rizoma_bike-hypermotard-939-sp-2016-18","60":"rizoma_bike-hyperstrada-821-2013-15","61":"rizoma_bike-hyperstrada-939-2016-18","62":"rizoma_bike-mt-09-2024-26","63":"rizoma_bike-mt-09-sp-2024-26","64":"rizoma_bike-mt-09-y-amt-2024-26","65":"rizoma_bike-multistrada-1000-ds-2003-06","66":"rizoma_bike-multistrada-1000-s-ds-2003-06","67":"rizoma_bike-scrambler-1200-x-2024-26","68":"rizoma_bike-scrambler-1200-x-icon-edition-2025-26","69":"rizoma_bike-scrambler-1200-xc-2019-20","70":"rizoma_bike-scrambler-1200-xe-2019-20","71":"rizoma_bike-scrambler-1200-xe-2021-23","72":"rizoma_bike-scrambler-1200-xe-2024-25","73":"rizoma_bike-scrambler-1200-xe-2026","74":"rizoma_bike-scrambler-1200-xe-bond-edition-2020","75":"rizoma_bike-scrambler-1200-xe-chrome-edition-2023","76":"rizoma_bike-scrambler-1200-xe-gold-line-edition-2021-22","77":"rizoma_bike-scrambler-1200-xe-icon-edition-2025-26","78":"rizoma_bike-sm-450-r-2006","79":"rizoma_bike-sm-450-r-2007","80":"rizoma_bike-sm-510-r-2005","81":"rizoma_bike-sm-510-r-2006","82":"rizoma_bike-sm-510-r-2007","83":"rizoma_bike-smr-450-2003-04","84":"rizoma_bike-sv-1000-1","85":"rizoma_bike-te-250-2002-04","86":"rizoma_bike-te-250-2005","87":"rizoma_bike-te-250-2006","88":"rizoma_bike-te-250-2007","89":"rizoma_bike-te-450-2003-04","90":"rizoma_bike-te-450-2005","91":"rizoma_bike-te-450-2006","92":"rizoma_bike-te-450-2007","93":"rizoma_bike-te-510-2003-04","94":"rizoma_bike-te-510-2005","95":"rizoma_bike-te-510-2006","96":"rizoma_bike-te-510-2007","97":"rizoma_bike-tenere-700-2019-20","98":"rizoma_bike-tenere-700-rally-edition-2020","99":"rizoma_bike-v7-850-stone-special-abs-2021","100":"rizoma_bike-v7-iii-anniversario-2017-18","101":"rizoma_bike-v7-iii-carbon-2018-20","102":"rizoma_bike-v7-iii-limited-2018","103":"rizoma_bike-v7-iii-milano-2018-20","104":"rizoma_bike-v7-iii-rough-2018-20","105":"rizoma_bike-v7-iii-special-2017-20","106":"rizoma_bike-v7-iii-stone-2017-20","107":"rizoma_bike-v7-iii-stone-2019","108":"rizoma_bike-v7-iii-stone-night-pack-2019-20","109":"rizoma_bike-v7-iii-stone-s-2020","110":"rizoma_bike-v7-special-2021-24","111":"rizoma_bike-v7-special-2025-26","112":"rizoma_bike-v7-sport-2025-26","113":"rizoma_bike-v7-stone-2012-15","114":"rizoma_bike-v7-stone-2021-24","115":"rizoma_bike-v7-stone-2025-26","116":"rizoma_bike-v7-stone-centenario-2021-22","117":"rizoma_bike-v7-stone-special-edition-2022-25","118":"rizoma_bike-v7-stone-ten-2024-25","119":"rizoma_bike-wr-125-2002-04","120":"rizoma_bike-wr-125-2005","121":"rizoma_bike-wr-125-2006","122":"rizoma_bike-wr-125-2007","123":"rizoma_bike-wr-125-2008","124":"rizoma_bike-xj6-2008-15","125":"rizoma_bike-xjr-1300-2015-17","126":"rizoma_bike-xsr-900-2022-24","127":"rizoma_bike-z-650-rs-2022-24","128":"rizoma_bike-z-650-rs-2025-26","129":"rizoma_bike-z-650-rs-50th-anniversary-2022","130":"rizoma_bike-z-900-rs-cafe-2018-21","131":"rizoma_bike-z-900-rs-cafe-performance-2020-21","132":"product_cat-lenker-kit","134":"first","135":"instock","136":"taxable","137":"shipping-taxable","138":"purchasable","139":"product-type-variable"},"acf":[],"_links":{"self":[{"href":"https:\/\/cycle.rizoma.com\/de\/wp-json\/wp\/v2\/product\/318383","targetHints":{"allow":["GET"]}}],"collection":[{"href":"https:\/\/cycle.rizoma.com\/de\/wp-json\/wp\/v2\/product"}],"about":[{"href":"https:\/\/cycle.rizoma.com\/de\/wp-json\/wp\/v2\/types\/product"}],"wp:featuredmedia":[{"embeddable":true,"href":"https:\/\/cycle.rizoma.com\/de\/wp-json\/wp\/v2\/media\/296987"}],"wp:attachment":[{"href":"https:\/\/cycle.rizoma.com\/de\/wp-json\/wp\/v2\/media?parent=318383"}],"wp:term":[{"taxonomy":"rizoma_assembly_time","embeddable":true,"href":"https:\/\/cycle.rizoma.com\/de\/wp-json\/wp\/v2\/rizoma_assembly_time?post=318383"},{"taxonomy":"rizoma_bike","embeddable":true,"href":"https:\/\/cycle.rizoma.com\/de\/wp-json\/wp\/v2\/rizoma_bike?post=318383"},{"taxonomy":"rizoma_division","embeddable":true,"href":"https:\/\/cycle.rizoma.com\/de\/wp-json\/wp\/v2\/rizoma_division?post=318383"},{"taxonomy":"rizoma_family","embeddable":true,"href":"https:\/\/cycle.rizoma.com\/de\/wp-json\/wp\/v2\/rizoma_family?post=318383"},{"taxonomy":"rizoma_model_category","embeddable":true,"href":"https:\/\/cycle.rizoma.com\/de\/wp-json\/wp\/v2\/rizoma_model_category?post=318383"},{"taxonomy":"rizoma_product_template","embeddable":true,"href":"https:\/\/cycle.rizoma.com\/de\/wp-json\/wp\/v2\/rizoma_product_template?post=318383"},{"taxonomy":"product_brand","embeddable":true,"href":"https:\/\/cycle.rizoma.com\/de\/wp-json\/wp\/v2\/product_brand?post=318383"},{"taxonomy":"product_cat","embeddable":true,"href":"https:\/\/cycle.rizoma.com\/de\/wp-json\/wp\/v2\/product_cat?post=318383"},{"taxonomy":"product_tag","embeddable":true,"href":"https:\/\/cycle.rizoma.com\/de\/wp-json\/wp\/v2\/product_tag?post=318383"}],"curies":[{"name":"wp","href":"https:\/\/api.w.org\/{rel}","templated":true}]}}