{"id":318433,"date":"2024-11-21T17:50:44","date_gmt":"2024-11-21T16:50:44","guid":{"rendered":"https:\/\/rwp.rizoma.com\/negozio\/lenker-klemmbocke-erhoht-zbw111\/"},"modified":"2025-01-14T13:11:07","modified_gmt":"2025-01-14T12:11:07","slug":"lenker-klemmbocke-erhoht-zbw111","status":"publish","type":"product","link":"https:\/\/cycle.rizoma.com\/de\/negozio\/mehr-fur-ihre-bmw\/ZBW111\/lenker-klemmbocke-erhoht-zbw111\/","title":{"rendered":"Lenker-Klemmb\u00f6cke erh\u00f6ht"},"content":{"rendered":"<p>Die Klemmb\u00f6cke \u201cRiser\u201d von Rizoma sind speziell f\u00fcr die BMW f\u00fcr den Stra\u00dfen- und den Offroad-Einsatz entwickelt worden. Diese Riser, sind aus hochwertigem Billet-Aluminium gefertigt.<br \/>F\u00fcr eine verbesserte ergonomische Fahrerhaltung und bessere Bike-Kontrolle im Sitzen und Stehen. Die Riser haben eine Erh\u00f6hung von 25 mm zum OEM-Lenker.<\/p>\n","protected":false},"excerpt":{"rendered":"<p>Die Klemmb\u00f6cke \u201cRiser\u201d von Rizoma sind speziell f\u00fcr die BMW f\u00fcr den Stra\u00dfen- und den Offroad-Einsatz entwickelt worden. Diese Riser, sind aus hochwertigem Billet-Aluminium gefertigt.F\u00fcr eine verbesserte ergonomische Fahrerhaltung und bessere Bike-Kontrolle im Sitzen und Stehen. Die Riser haben eine Erh\u00f6hung von 25 mm zum OEM-Lenker.<\/p>\n","protected":false},"featured_media":304846,"template":"","meta":{"_acf_changed":false},"rizoma_assembly_time":[42691],"rizoma_bike":[42591,43987,43988,43989,43990,43991,43394,42604,42605,42606],"rizoma_division":[42652],"rizoma_family":[],"rizoma_model_category":[],"rizoma_product_template":[],"product_brand":[],"product_cat":[42782],"product_tag":[],"class_list":{"0":"post-318433","1":"product","2":"type-product","3":"status-publish","4":"has-post-thumbnail","6":"rizoma_bike-r-1300-gs-2023-26","7":"rizoma_bike-r-1300-gs-adventure-2025-26","8":"rizoma_bike-r-1300-gs-adventure-asa-2025-26","9":"rizoma_bike-r-1300-gs-adventure-option-719-karakorum-2025-26","10":"rizoma_bike-r-1300-gs-adventure-triple-black-2025-26","11":"rizoma_bike-r-1300-gs-adventure-trophy-2025-26","12":"rizoma_bike-r-1300-gs-asa-2024-26","13":"rizoma_bike-r-1300-gs-option-719-tramuntana-2023-26","14":"rizoma_bike-r-1300-gs-triple-black-2023-26","15":"rizoma_bike-r-1300-gs-trophy-2023-26","16":"product_cat-mehr-fur-ihre-bmw","18":"first","19":"instock","20":"sale","21":"taxable","22":"shipping-taxable","23":"purchasable","24":"product-type-variable"},"acf":[],"_links":{"self":[{"href":"https:\/\/cycle.rizoma.com\/de\/wp-json\/wp\/v2\/product\/318433","targetHints":{"allow":["GET"]}}],"collection":[{"href":"https:\/\/cycle.rizoma.com\/de\/wp-json\/wp\/v2\/product"}],"about":[{"href":"https:\/\/cycle.rizoma.com\/de\/wp-json\/wp\/v2\/types\/product"}],"wp:featuredmedia":[{"embeddable":true,"href":"https:\/\/cycle.rizoma.com\/de\/wp-json\/wp\/v2\/media\/304846"}],"wp:attachment":[{"href":"https:\/\/cycle.rizoma.com\/de\/wp-json\/wp\/v2\/media?parent=318433"}],"wp:term":[{"taxonomy":"rizoma_assembly_time","embeddable":true,"href":"https:\/\/cycle.rizoma.com\/de\/wp-json\/wp\/v2\/rizoma_assembly_time?post=318433"},{"taxonomy":"rizoma_bike","embeddable":true,"href":"https:\/\/cycle.rizoma.com\/de\/wp-json\/wp\/v2\/rizoma_bike?post=318433"},{"taxonomy":"rizoma_division","embeddable":true,"href":"https:\/\/cycle.rizoma.com\/de\/wp-json\/wp\/v2\/rizoma_division?post=318433"},{"taxonomy":"rizoma_family","embeddable":true,"href":"https:\/\/cycle.rizoma.com\/de\/wp-json\/wp\/v2\/rizoma_family?post=318433"},{"taxonomy":"rizoma_model_category","embeddable":true,"href":"https:\/\/cycle.rizoma.com\/de\/wp-json\/wp\/v2\/rizoma_model_category?post=318433"},{"taxonomy":"rizoma_product_template","embeddable":true,"href":"https:\/\/cycle.rizoma.com\/de\/wp-json\/wp\/v2\/rizoma_product_template?post=318433"},{"taxonomy":"product_brand","embeddable":true,"href":"https:\/\/cycle.rizoma.com\/de\/wp-json\/wp\/v2\/product_brand?post=318433"},{"taxonomy":"product_cat","embeddable":true,"href":"https:\/\/cycle.rizoma.com\/de\/wp-json\/wp\/v2\/product_cat?post=318433"},{"taxonomy":"product_tag","embeddable":true,"href":"https:\/\/cycle.rizoma.com\/de\/wp-json\/wp\/v2\/product_tag?post=318433"}],"curies":[{"name":"wp","href":"https:\/\/api.w.org\/{rel}","templated":true}]}}