{"id":318448,"date":"2024-11-21T17:51:06","date_gmt":"2024-11-21T16:51:06","guid":{"rendered":"https:\/\/rwp.rizoma.com\/negozio\/ausgleichsbehalterdeckel-kupplung-tp057\/"},"modified":"2025-11-07T10:15:46","modified_gmt":"2025-11-07T09:15:46","slug":"ausgleichsbehalterdeckel-kupplung-tp057","status":"publish","type":"product","link":"https:\/\/cycle.rizoma.com\/de\/negozio\/ausgleichsbehalter\/TP057\/ausgleichsbehalterdeckel-kupplung-tp057\/","title":{"rendered":"Ausgleichsbeh\u00e4lterdeckel Kupplung"},"content":{"rendered":"<p>Das bis ins kleinste Detail durchdachte Design der aus dem Vollen gearbeiteten Rizoma-Kupplungsausgleichsbeh\u00e4lterdeckel aus reinem Aluminium rundet das Bild Ihrer BMW perfekt ab. Die eloxierte Oberfl\u00e4che sorgt dar\u00fcber hinaus f\u00fcr eine langlebige Optik.<\/p>\n","protected":false},"excerpt":{"rendered":"<p>Das bis ins kleinste Detail durchdachte Design der aus dem Vollen gearbeiteten Rizoma-Kupplungsausgleichsbeh\u00e4lterdeckel aus reinem Aluminium rundet das Bild Ihrer BMW perfekt ab. Die eloxierte Oberfl\u00e4che sorgt dar\u00fcber hinaus f\u00fcr eine langlebige Optik.<\/p>\n","protected":false},"featured_media":312871,"template":"","meta":{"_acf_changed":false},"rizoma_assembly_time":[42753],"rizoma_bike":[42591,43987,43989,43990,43991,42604,42605,42606,44444,44445],"rizoma_division":[42652],"rizoma_family":[42818],"rizoma_model_category":[],"rizoma_product_template":[],"product_brand":[],"product_cat":[42689],"product_tag":[],"class_list":{"0":"post-318448","1":"product","2":"type-product","3":"status-publish","4":"has-post-thumbnail","6":"rizoma_bike-r-1300-gs-2023-26","7":"rizoma_bike-r-1300-gs-adventure-2025-26","8":"rizoma_bike-r-1300-gs-adventure-option-719-karakorum-2025-26","9":"rizoma_bike-r-1300-gs-adventure-triple-black-2025-26","10":"rizoma_bike-r-1300-gs-adventure-trophy-2025-26","11":"rizoma_bike-r-1300-gs-option-719-tramuntana-2023-26","12":"rizoma_bike-r-1300-gs-triple-black-2023-26","13":"rizoma_bike-r-1300-gs-trophy-2023-26","14":"rizoma_bike-r-1300-r-2026","15":"rizoma_bike-r-1300-rs-2026","16":"product_cat-ausgleichsbehalter","18":"first","19":"instock","20":"taxable","21":"shipping-taxable","22":"purchasable","23":"product-type-variable"},"acf":[],"_links":{"self":[{"href":"https:\/\/cycle.rizoma.com\/de\/wp-json\/wp\/v2\/product\/318448","targetHints":{"allow":["GET"]}}],"collection":[{"href":"https:\/\/cycle.rizoma.com\/de\/wp-json\/wp\/v2\/product"}],"about":[{"href":"https:\/\/cycle.rizoma.com\/de\/wp-json\/wp\/v2\/types\/product"}],"wp:featuredmedia":[{"embeddable":true,"href":"https:\/\/cycle.rizoma.com\/de\/wp-json\/wp\/v2\/media\/312871"}],"wp:attachment":[{"href":"https:\/\/cycle.rizoma.com\/de\/wp-json\/wp\/v2\/media?parent=318448"}],"wp:term":[{"taxonomy":"rizoma_assembly_time","embeddable":true,"href":"https:\/\/cycle.rizoma.com\/de\/wp-json\/wp\/v2\/rizoma_assembly_time?post=318448"},{"taxonomy":"rizoma_bike","embeddable":true,"href":"https:\/\/cycle.rizoma.com\/de\/wp-json\/wp\/v2\/rizoma_bike?post=318448"},{"taxonomy":"rizoma_division","embeddable":true,"href":"https:\/\/cycle.rizoma.com\/de\/wp-json\/wp\/v2\/rizoma_division?post=318448"},{"taxonomy":"rizoma_family","embeddable":true,"href":"https:\/\/cycle.rizoma.com\/de\/wp-json\/wp\/v2\/rizoma_family?post=318448"},{"taxonomy":"rizoma_model_category","embeddable":true,"href":"https:\/\/cycle.rizoma.com\/de\/wp-json\/wp\/v2\/rizoma_model_category?post=318448"},{"taxonomy":"rizoma_product_template","embeddable":true,"href":"https:\/\/cycle.rizoma.com\/de\/wp-json\/wp\/v2\/rizoma_product_template?post=318448"},{"taxonomy":"product_brand","embeddable":true,"href":"https:\/\/cycle.rizoma.com\/de\/wp-json\/wp\/v2\/product_brand?post=318448"},{"taxonomy":"product_cat","embeddable":true,"href":"https:\/\/cycle.rizoma.com\/de\/wp-json\/wp\/v2\/product_cat?post=318448"},{"taxonomy":"product_tag","embeddable":true,"href":"https:\/\/cycle.rizoma.com\/de\/wp-json\/wp\/v2\/product_tag?post=318448"}],"curies":[{"name":"wp","href":"https:\/\/api.w.org\/{rel}","templated":true}]}}