{"id":318473,"date":"2024-11-21T17:51:41","date_gmt":"2024-11-21T16:51:41","guid":{"rendered":"https:\/\/rwp.rizoma.com\/negozio\/verkabelung-fur-rizoma-blind-spot-spiegel-ee210\/"},"modified":"2026-03-16T13:17:37","modified_gmt":"2026-03-16T12:17:37","slug":"verkabelung-fur-rizoma-blind-spot-spiegel-ee210","status":"publish","type":"product","link":"https:\/\/cycle.rizoma.com\/de\/negozio\/blinker\/EE210\/verkabelung-fur-rizoma-blind-spot-spiegel-ee210\/","title":{"rendered":"Verkabelung f\u00fcr Rizoma Blind Spot spiegel"},"content":{"rendered":"<p>Die Rizoma-Verkabelung wird f\u00fcr die Montage von Blind Spot Rizoma-Spiegel ben\u00f6tigt.<br \/>Jedes Kit enth\u00e4lt 2 Verkabelungen und 4 T-Tap-Anschl\u00fcsse. F\u00fcr die Montage von 2 Spiegel sind 2 Baus\u00e4tze im Lieferumfang enthalten.<\/p>\n","protected":false},"excerpt":{"rendered":"<p>Die Rizoma-Verkabelung wird f\u00fcr die Montage von Blind Spot Rizoma-Spiegel ben\u00f6tigt.Jedes Kit enth\u00e4lt 2 Verkabelungen und 4 T-Tap-Anschl\u00fcsse. F\u00fcr die Montage von 2 Spiegel sind 2 Baus\u00e4tze im Lieferumfang enthalten.<\/p>\n","protected":false},"featured_media":309551,"template":"","meta":{"_acf_changed":false},"rizoma_assembly_time":[42753],"rizoma_bike":[42591,43987,43988,43989,43990,43991,43394,42604,42605,42606],"rizoma_division":[42652],"rizoma_family":[42859],"rizoma_model_category":[],"rizoma_product_template":[],"product_brand":[],"product_cat":[42715],"product_tag":[],"class_list":{"0":"post-318473","1":"product","2":"type-product","3":"status-publish","4":"has-post-thumbnail","6":"rizoma_bike-r-1300-gs-2023-26","7":"rizoma_bike-r-1300-gs-adventure-2025-26","8":"rizoma_bike-r-1300-gs-adventure-asa-2025-26","9":"rizoma_bike-r-1300-gs-adventure-option-719-karakorum-2025-26","10":"rizoma_bike-r-1300-gs-adventure-triple-black-2025-26","11":"rizoma_bike-r-1300-gs-adventure-trophy-2025-26","12":"rizoma_bike-r-1300-gs-asa-2024-26","13":"rizoma_bike-r-1300-gs-option-719-tramuntana-2023-26","14":"rizoma_bike-r-1300-gs-triple-black-2023-26","15":"rizoma_bike-r-1300-gs-trophy-2023-26","16":"product_cat-blinker","18":"first","19":"instock","20":"taxable","21":"shipping-taxable","22":"purchasable","23":"product-type-variable"},"acf":[],"_links":{"self":[{"href":"https:\/\/cycle.rizoma.com\/de\/wp-json\/wp\/v2\/product\/318473","targetHints":{"allow":["GET"]}}],"collection":[{"href":"https:\/\/cycle.rizoma.com\/de\/wp-json\/wp\/v2\/product"}],"about":[{"href":"https:\/\/cycle.rizoma.com\/de\/wp-json\/wp\/v2\/types\/product"}],"wp:featuredmedia":[{"embeddable":true,"href":"https:\/\/cycle.rizoma.com\/de\/wp-json\/wp\/v2\/media\/309551"}],"wp:attachment":[{"href":"https:\/\/cycle.rizoma.com\/de\/wp-json\/wp\/v2\/media?parent=318473"}],"wp:term":[{"taxonomy":"rizoma_assembly_time","embeddable":true,"href":"https:\/\/cycle.rizoma.com\/de\/wp-json\/wp\/v2\/rizoma_assembly_time?post=318473"},{"taxonomy":"rizoma_bike","embeddable":true,"href":"https:\/\/cycle.rizoma.com\/de\/wp-json\/wp\/v2\/rizoma_bike?post=318473"},{"taxonomy":"rizoma_division","embeddable":true,"href":"https:\/\/cycle.rizoma.com\/de\/wp-json\/wp\/v2\/rizoma_division?post=318473"},{"taxonomy":"rizoma_family","embeddable":true,"href":"https:\/\/cycle.rizoma.com\/de\/wp-json\/wp\/v2\/rizoma_family?post=318473"},{"taxonomy":"rizoma_model_category","embeddable":true,"href":"https:\/\/cycle.rizoma.com\/de\/wp-json\/wp\/v2\/rizoma_model_category?post=318473"},{"taxonomy":"rizoma_product_template","embeddable":true,"href":"https:\/\/cycle.rizoma.com\/de\/wp-json\/wp\/v2\/rizoma_product_template?post=318473"},{"taxonomy":"product_brand","embeddable":true,"href":"https:\/\/cycle.rizoma.com\/de\/wp-json\/wp\/v2\/product_brand?post=318473"},{"taxonomy":"product_cat","embeddable":true,"href":"https:\/\/cycle.rizoma.com\/de\/wp-json\/wp\/v2\/product_cat?post=318473"},{"taxonomy":"product_tag","embeddable":true,"href":"https:\/\/cycle.rizoma.com\/de\/wp-json\/wp\/v2\/product_tag?post=318473"}],"curies":[{"name":"wp","href":"https:\/\/api.w.org\/{rel}","templated":true}]}}