{"id":318483,"date":"2024-11-21T17:51:54","date_gmt":"2024-11-21T16:51:54","guid":{"rendered":"https:\/\/rwp.rizoma.com\/negozio\/abdeckungen-fur-oem-schrauben-der-handschutzer-zbw110\/"},"modified":"2025-08-30T15:26:12","modified_gmt":"2025-08-30T13:26:12","slug":"abdeckungen-fur-oem-schrauben-der-handschutzer-zbw110","status":"publish","type":"product","link":"https:\/\/cycle.rizoma.com\/de\/negozio\/mehr-fur-ihre-bmw\/ZBW110\/abdeckungen-fur-oem-schrauben-der-handschutzer-zbw110\/","title":{"rendered":"Abdeckungen f\u00fcr OEM Schrauben der Handsch\u00fctzer"},"content":{"rendered":"<p>Die aus eloxiertem Aluminium gefertigten Abdeckungen f\u00fcr Schrauben der Handsch\u00fctzer sind mehr als nur einfache Details, denn mit ihrer Form- und Farbvielfalt ziehen sie alle Blicke auf sich. Rizoma verleiht jedem Motorrad mit bestechenden Details einen einzigartigen Stil.<\/p>\n","protected":false},"excerpt":{"rendered":"<p>Die aus eloxiertem Aluminium gefertigten Abdeckungen f\u00fcr Schrauben der Handsch\u00fctzer sind mehr als nur einfache Details, denn mit ihrer Form- und Farbvielfalt ziehen sie alle Blicke auf sich. Rizoma verleiht jedem Motorrad mit bestechenden Details einen einzigartigen Stil.<\/p>\n","protected":false},"featured_media":313479,"template":"","meta":{"_acf_changed":false},"rizoma_assembly_time":[42664],"rizoma_bike":[41817,42096,42235,41413,41838,41971,42591,43394,42604,42605,42606,41894,41986,42607],"rizoma_division":[42652],"rizoma_family":[],"rizoma_model_category":[],"rizoma_product_template":[],"product_brand":[],"product_cat":[42782],"product_tag":[],"class_list":{"0":"post-318483","1":"product","2":"type-product","3":"status-publish","4":"has-post-thumbnail","6":"rizoma_bike-f-800-gs-adventure-2013-17","7":"rizoma_bike-f-850-gs-2018-20","8":"rizoma_bike-f-900-xr-2020-24","9":"rizoma_bike-r-1200-gs-adventure-2010-13","10":"rizoma_bike-r-1200-gs-adventure-2013-16","11":"rizoma_bike-r-1200-gs-adventure-2017-18","12":"rizoma_bike-r-1300-gs-2023-26","13":"rizoma_bike-r-1300-gs-asa-2024-26","14":"rizoma_bike-r-1300-gs-option-719-tramuntana-2023-26","15":"rizoma_bike-r-1300-gs-triple-black-2023-26","16":"rizoma_bike-r-1300-gs-trophy-2023-26","17":"rizoma_bike-s-1000-xr-2015-16","18":"rizoma_bike-s-1000-xr-2017-19","19":"rizoma_bike-s-1000-xr-2024-26","20":"product_cat-mehr-fur-ihre-bmw","22":"first","23":"instock","24":"taxable","25":"shipping-taxable","26":"purchasable","27":"product-type-variable"},"acf":[],"_links":{"self":[{"href":"https:\/\/cycle.rizoma.com\/de\/wp-json\/wp\/v2\/product\/318483","targetHints":{"allow":["GET"]}}],"collection":[{"href":"https:\/\/cycle.rizoma.com\/de\/wp-json\/wp\/v2\/product"}],"about":[{"href":"https:\/\/cycle.rizoma.com\/de\/wp-json\/wp\/v2\/types\/product"}],"wp:featuredmedia":[{"embeddable":true,"href":"https:\/\/cycle.rizoma.com\/de\/wp-json\/wp\/v2\/media\/313479"}],"wp:attachment":[{"href":"https:\/\/cycle.rizoma.com\/de\/wp-json\/wp\/v2\/media?parent=318483"}],"wp:term":[{"taxonomy":"rizoma_assembly_time","embeddable":true,"href":"https:\/\/cycle.rizoma.com\/de\/wp-json\/wp\/v2\/rizoma_assembly_time?post=318483"},{"taxonomy":"rizoma_bike","embeddable":true,"href":"https:\/\/cycle.rizoma.com\/de\/wp-json\/wp\/v2\/rizoma_bike?post=318483"},{"taxonomy":"rizoma_division","embeddable":true,"href":"https:\/\/cycle.rizoma.com\/de\/wp-json\/wp\/v2\/rizoma_division?post=318483"},{"taxonomy":"rizoma_family","embeddable":true,"href":"https:\/\/cycle.rizoma.com\/de\/wp-json\/wp\/v2\/rizoma_family?post=318483"},{"taxonomy":"rizoma_model_category","embeddable":true,"href":"https:\/\/cycle.rizoma.com\/de\/wp-json\/wp\/v2\/rizoma_model_category?post=318483"},{"taxonomy":"rizoma_product_template","embeddable":true,"href":"https:\/\/cycle.rizoma.com\/de\/wp-json\/wp\/v2\/rizoma_product_template?post=318483"},{"taxonomy":"product_brand","embeddable":true,"href":"https:\/\/cycle.rizoma.com\/de\/wp-json\/wp\/v2\/product_brand?post=318483"},{"taxonomy":"product_cat","embeddable":true,"href":"https:\/\/cycle.rizoma.com\/de\/wp-json\/wp\/v2\/product_cat?post=318483"},{"taxonomy":"product_tag","embeddable":true,"href":"https:\/\/cycle.rizoma.com\/de\/wp-json\/wp\/v2\/product_tag?post=318483"}],"curies":[{"name":"wp","href":"https:\/\/api.w.org\/{rel}","templated":true}]}}