{"id":318583,"date":"2024-11-21T17:54:13","date_gmt":"2024-11-21T16:54:13","guid":{"rendered":"https:\/\/rwp.rizoma.com\/negozio\/kupplungsschutz-zdm181\/"},"modified":"2025-12-14T13:24:05","modified_gmt":"2025-12-14T12:24:05","slug":"kupplungsschutz-zdm181","status":"publish","type":"product","link":"https:\/\/cycle.rizoma.com\/de\/negozio\/mehr-fur-ihre-ducati\/ZDM181\/kupplungsschutz-zdm181\/","title":{"rendered":"Kupplungsschutz"},"content":{"rendered":"<p>Ein Design-Meisterwerk, ein klares Bekenntnis zur Versch\u00f6nerungs-Vision von Rizoma, der ultimative Ausdruck der CNC-gefr\u00e4sten Aluminiumbearbeitung und die perfekte Kombination von Form und Funktion.<br \/>Die randlose Aluminium-Abdeckung ist mit einem hochmodernen klaren Lexan-Fenster ausgestattet, das Enthusiasten die M\u00f6glichkeit bietet, die Sch\u00f6nheit des Kupplungsdesigns zu pr\u00e4sentieren und zu bewundern.<br \/>Die internen Komponenten wurden entwickelt, um sowohl \u00e4sthetische als auch technische Exzellenz sicherzustellen.<br \/>Das Clutch Vent System, bestehend aus einer leichten Aluminium-Druckplatte und Druckring, ist speziell f\u00fcr die maximale Optimierung des Kupplungs\u00f6lkreislaufs innerhalb der Abdeckung konzipiert. Zus\u00e4tzlich hat Rizoma Titan-Schrauben f\u00fcr die Befestigung der inneren Teile ausgew\u00e4hlt, um bewegte Massen zu minimieren und die mechanische St\u00e4rke zu erh\u00f6hen.<br \/>F\u00fcr ein besseres Kauf- und Montageerlebnis wird die Kupplungsabdeckung als Kit verkauft, das alle f\u00fcr den vollst\u00e4ndigen Austausch der OEM-Komponenten erforderlichen Teile enth\u00e4lt, einschlie\u00dflich eines vormontierten Druckplattenkugellagers, und wurde f\u00fcr eine schnelle Plug-and-Play-Installation konzipiert.<br \/>Rizoma bietet die transparente Kupplungsabdeckung f\u00fcr mehr als 30 Ducati-Modelle an (ZDM179 f\u00fcr V2-Motoren und ZDM181 f\u00fcr V4-Motoren) und Fahrer k\u00f6nnen zwischen drei verschiedenen Eloxierungs-Farboptionen f\u00fcr ein erstklassiges Stilerlebnis w\u00e4hlen.<\/p>\n","protected":false},"excerpt":{"rendered":"<p>Ein Design-Meisterwerk, ein klares Bekenntnis zur Versch\u00f6nerungs-Vision von Rizoma, der ultimative Ausdruck der CNC-gefr\u00e4sten Aluminiumbearbeitung und die perfekte Kombination von Form und Funktion.Die randlose Aluminium-Abdeckung ist mit einem hochmodernen klaren Lexan-Fenster ausgestattet, das Enthusiasten die M\u00f6glichkeit bietet, die Sch\u00f6nheit des Kupplungsdesigns zu pr\u00e4sentieren und zu bewundern.Die internen Komponenten wurden entwickelt, um sowohl \u00e4sthetische als auch [&hellip;]<\/p>\n","protected":false},"featured_media":303961,"template":"","meta":{"_acf_changed":false},"rizoma_assembly_time":[42691],"rizoma_bike":[42432,43699,42101,42215,42425,42433,43700,42093,42216,42426,42162,43704,43705,42102,42527,43755,42523,43756],"rizoma_division":[42652],"rizoma_family":[],"rizoma_model_category":[],"rizoma_product_template":[],"product_brand":[],"product_cat":[42813],"product_tag":[],"class_list":{"0":"post-318583","1":"product","2":"type-product","3":"status-publish","4":"has-post-thumbnail","6":"rizoma_bike-panigale-v4-2022-24","7":"rizoma_bike-panigale-v4-2025-26","8":"rizoma_bike-panigale-v4-1100-2018-19","9":"rizoma_bike-panigale-v4-1100-2020","10":"rizoma_bike-panigale-v4-1100-2021","11":"rizoma_bike-panigale-v4-s-2022-24","12":"rizoma_bike-panigale-v4-s-2025-26","13":"rizoma_bike-panigale-v4-s-1100-2018-19","14":"rizoma_bike-panigale-v4-s-1100-2020","15":"rizoma_bike-panigale-v4-s-1100-2021","16":"rizoma_bike-panigale-v4-s-1100-corse-2019","17":"rizoma_bike-panigale-v4-s-carbon-2025-26","18":"rizoma_bike-panigale-v4-s-carbon-pro-2025-26","19":"rizoma_bike-panigale-v4-speciale-1100-2018-19","20":"rizoma_bike-streetfighter-v4-2023-24","21":"rizoma_bike-streetfighter-v4-2025-26","22":"rizoma_bike-streetfighter-v4-s-2023-24","23":"rizoma_bike-streetfighter-v4-s-2025-26","24":"product_cat-mehr-fur-ihre-ducati","26":"first","27":"instock","28":"taxable","29":"shipping-taxable","30":"purchasable","31":"product-type-variable"},"acf":[],"_links":{"self":[{"href":"https:\/\/cycle.rizoma.com\/de\/wp-json\/wp\/v2\/product\/318583","targetHints":{"allow":["GET"]}}],"collection":[{"href":"https:\/\/cycle.rizoma.com\/de\/wp-json\/wp\/v2\/product"}],"about":[{"href":"https:\/\/cycle.rizoma.com\/de\/wp-json\/wp\/v2\/types\/product"}],"wp:featuredmedia":[{"embeddable":true,"href":"https:\/\/cycle.rizoma.com\/de\/wp-json\/wp\/v2\/media\/303961"}],"wp:attachment":[{"href":"https:\/\/cycle.rizoma.com\/de\/wp-json\/wp\/v2\/media?parent=318583"}],"wp:term":[{"taxonomy":"rizoma_assembly_time","embeddable":true,"href":"https:\/\/cycle.rizoma.com\/de\/wp-json\/wp\/v2\/rizoma_assembly_time?post=318583"},{"taxonomy":"rizoma_bike","embeddable":true,"href":"https:\/\/cycle.rizoma.com\/de\/wp-json\/wp\/v2\/rizoma_bike?post=318583"},{"taxonomy":"rizoma_division","embeddable":true,"href":"https:\/\/cycle.rizoma.com\/de\/wp-json\/wp\/v2\/rizoma_division?post=318583"},{"taxonomy":"rizoma_family","embeddable":true,"href":"https:\/\/cycle.rizoma.com\/de\/wp-json\/wp\/v2\/rizoma_family?post=318583"},{"taxonomy":"rizoma_model_category","embeddable":true,"href":"https:\/\/cycle.rizoma.com\/de\/wp-json\/wp\/v2\/rizoma_model_category?post=318583"},{"taxonomy":"rizoma_product_template","embeddable":true,"href":"https:\/\/cycle.rizoma.com\/de\/wp-json\/wp\/v2\/rizoma_product_template?post=318583"},{"taxonomy":"product_brand","embeddable":true,"href":"https:\/\/cycle.rizoma.com\/de\/wp-json\/wp\/v2\/product_brand?post=318583"},{"taxonomy":"product_cat","embeddable":true,"href":"https:\/\/cycle.rizoma.com\/de\/wp-json\/wp\/v2\/product_cat?post=318583"},{"taxonomy":"product_tag","embeddable":true,"href":"https:\/\/cycle.rizoma.com\/de\/wp-json\/wp\/v2\/product_tag?post=318583"}],"curies":[{"name":"wp","href":"https:\/\/api.w.org\/{rel}","templated":true}]}}