{"id":324427,"date":"2024-11-22T11:50:04","date_gmt":"2024-11-22T10:50:04","guid":{"rendered":"https:\/\/rwp.rizoma.com\/negozio\/sozius-fusrasten-pe740\/"},"modified":"2025-11-25T16:07:18","modified_gmt":"2025-11-25T15:07:18","slug":"sozius-fusrasten-pe740","status":"publish","type":"product","link":"https:\/\/cycle.rizoma.com\/de\/negozio\/fusrastenanlage\/PE740\/sozius-fusrasten-pe740\/","title":{"rendered":"Sozius-Fu\u00dfrasten"},"content":{"rendered":"<p>Hergestellt aus erstklassigem Billet-Aluminium und mit versteckten Halterungen aus ABS-Technopolymer-Abdeckungen ausgestattet, sind sie nicht nur funktional, sondern auch \u00e4sthetisch ansprechend. Das doppelte Finish bietet die gr\u00f6\u00dfte Griffigkeit und die \u00d6ffnungen im oberen und seitlichen Bereich sorgen f\u00fcr Leichtigkeit und Luftigkeit. Mit T\u00dcV-Zertifikat zertifiziert, k\u00f6nnen Sie sicher sein, dass Sie auf der Stra\u00dfe nicht nur stilvoll, sondern auch sicher unterwegs sind. G\u00f6nnen Sie Ihrem Mitfahrer das beste Vespa-Erlebnis und investieren Sie in die Rizoma Sozius-Fu\u00dfrasten.<\/p>\n","protected":false},"excerpt":{"rendered":"<p>Hergestellt aus erstklassigem Billet-Aluminium und mit versteckten Halterungen aus ABS-Technopolymer-Abdeckungen ausgestattet, sind sie nicht nur funktional, sondern auch \u00e4sthetisch ansprechend. Das doppelte Finish bietet die gr\u00f6\u00dfte Griffigkeit und die \u00d6ffnungen im oberen und seitlichen Bereich sorgen f\u00fcr Leichtigkeit und Luftigkeit. Mit T\u00dcV-Zertifikat zertifiziert, k\u00f6nnen Sie sicher sein, dass Sie auf der Stra\u00dfe nicht nur stilvoll, [&hellip;]<\/p>\n","protected":false},"featured_media":301962,"template":"","meta":{"_acf_changed":false},"rizoma_assembly_time":[42742],"rizoma_bike":[42558,42557,42556,43430,43427,43744,43429,42561,42560,42559,42636,44397,44437,42567,42566],"rizoma_division":[42652],"rizoma_family":[],"rizoma_model_category":[],"rizoma_product_template":[],"product_brand":[],"product_cat":[43005],"product_tag":[],"class_list":{"0":"post-324427","1":"product","2":"type-product","3":"status-publish","4":"has-post-thumbnail","6":"rizoma_bike-gts-2015-2017","7":"rizoma_bike-gts-2018-2022","8":"rizoma_bike-gts-2023-2025","9":"rizoma_bike-gts-310-2025","10":"rizoma_bike-gts-310-super-2025","11":"rizoma_bike-gts-310-super-tech-2025","12":"rizoma_bike-gts-310-supersport-2025","13":"rizoma_bike-gts-super-2015-2017","14":"rizoma_bike-gts-super-2018-2022","15":"rizoma_bike-gts-super-2023-2025","16":"rizoma_bike-gtv-2023-2024","17":"rizoma_bike-gtv-310-2025-2026","18":"rizoma_bike-gtv-310-officina-8-2026","19":"rizoma_bike-sei-giorni-2016-2017","20":"rizoma_bike-sei-giorni-2018-2022","21":"product_cat-fusrastenanlage","23":"first","24":"instock","25":"taxable","26":"shipping-taxable","27":"purchasable","28":"product-type-variable"},"acf":[],"_links":{"self":[{"href":"https:\/\/cycle.rizoma.com\/de\/wp-json\/wp\/v2\/product\/324427","targetHints":{"allow":["GET"]}}],"collection":[{"href":"https:\/\/cycle.rizoma.com\/de\/wp-json\/wp\/v2\/product"}],"about":[{"href":"https:\/\/cycle.rizoma.com\/de\/wp-json\/wp\/v2\/types\/product"}],"wp:featuredmedia":[{"embeddable":true,"href":"https:\/\/cycle.rizoma.com\/de\/wp-json\/wp\/v2\/media\/301962"}],"wp:attachment":[{"href":"https:\/\/cycle.rizoma.com\/de\/wp-json\/wp\/v2\/media?parent=324427"}],"wp:term":[{"taxonomy":"rizoma_assembly_time","embeddable":true,"href":"https:\/\/cycle.rizoma.com\/de\/wp-json\/wp\/v2\/rizoma_assembly_time?post=324427"},{"taxonomy":"rizoma_bike","embeddable":true,"href":"https:\/\/cycle.rizoma.com\/de\/wp-json\/wp\/v2\/rizoma_bike?post=324427"},{"taxonomy":"rizoma_division","embeddable":true,"href":"https:\/\/cycle.rizoma.com\/de\/wp-json\/wp\/v2\/rizoma_division?post=324427"},{"taxonomy":"rizoma_family","embeddable":true,"href":"https:\/\/cycle.rizoma.com\/de\/wp-json\/wp\/v2\/rizoma_family?post=324427"},{"taxonomy":"rizoma_model_category","embeddable":true,"href":"https:\/\/cycle.rizoma.com\/de\/wp-json\/wp\/v2\/rizoma_model_category?post=324427"},{"taxonomy":"rizoma_product_template","embeddable":true,"href":"https:\/\/cycle.rizoma.com\/de\/wp-json\/wp\/v2\/rizoma_product_template?post=324427"},{"taxonomy":"product_brand","embeddable":true,"href":"https:\/\/cycle.rizoma.com\/de\/wp-json\/wp\/v2\/product_brand?post=324427"},{"taxonomy":"product_cat","embeddable":true,"href":"https:\/\/cycle.rizoma.com\/de\/wp-json\/wp\/v2\/product_cat?post=324427"},{"taxonomy":"product_tag","embeddable":true,"href":"https:\/\/cycle.rizoma.com\/de\/wp-json\/wp\/v2\/product_tag?post=324427"}],"curies":[{"name":"wp","href":"https:\/\/api.w.org\/{rel}","templated":true}]}}