{"id":330051,"date":"2025-06-04T14:13:59","date_gmt":"2025-06-04T12:13:59","guid":{"rendered":"https:\/\/www.rizoma.com\/negozio\/montagesatz-rizoma-fusrasten-pe850\/"},"modified":"2025-08-05T04:07:15","modified_gmt":"2025-08-05T02:07:15","slug":"montagesatz-rizoma-fusrasten-pe850","status":"publish","type":"product","link":"https:\/\/cycle.rizoma.com\/de\/negozio\/fusrasten\/PE850\/montagesatz-rizoma-fusrasten-pe850\/motorbike\/15680\/moto-guzzi\/v85\/","title":{"rendered":"Montagesatz Rizoma-Fu\u00dfrasten"},"content":{"rendered":"<p>Alle Fu\u00dfrastenadapter sind aus Aluminium gearbeitet und eigens f\u00fcr die verschiedenen Motorradmodelle konzipiert, um die perfekte Kompatibilit\u00e4t und eine bestm\u00f6gliche Befestigung zu gew\u00e4hrleisten. Die Rizoma-Adapter erm\u00f6glichen die Montage von Rizoma-Fu\u00dfrasten an OEM-Fu\u00dfrastenanlagen. Adapter mit T\u00dcV-Zertifizierung. Die Rizoma- Fu\u00dfrasten und ihr Befestigungssystem, mit und ohne das exzentrische Verstellsystem, sind vom Rennsport inspiriert. Bei der Montage, sind die Kurbeln nicht perfekt parallel zum Boden, sondern scheinen leicht nach oben geneigt zu sein. Diese Neigung soll verhindern, dass der Fu\u00df beim Fahren oder bei Kurvenfahrten nach au\u00dfen rutscht.<\/p>\n","protected":false},"excerpt":{"rendered":"<p>Alle Fu\u00dfrastenadapter sind aus Aluminium gearbeitet und eigens f\u00fcr die verschiedenen Motorradmodelle konzipiert, um die perfekte Kompatibilit\u00e4t und eine bestm\u00f6gliche Befestigung zu gew\u00e4hrleisten. Die Rizoma-Adapter erm\u00f6glichen die Montage von Rizoma-Fu\u00dfrasten an OEM-Fu\u00dfrastenanlagen. Adapter mit T\u00dcV-Zertifizierung. Die Rizoma- Fu\u00dfrasten und ihr Befestigungssystem, mit und ohne das exzentrische Verstellsystem, sind vom Rennsport inspiriert. Bei der Montage, sind [&hellip;]<\/p>\n","protected":false},"featured_media":297232,"template":"","meta":{"_acf_changed":false},"rizoma_assembly_time":[42664],"rizoma_bike":[41996,41978,41987,41997],"rizoma_division":[42652],"rizoma_family":[42746],"rizoma_model_category":[],"rizoma_product_template":[],"product_brand":[],"product_cat":[42751],"product_tag":[],"class_list":{"0":"post-330051","1":"product","2":"type-product","3":"status-publish","4":"has-post-thumbnail","6":"rizoma_bike-1090-adventure-r-2017-19","7":"rizoma_bike-1090-adventure-s-l-2017-19","8":"rizoma_bike-1290-super-adventure-r-2017-20","9":"rizoma_bike-1290-super-adventure-s-2017-20","10":"product_cat-fusrasten","12":"first","13":"instock","14":"taxable","15":"shipping-taxable","16":"purchasable","17":"product-type-variable"},"acf":[],"_links":{"self":[{"href":"https:\/\/cycle.rizoma.com\/de\/wp-json\/wp\/v2\/product\/330051","targetHints":{"allow":["GET"]}}],"collection":[{"href":"https:\/\/cycle.rizoma.com\/de\/wp-json\/wp\/v2\/product"}],"about":[{"href":"https:\/\/cycle.rizoma.com\/de\/wp-json\/wp\/v2\/types\/product"}],"wp:featuredmedia":[{"embeddable":true,"href":"https:\/\/cycle.rizoma.com\/de\/wp-json\/wp\/v2\/media\/297232"}],"wp:attachment":[{"href":"https:\/\/cycle.rizoma.com\/de\/wp-json\/wp\/v2\/media?parent=330051"}],"wp:term":[{"taxonomy":"rizoma_assembly_time","embeddable":true,"href":"https:\/\/cycle.rizoma.com\/de\/wp-json\/wp\/v2\/rizoma_assembly_time?post=330051"},{"taxonomy":"rizoma_bike","embeddable":true,"href":"https:\/\/cycle.rizoma.com\/de\/wp-json\/wp\/v2\/rizoma_bike?post=330051"},{"taxonomy":"rizoma_division","embeddable":true,"href":"https:\/\/cycle.rizoma.com\/de\/wp-json\/wp\/v2\/rizoma_division?post=330051"},{"taxonomy":"rizoma_family","embeddable":true,"href":"https:\/\/cycle.rizoma.com\/de\/wp-json\/wp\/v2\/rizoma_family?post=330051"},{"taxonomy":"rizoma_model_category","embeddable":true,"href":"https:\/\/cycle.rizoma.com\/de\/wp-json\/wp\/v2\/rizoma_model_category?post=330051"},{"taxonomy":"rizoma_product_template","embeddable":true,"href":"https:\/\/cycle.rizoma.com\/de\/wp-json\/wp\/v2\/rizoma_product_template?post=330051"},{"taxonomy":"product_brand","embeddable":true,"href":"https:\/\/cycle.rizoma.com\/de\/wp-json\/wp\/v2\/product_brand?post=330051"},{"taxonomy":"product_cat","embeddable":true,"href":"https:\/\/cycle.rizoma.com\/de\/wp-json\/wp\/v2\/product_cat?post=330051"},{"taxonomy":"product_tag","embeddable":true,"href":"https:\/\/cycle.rizoma.com\/de\/wp-json\/wp\/v2\/product_tag?post=330051"}],"curies":[{"name":"wp","href":"https:\/\/api.w.org\/{rel}","templated":true}]}}