{"id":331498,"date":"2025-06-04T17:29:45","date_gmt":"2025-06-04T15:29:45","guid":{"rendered":"https:\/\/www.rizoma.com\/negozio\/griffe-lux-ride-by-wire-grdw213z10\/"},"modified":"2025-12-18T00:40:21","modified_gmt":"2025-12-17T23:40:21","slug":"griffe-lux-ride-by-wire-grdw213z10","status":"publish","type":"product","link":"https:\/\/cycle.rizoma.com\/de\/negozio\/lenker-kit\/GRDW213Z10\/griffe-lux-ride-by-wire-grdw213z10\/motorbike\/9072\/ducati\/monster-821\/","title":{"rendered":"Griffe Lux Ride by Wire"},"content":{"rendered":"<p>Der Griff Lux (\u00d8 22 mm) vereint Einfachheit und Sportlichkeit. Der zur G\u00e4nze aus Aluminium gearbeitete Griff ist mit einem Racing-Gummi f\u00fcr optimalen Grip und h\u00f6chste Zuverl\u00e4ssigkeit ausgestattet. Die Ride by Wire -Version ist zudem mit der elektronischen Gasbet\u00e4tigung kompatibel.<\/p>\n","protected":false},"excerpt":{"rendered":"<p>Der Griff Lux (\u00d8 22 mm) vereint Einfachheit und Sportlichkeit. Der zur G\u00e4nze aus Aluminium gearbeitete Griff ist mit einem Racing-Gummi f\u00fcr optimalen Grip und h\u00f6chste Zuverl\u00e4ssigkeit ausgestattet. Die Ride by Wire -Version ist zudem mit der elektronischen Gasbet\u00e4tigung kompatibel.<\/p>\n","protected":false},"featured_media":343667,"template":"","meta":{"_acf_changed":false},"rizoma_assembly_time":[42675],"rizoma_bike":[41841,41842,41896,41870,41923,41924],"rizoma_division":[42652],"rizoma_family":[],"rizoma_model_category":[],"rizoma_product_template":[],"product_brand":[],"product_cat":[42662],"product_tag":[],"class_list":{"0":"post-331498","1":"product","2":"type-product","3":"status-publish","4":"has-post-thumbnail","6":"rizoma_bike-monster-1200-2014-16","7":"rizoma_bike-monster-1200-s-2014-16","8":"rizoma_bike-monster-1200-s-stripe-2014-15","9":"rizoma_bike-monster-821-abs-2014-17","10":"rizoma_bike-monster-821-dark-abs-2014-16","11":"rizoma_bike-monster-821-stripe-abs-2015-17","12":"product_cat-lenker-kit","14":"first","15":"instock","16":"sale","17":"taxable","18":"shipping-taxable","19":"purchasable","20":"product-type-variable"},"acf":[],"_links":{"self":[{"href":"https:\/\/cycle.rizoma.com\/de\/wp-json\/wp\/v2\/product\/331498","targetHints":{"allow":["GET"]}}],"collection":[{"href":"https:\/\/cycle.rizoma.com\/de\/wp-json\/wp\/v2\/product"}],"about":[{"href":"https:\/\/cycle.rizoma.com\/de\/wp-json\/wp\/v2\/types\/product"}],"wp:featuredmedia":[{"embeddable":true,"href":"https:\/\/cycle.rizoma.com\/de\/wp-json\/wp\/v2\/media\/343667"}],"wp:attachment":[{"href":"https:\/\/cycle.rizoma.com\/de\/wp-json\/wp\/v2\/media?parent=331498"}],"wp:term":[{"taxonomy":"rizoma_assembly_time","embeddable":true,"href":"https:\/\/cycle.rizoma.com\/de\/wp-json\/wp\/v2\/rizoma_assembly_time?post=331498"},{"taxonomy":"rizoma_bike","embeddable":true,"href":"https:\/\/cycle.rizoma.com\/de\/wp-json\/wp\/v2\/rizoma_bike?post=331498"},{"taxonomy":"rizoma_division","embeddable":true,"href":"https:\/\/cycle.rizoma.com\/de\/wp-json\/wp\/v2\/rizoma_division?post=331498"},{"taxonomy":"rizoma_family","embeddable":true,"href":"https:\/\/cycle.rizoma.com\/de\/wp-json\/wp\/v2\/rizoma_family?post=331498"},{"taxonomy":"rizoma_model_category","embeddable":true,"href":"https:\/\/cycle.rizoma.com\/de\/wp-json\/wp\/v2\/rizoma_model_category?post=331498"},{"taxonomy":"rizoma_product_template","embeddable":true,"href":"https:\/\/cycle.rizoma.com\/de\/wp-json\/wp\/v2\/rizoma_product_template?post=331498"},{"taxonomy":"product_brand","embeddable":true,"href":"https:\/\/cycle.rizoma.com\/de\/wp-json\/wp\/v2\/product_brand?post=331498"},{"taxonomy":"product_cat","embeddable":true,"href":"https:\/\/cycle.rizoma.com\/de\/wp-json\/wp\/v2\/product_cat?post=331498"},{"taxonomy":"product_tag","embeddable":true,"href":"https:\/\/cycle.rizoma.com\/de\/wp-json\/wp\/v2\/product_tag?post=331498"}],"curies":[{"name":"wp","href":"https:\/\/api.w.org\/{rel}","templated":true}]}}