{"id":336273,"date":"2025-06-23T14:07:35","date_gmt":"2025-06-23T12:07:35","guid":{"rendered":"https:\/\/www.rizoma.com\/negozio\/light-unit-s-mit-technopolymer-halter-ts077\/"},"modified":"2026-03-18T15:39:46","modified_gmt":"2026-03-18T14:39:46","slug":"light-unit-s-mit-technopolymer-halter-ts077","status":"publish","type":"product","link":"https:\/\/cycle.rizoma.com\/de\/negozio\/blinker\/TS077\/light-unit-s-mit-technopolymer-halter-ts077\/","title":{"rendered":"Light Unit S mit Technopolymer Halter"},"content":{"rendered":"<p>Light Unit S mit Technopolymer-Halter-kit garantiert dank der neuesten Generation der SMD-LED-Technologie drei Funktionen (Blinker \/ R\u00fccklicht \/ Bremslicht) mit hoher Lichtst\u00e4rke und stellt eine der kleinsten, stra\u00dfenzugelassene, Optionen in seiner Kategorie dar. <br \/>Ein neues und innovatives Konzept f\u00fcr Rizoma Blinker, ein rationales Design, das in sehr kleinen Dimensionen das Notwendige enth\u00e4lt, um seine Funktion perfekt zu erf\u00fcllen. <br \/>Dar\u00fcber hinaus erstreckt sich der Lichtstrahl in der Light Unit in L\u00e4ngsrichtung bis zum Befestigungspunkt des Blinkers (anstatt der \u00fcblichen 90\u00b0 Befestigung), was die Anwendbarkeit und die Montagem\u00f6glichkeiten erh\u00f6ht.Daher stellt Light Unit ein neues und innovatives Konzept f\u00fcr die Blinker von Rizoma dar, ein Blinker, der je nach den Bed\u00fcrfnissen des Nutzers montiert werden kann ohne die \u00c4sthetik zu beeintr\u00e4chtigen. Diese Pluspunkte sind die Grundlage f\u00fcr das Patent des Light Unit.<br \/>FR440B Technopolymer Halter inkludiert.<\/p>\n","protected":false},"excerpt":{"rendered":"<p>Light Unit S mit Technopolymer-Halter-kit garantiert dank der neuesten Generation der SMD-LED-Technologie drei Funktionen (Blinker \/ R\u00fccklicht \/ Bremslicht) mit hoher Lichtst\u00e4rke und stellt eine der kleinsten, stra\u00dfenzugelassene, Optionen in seiner Kategorie dar. Ein neues und innovatives Konzept f\u00fcr Rizoma Blinker, ein rationales Design, das in sehr kleinen Dimensionen das Notwendige enth\u00e4lt, um seine Funktion [&hellip;]<\/p>\n","protected":false},"featured_media":307551,"template":"","meta":{"_acf_changed":false},"rizoma_assembly_time":[42742],"rizoma_bike":[42619,44429,42398,42516,43912,42288,43892,42498,43707,42591,43987,43988,43989,43990,43991,43394,42604,42605,42606,44364,44363,42345,43913,42167,42302,42574,43701,42236,42607,44461,44462],"rizoma_division":[42652],"rizoma_family":[42853],"rizoma_model_category":[],"rizoma_product_template":[],"product_brand":[],"product_cat":[42715],"product_tag":[],"class_list":{"0":"post-336273","1":"product","2":"type-product","3":"status-publish","4":"has-post-thumbnail","6":"rizoma_bike-990-duke-2024-26","7":"rizoma_bike-990-duke-r-2026","8":"rizoma_bike-ce-04-2021-25","9":"rizoma_bike-m-1000-r-2023-24","10":"rizoma_bike-m-1000-r-2025-26","11":"rizoma_bike-m-1000-rr-2023-24","12":"rizoma_bike-m-1000-rr-2025-26","13":"rizoma_bike-m-1000-rr-50-years-m-2022","14":"rizoma_bike-m-1000-xr-2024-26","15":"rizoma_bike-r-1300-gs-2023-26","16":"rizoma_bike-r-1300-gs-adventure-2025-26","17":"rizoma_bike-r-1300-gs-adventure-asa-2025-26","18":"rizoma_bike-r-1300-gs-adventure-option-719-karakorum-2025-26","19":"rizoma_bike-r-1300-gs-adventure-triple-black-2025-26","20":"rizoma_bike-r-1300-gs-adventure-trophy-2025-26","21":"rizoma_bike-r-1300-gs-asa-2024-26","22":"rizoma_bike-r-1300-gs-option-719-tramuntana-2023-26","23":"rizoma_bike-r-1300-gs-triple-black-2023-26","24":"rizoma_bike-r-1300-gs-trophy-2023-26","25":"rizoma_bike-rsv4-1100-2025-26","26":"rizoma_bike-rsv4-1100-factory-2025-26","27":"rizoma_bike-s-1000-r-2021-24","28":"rizoma_bike-s-1000-r-2025-26","29":"rizoma_bike-s-1000-rr-2019-20","30":"rizoma_bike-s-1000-rr-2021-22","31":"rizoma_bike-s-1000-rr-2023-24","32":"rizoma_bike-s-1000-rr-2025-26","33":"rizoma_bike-s-1000-xr-2020-23","34":"rizoma_bike-s-1000-xr-2024-26","35":"rizoma_bike-tuono-v4-2025-26","36":"rizoma_bike-tuono-v4-factory-2025-26","37":"product_cat-blinker","39":"first","40":"instock","41":"taxable","42":"shipping-taxable","43":"purchasable","44":"product-type-variable"},"acf":[],"_links":{"self":[{"href":"https:\/\/cycle.rizoma.com\/de\/wp-json\/wp\/v2\/product\/336273","targetHints":{"allow":["GET"]}}],"collection":[{"href":"https:\/\/cycle.rizoma.com\/de\/wp-json\/wp\/v2\/product"}],"about":[{"href":"https:\/\/cycle.rizoma.com\/de\/wp-json\/wp\/v2\/types\/product"}],"wp:featuredmedia":[{"embeddable":true,"href":"https:\/\/cycle.rizoma.com\/de\/wp-json\/wp\/v2\/media\/307551"}],"wp:attachment":[{"href":"https:\/\/cycle.rizoma.com\/de\/wp-json\/wp\/v2\/media?parent=336273"}],"wp:term":[{"taxonomy":"rizoma_assembly_time","embeddable":true,"href":"https:\/\/cycle.rizoma.com\/de\/wp-json\/wp\/v2\/rizoma_assembly_time?post=336273"},{"taxonomy":"rizoma_bike","embeddable":true,"href":"https:\/\/cycle.rizoma.com\/de\/wp-json\/wp\/v2\/rizoma_bike?post=336273"},{"taxonomy":"rizoma_division","embeddable":true,"href":"https:\/\/cycle.rizoma.com\/de\/wp-json\/wp\/v2\/rizoma_division?post=336273"},{"taxonomy":"rizoma_family","embeddable":true,"href":"https:\/\/cycle.rizoma.com\/de\/wp-json\/wp\/v2\/rizoma_family?post=336273"},{"taxonomy":"rizoma_model_category","embeddable":true,"href":"https:\/\/cycle.rizoma.com\/de\/wp-json\/wp\/v2\/rizoma_model_category?post=336273"},{"taxonomy":"rizoma_product_template","embeddable":true,"href":"https:\/\/cycle.rizoma.com\/de\/wp-json\/wp\/v2\/rizoma_product_template?post=336273"},{"taxonomy":"product_brand","embeddable":true,"href":"https:\/\/cycle.rizoma.com\/de\/wp-json\/wp\/v2\/product_brand?post=336273"},{"taxonomy":"product_cat","embeddable":true,"href":"https:\/\/cycle.rizoma.com\/de\/wp-json\/wp\/v2\/product_cat?post=336273"},{"taxonomy":"product_tag","embeddable":true,"href":"https:\/\/cycle.rizoma.com\/de\/wp-json\/wp\/v2\/product_tag?post=336273"}],"curies":[{"name":"wp","href":"https:\/\/api.w.org\/{rel}","templated":true}]}}