{"id":338586,"date":"2025-09-22T11:03:46","date_gmt":"2025-09-22T09:03:46","guid":{"rendered":"https:\/\/www.rizoma.com\/negozio\/verkabelung-fur-die-hinteren-rizoma-blinker-ee224\/"},"modified":"2026-04-01T23:35:16","modified_gmt":"2026-04-01T21:35:16","slug":"verkabelung-fur-die-hinteren-rizoma-blinker-ee224","status":"publish","type":"product","link":"https:\/\/cycle.rizoma.com\/de\/negozio\/blinker\/EE224\/verkabelung-fur-die-hinteren-rizoma-blinker-ee224\/motorbike\/18122\/bmw\/r-1300-gs-adventure\/","title":{"rendered":"Verkabelung f\u00fcr die hinteren Rizoma Blinker"},"content":{"rendered":"<p>Die Rizoma-Verkabelung wird f\u00fcr die Montage von Rizoma-Blinkern sowie f\u00fcr Rizoma-Spiegel mit integrierten Blinkern ben\u00f6tigt.<br \/>Es wird empfohlen, vor der Bestellung die technischen Zeichnungen zu kontrollieren. Jedes Kit enth\u00e4lt 2 Verkabelungen und 6 T-Tap-Anschl\u00fcsse. F\u00fcr die Montage von 4 Blinkern werden 2 Kits ben\u00f6tigt.<\/p>\n","protected":false},"excerpt":{"rendered":"<p>Die Rizoma-Verkabelung wird f\u00fcr die Montage von Rizoma-Blinkern sowie f\u00fcr Rizoma-Spiegel mit integrierten Blinkern ben\u00f6tigt.Es wird empfohlen, vor der Bestellung die technischen Zeichnungen zu kontrollieren. Jedes Kit enth\u00e4lt 2 Verkabelungen und 6 T-Tap-Anschl\u00fcsse. F\u00fcr die Montage von 4 Blinkern werden 2 Kits ben\u00f6tigt.<\/p>\n","protected":false},"featured_media":338504,"template":"","meta":{"_acf_changed":false},"rizoma_assembly_time":[42664],"rizoma_bike":[42398,42516,43912,42288,43892,42498,43707,42591,43987,43988,43989,43990,43991,43394,42604,42605,42606,42345,43913,42574,43701,42236,42607],"rizoma_division":[42652],"rizoma_family":[42859],"rizoma_model_category":[],"rizoma_product_template":[],"product_brand":[],"product_cat":[42715],"product_tag":[],"class_list":{"0":"post-338586","1":"product","2":"type-product","3":"status-publish","4":"has-post-thumbnail","6":"rizoma_bike-ce-04-2021-25","7":"rizoma_bike-m-1000-r-2023-24","8":"rizoma_bike-m-1000-r-2025-26","9":"rizoma_bike-m-1000-rr-2023-24","10":"rizoma_bike-m-1000-rr-2025-26","11":"rizoma_bike-m-1000-rr-50-years-m-2022","12":"rizoma_bike-m-1000-xr-2024-26","13":"rizoma_bike-r-1300-gs-2023-26","14":"rizoma_bike-r-1300-gs-adventure-2025-26","15":"rizoma_bike-r-1300-gs-adventure-asa-2025-26","16":"rizoma_bike-r-1300-gs-adventure-option-719-karakorum-2025-26","17":"rizoma_bike-r-1300-gs-adventure-triple-black-2025-26","18":"rizoma_bike-r-1300-gs-adventure-trophy-2025-26","19":"rizoma_bike-r-1300-gs-asa-2024-26","20":"rizoma_bike-r-1300-gs-option-719-tramuntana-2023-26","21":"rizoma_bike-r-1300-gs-triple-black-2023-26","22":"rizoma_bike-r-1300-gs-trophy-2023-26","23":"rizoma_bike-s-1000-r-2021-24","24":"rizoma_bike-s-1000-r-2025-26","25":"rizoma_bike-s-1000-rr-2023-24","26":"rizoma_bike-s-1000-rr-2025-26","27":"rizoma_bike-s-1000-xr-2020-23","28":"rizoma_bike-s-1000-xr-2024-26","29":"product_cat-blinker","31":"first","32":"instock","33":"taxable","34":"shipping-taxable","35":"purchasable","36":"product-type-variable"},"acf":[],"_links":{"self":[{"href":"https:\/\/cycle.rizoma.com\/de\/wp-json\/wp\/v2\/product\/338586","targetHints":{"allow":["GET"]}}],"collection":[{"href":"https:\/\/cycle.rizoma.com\/de\/wp-json\/wp\/v2\/product"}],"about":[{"href":"https:\/\/cycle.rizoma.com\/de\/wp-json\/wp\/v2\/types\/product"}],"wp:featuredmedia":[{"embeddable":true,"href":"https:\/\/cycle.rizoma.com\/de\/wp-json\/wp\/v2\/media\/338504"}],"wp:attachment":[{"href":"https:\/\/cycle.rizoma.com\/de\/wp-json\/wp\/v2\/media?parent=338586"}],"wp:term":[{"taxonomy":"rizoma_assembly_time","embeddable":true,"href":"https:\/\/cycle.rizoma.com\/de\/wp-json\/wp\/v2\/rizoma_assembly_time?post=338586"},{"taxonomy":"rizoma_bike","embeddable":true,"href":"https:\/\/cycle.rizoma.com\/de\/wp-json\/wp\/v2\/rizoma_bike?post=338586"},{"taxonomy":"rizoma_division","embeddable":true,"href":"https:\/\/cycle.rizoma.com\/de\/wp-json\/wp\/v2\/rizoma_division?post=338586"},{"taxonomy":"rizoma_family","embeddable":true,"href":"https:\/\/cycle.rizoma.com\/de\/wp-json\/wp\/v2\/rizoma_family?post=338586"},{"taxonomy":"rizoma_model_category","embeddable":true,"href":"https:\/\/cycle.rizoma.com\/de\/wp-json\/wp\/v2\/rizoma_model_category?post=338586"},{"taxonomy":"rizoma_product_template","embeddable":true,"href":"https:\/\/cycle.rizoma.com\/de\/wp-json\/wp\/v2\/rizoma_product_template?post=338586"},{"taxonomy":"product_brand","embeddable":true,"href":"https:\/\/cycle.rizoma.com\/de\/wp-json\/wp\/v2\/product_brand?post=338586"},{"taxonomy":"product_cat","embeddable":true,"href":"https:\/\/cycle.rizoma.com\/de\/wp-json\/wp\/v2\/product_cat?post=338586"},{"taxonomy":"product_tag","embeddable":true,"href":"https:\/\/cycle.rizoma.com\/de\/wp-json\/wp\/v2\/product_tag?post=338586"}],"curies":[{"name":"wp","href":"https:\/\/api.w.org\/{rel}","templated":true}]}}