{"id":339068,"date":"2025-10-15T04:06:49","date_gmt":"2025-10-15T02:06:49","guid":{"rendered":"https:\/\/www.rizoma.com\/negozio\/americana-brems-und-kupplungshebel-kit-lbh101\/"},"modified":"2026-03-15T12:33:30","modified_gmt":"2026-03-15T11:33:30","slug":"americana-brems-und-kupplungshebel-kit-lbh101","status":"publish","type":"product","link":"https:\/\/cycle.rizoma.com\/de\/negozio\/brems-kupplungshebel\/LBH101\/americana-brems-und-kupplungshebel-kit-lbh101\/","title":{"rendered":"AMERICANA Brems- und Kupplungshebel kit"},"content":{"rendered":"<p>Die aus massivem Aluminium CNC-gefr\u00e4sten AMERICANA-Hebel verk\u00f6rpern den Geist amerikanischer V-Twins mit un\u00fcbertroffener Ergonomie, Haltbarkeit und Design.<\/p>\n<p>Ein millimetrischer Griffweiteneinsteller erm\u00f6glicht dem Fahrer die Feinabstimmung des Hebelgef\u00fchls mit hochpr\u00e4zisen Schritten und bietet optimale Kontrolle und Komfort. Abgerundete Kanten und eine erh\u00f6hte Griffdicke verbessern die Griffergonomie, minimieren Druckstellen und verteilen die Last gleichm\u00e4\u00dfig, um Erm\u00fcdungserscheinungen zu verringern &#8211; ob auf langen Fahrten oder im Stop-and-Go-Verkehr.<\/p>\n<p>Die AMERICANA-Hebel sind auf Robustheit und Langlebigkeit ausgelegt und widerstehen Verschlei\u00df, Vibrationen und den Elementen, so dass sie auch nach vielen Kilometern noch einwandfrei funktionieren und makellos aussehen.<\/p>\n","protected":false},"excerpt":{"rendered":"<p>Die aus massivem Aluminium CNC-gefr\u00e4sten AMERICANA-Hebel verk\u00f6rpern den Geist amerikanischer V-Twins mit un\u00fcbertroffener Ergonomie, Haltbarkeit und Design. Ein millimetrischer Griffweiteneinsteller erm\u00f6glicht dem Fahrer die Feinabstimmung des Hebelgef\u00fchls mit hochpr\u00e4zisen Schritten und bietet optimale Kontrolle und Komfort. Abgerundete Kanten und eine erh\u00f6hte Griffdicke verbessern die Griffergonomie, minimieren Druckstellen und verteilen die Last gleichm\u00e4\u00dfig, um Erm\u00fcdungserscheinungen zu [&hellip;]<\/p>\n","protected":false},"featured_media":338930,"template":"","meta":{"_acf_changed":false},"rizoma_assembly_time":[42691],"rizoma_bike":[44037,44100,44097,44099,44098,44042,44041,44040,44272,44275,44274],"rizoma_division":[42652],"rizoma_family":[],"rizoma_model_category":[],"rizoma_product_template":[],"product_brand":[],"product_cat":[42808],"product_tag":[],"class_list":{"0":"post-339068","1":"product","2":"type-product","3":"status-publish","4":"has-post-thumbnail","6":"rizoma_bike-cvo-road-glide-2023","7":"rizoma_bike-cvo-road-glide-2024","8":"rizoma_bike-cvo-road-glide-2025-26","9":"rizoma_bike-cvo-road-glide-st-2024","10":"rizoma_bike-cvo-road-glide-st-2025-26","11":"rizoma_bike-cvo-street-glide-2023","12":"rizoma_bike-cvo-street-glide-2024","13":"rizoma_bike-cvo-street-glide-2025-26","14":"rizoma_bike-road-glide-2024-25","15":"rizoma_bike-street-glide-2024-26","16":"rizoma_bike-street-glide-ultra-2025-26","17":"product_cat-brems-kupplungshebel","19":"first","20":"instock","21":"taxable","22":"shipping-taxable","23":"purchasable","24":"product-type-variable"},"acf":[],"_links":{"self":[{"href":"https:\/\/cycle.rizoma.com\/de\/wp-json\/wp\/v2\/product\/339068","targetHints":{"allow":["GET"]}}],"collection":[{"href":"https:\/\/cycle.rizoma.com\/de\/wp-json\/wp\/v2\/product"}],"about":[{"href":"https:\/\/cycle.rizoma.com\/de\/wp-json\/wp\/v2\/types\/product"}],"wp:featuredmedia":[{"embeddable":true,"href":"https:\/\/cycle.rizoma.com\/de\/wp-json\/wp\/v2\/media\/338930"}],"wp:attachment":[{"href":"https:\/\/cycle.rizoma.com\/de\/wp-json\/wp\/v2\/media?parent=339068"}],"wp:term":[{"taxonomy":"rizoma_assembly_time","embeddable":true,"href":"https:\/\/cycle.rizoma.com\/de\/wp-json\/wp\/v2\/rizoma_assembly_time?post=339068"},{"taxonomy":"rizoma_bike","embeddable":true,"href":"https:\/\/cycle.rizoma.com\/de\/wp-json\/wp\/v2\/rizoma_bike?post=339068"},{"taxonomy":"rizoma_division","embeddable":true,"href":"https:\/\/cycle.rizoma.com\/de\/wp-json\/wp\/v2\/rizoma_division?post=339068"},{"taxonomy":"rizoma_family","embeddable":true,"href":"https:\/\/cycle.rizoma.com\/de\/wp-json\/wp\/v2\/rizoma_family?post=339068"},{"taxonomy":"rizoma_model_category","embeddable":true,"href":"https:\/\/cycle.rizoma.com\/de\/wp-json\/wp\/v2\/rizoma_model_category?post=339068"},{"taxonomy":"rizoma_product_template","embeddable":true,"href":"https:\/\/cycle.rizoma.com\/de\/wp-json\/wp\/v2\/rizoma_product_template?post=339068"},{"taxonomy":"product_brand","embeddable":true,"href":"https:\/\/cycle.rizoma.com\/de\/wp-json\/wp\/v2\/product_brand?post=339068"},{"taxonomy":"product_cat","embeddable":true,"href":"https:\/\/cycle.rizoma.com\/de\/wp-json\/wp\/v2\/product_cat?post=339068"},{"taxonomy":"product_tag","embeddable":true,"href":"https:\/\/cycle.rizoma.com\/de\/wp-json\/wp\/v2\/product_tag?post=339068"}],"curies":[{"name":"wp","href":"https:\/\/api.w.org\/{rel}","templated":true}]}}