{"id":339088,"date":"2025-10-15T04:07:39","date_gmt":"2025-10-15T02:07:39","guid":{"rendered":"https:\/\/www.rizoma.com\/negozio\/americana-soziustrittbrett-kit-pe646\/"},"modified":"2026-02-18T11:12:54","modified_gmt":"2026-02-18T10:12:54","slug":"americana-soziustrittbrett-kit-pe646","status":"publish","type":"product","link":"https:\/\/cycle.rizoma.com\/de\/negozio\/fusrasten\/PE646\/americana-soziustrittbrett-kit-pe646\/","title":{"rendered":"AMERICANA Soziustrittbrett-Kit"},"content":{"rendered":"<p>Die AMERICANA Soziusrasten sind CNC-gefr\u00e4st aus Billet-Aluminium und haben die gleiche Oberfl\u00e4chenstruktur f\u00fcr \u00fcberlegenen Komfort und Stabilit\u00e4t. Sie bieten raffinierten Stil und zuverl\u00e4ssige Leistung, so dass jeder Beifahrer mit Vertrauen f\u00e4hrt.<\/p>\n","protected":false},"excerpt":{"rendered":"<p>Die AMERICANA Soziusrasten sind CNC-gefr\u00e4st aus Billet-Aluminium und haben die gleiche Oberfl\u00e4chenstruktur f\u00fcr \u00fcberlegenen Komfort und Stabilit\u00e4t. Sie bieten raffinierten Stil und zuverl\u00e4ssige Leistung, so dass jeder Beifahrer mit Vertrauen f\u00e4hrt.<\/p>\n","protected":false},"featured_media":338946,"template":"","meta":{"_acf_changed":false},"rizoma_assembly_time":[42664],"rizoma_bike":[44136,44078,44057,44056,44265,44116,44264,44262,44117,44118,44139,44141,44247,44289,44075,44079,44077,44076,44080,44101,44111,44113,44140,44286,44071,44073,44072,44130,44132,44131,44273,44069,44067,44068,44066,44129,44135,44137,44263,44261,44062,44061,44064,44060,44058,44059,44114,44267,44266,44126,44119,44128,44255,44253,44127,44125,44124,44272,44112,44107,44108,44103,44105,44102,44138,44122,44134,44133,44275,44283,44277,44280,44276,44274,44305,44304],"rizoma_division":[42652],"rizoma_family":[],"rizoma_model_category":[],"rizoma_product_template":[],"product_brand":[],"product_cat":[42751],"product_tag":[],"class_list":{"0":"post-339088","1":"product","2":"type-product","3":"status-publish","4":"has-post-thumbnail","6":"rizoma_bike-103-road-king-classic-2014-16-flhrc","7":"rizoma_bike-107-electra-glide-2019-20-flht","8":"rizoma_bike-107-electra-glide-ultra-limited-2017-18-flhtk","9":"rizoma_bike-107-electra-glide-ultra-limited-low-2017-18-flhtkl","10":"rizoma_bike-107-road-glide-2017-fltrx","11":"rizoma_bike-107-road-glide-special-2017-18-fltrxs","12":"rizoma_bike-107-road-glide-ultra-2016-flrtu","13":"rizoma_bike-107-road-glide-ultra-2017-18-fltru","14":"rizoma_bike-107-road-king-2017-flhr","15":"rizoma_bike-107-road-king-classic-2017-18-flhrc","16":"rizoma_bike-107-road-king-classic-2019-20-flhrc","17":"rizoma_bike-107-road-king-special-2017-18-flhrxs","18":"rizoma_bike-107-street-glide-2017-19-flhx","19":"rizoma_bike-107-street-glide-special-2017-19-flhxs","20":"rizoma_bike-114-electra-glide-revival-2021-22","21":"rizoma_bike-114-electra-glide-ultra-limited-2019-flhtk","22":"rizoma_bike-114-electra-glide-ultra-limited-2020-flhtk","23":"rizoma_bike-114-electra-glide-ultra-limited-2021-22-flhtk","24":"rizoma_bike-114-electra-glide-ultra-limited-low-2019-flhtkl","25":"rizoma_bike-114-road-glide-limited-2020-fltrk","26":"rizoma_bike-114-road-glide-special-2019-20-fltrxs","27":"rizoma_bike-114-road-glide-ultra-2019-fltrxu","28":"rizoma_bike-114-road-king-special-2019-20-flhr","29":"rizoma_bike-114-street-glide-special-2019-20-flhxs","30":"rizoma_bike-1450-electra-glide-standard-2002-09-flhtc","31":"rizoma_bike-1450-electra-glide-standard-iniezione-2002-05-flhti","32":"rizoma_bike-1450-electra-glide-ultra-classic-2006-07-flhtcui","33":"rizoma_bike-1450-road-king-2005-06-flhri","34":"rizoma_bike-1450-road-king-classic-2006-07-flhrci","35":"rizoma_bike-1450-road-king-custom-2005-06-flhrs","36":"rizoma_bike-1450-street-glide-2006-07-flhx","37":"rizoma_bike-1584-electra-glide-standard-2007-flht","38":"rizoma_bike-1584-electra-glide-standard-2008-10-flht","39":"rizoma_bike-1584-electra-glide-ultra-classic-2007-flhtcu","40":"rizoma_bike-1584-electra-glide-ultra-classic-2008-13-flhtcu","41":"rizoma_bike-1584-road-king-2006-07-flhr","42":"rizoma_bike-1584-road-king-classic-2007-10-flhrc","43":"rizoma_bike-1584-road-king-classic-2007-11-flhrci","44":"rizoma_bike-1584-street-glide-2007-flhx","45":"rizoma_bike-1584-street-glide-2008-10-flhx","46":"rizoma_bike-1690-electra-glide-classic-2010-12-flhtc","47":"rizoma_bike-1690-electra-glide-ultra-classic-2014-16-flhtcu","48":"rizoma_bike-1690-electra-glide-ultra-limited-2010-13-flhtk","49":"rizoma_bike-1690-electra-glide-ultra-limited-2014-15-flhtk","50":"rizoma_bike-1690-electra-glide-ultra-limited-2016-flhtk","51":"rizoma_bike-1690-electra-glide-ultra-limited-low-2014-16-flhtkl","52":"rizoma_bike-1690-road-glide-2007-12","53":"rizoma_bike-1690-road-glide-special-2013-16","54":"rizoma_bike-1690-road-glide-ultra-2015-16-flrtu","55":"rizoma_bike-1690-road-king-2008-09-flhr","56":"rizoma_bike-1690-road-king-2013-16-flhr","57":"rizoma_bike-1690-road-king-custom-2007-flhrs","58":"rizoma_bike-1690-street-glide-2011-13-flhx","59":"rizoma_bike-1690-street-glide-special-2014-16-flhx","60":"rizoma_bike-flhrc-road-king-classic-2007","61":"rizoma_bike-flhrc-road-king-classic-2008-11","62":"rizoma_bike-flhrc-road-king-classic-2011-13","63":"rizoma_bike-road-glide-2024-25","64":"rizoma_bike-road-glide-107-2019-fltrx","65":"rizoma_bike-road-glide-limited-2021-25","66":"rizoma_bike-road-glide-special-2021-23","67":"rizoma_bike-road-glide-special-anniversary-2023","68":"rizoma_bike-road-glide-st-2022-23","69":"rizoma_bike-road-glide-st-fast-johnnie-enthusiast-2023","70":"rizoma_bike-road-king-107-2019-flhr","71":"rizoma_bike-road-king-classic-2014-16","72":"rizoma_bike-road-king-classic-2021-22","73":"rizoma_bike-road-king-special-2021-26","74":"rizoma_bike-street-glide-2024-26","75":"rizoma_bike-street-glide-special-2021-23","76":"rizoma_bike-street-glide-special-anniversary-2023","77":"rizoma_bike-street-glide-st-2022-23","78":"rizoma_bike-street-glide-st-fast-johnnie-enthusiast-2023","79":"rizoma_bike-street-glide-ultra-2025-26","80":"rizoma_bike-ultra-limited-2022-25","81":"rizoma_bike-ultra-limited-anniversary-2023","82":"product_cat-fusrasten","84":"first","85":"instock","86":"taxable","87":"shipping-taxable","88":"purchasable","89":"product-type-variable"},"acf":[],"_links":{"self":[{"href":"https:\/\/cycle.rizoma.com\/de\/wp-json\/wp\/v2\/product\/339088","targetHints":{"allow":["GET"]}}],"collection":[{"href":"https:\/\/cycle.rizoma.com\/de\/wp-json\/wp\/v2\/product"}],"about":[{"href":"https:\/\/cycle.rizoma.com\/de\/wp-json\/wp\/v2\/types\/product"}],"wp:featuredmedia":[{"embeddable":true,"href":"https:\/\/cycle.rizoma.com\/de\/wp-json\/wp\/v2\/media\/338946"}],"wp:attachment":[{"href":"https:\/\/cycle.rizoma.com\/de\/wp-json\/wp\/v2\/media?parent=339088"}],"wp:term":[{"taxonomy":"rizoma_assembly_time","embeddable":true,"href":"https:\/\/cycle.rizoma.com\/de\/wp-json\/wp\/v2\/rizoma_assembly_time?post=339088"},{"taxonomy":"rizoma_bike","embeddable":true,"href":"https:\/\/cycle.rizoma.com\/de\/wp-json\/wp\/v2\/rizoma_bike?post=339088"},{"taxonomy":"rizoma_division","embeddable":true,"href":"https:\/\/cycle.rizoma.com\/de\/wp-json\/wp\/v2\/rizoma_division?post=339088"},{"taxonomy":"rizoma_family","embeddable":true,"href":"https:\/\/cycle.rizoma.com\/de\/wp-json\/wp\/v2\/rizoma_family?post=339088"},{"taxonomy":"rizoma_model_category","embeddable":true,"href":"https:\/\/cycle.rizoma.com\/de\/wp-json\/wp\/v2\/rizoma_model_category?post=339088"},{"taxonomy":"rizoma_product_template","embeddable":true,"href":"https:\/\/cycle.rizoma.com\/de\/wp-json\/wp\/v2\/rizoma_product_template?post=339088"},{"taxonomy":"product_brand","embeddable":true,"href":"https:\/\/cycle.rizoma.com\/de\/wp-json\/wp\/v2\/product_brand?post=339088"},{"taxonomy":"product_cat","embeddable":true,"href":"https:\/\/cycle.rizoma.com\/de\/wp-json\/wp\/v2\/product_cat?post=339088"},{"taxonomy":"product_tag","embeddable":true,"href":"https:\/\/cycle.rizoma.com\/de\/wp-json\/wp\/v2\/product_tag?post=339088"}],"curies":[{"name":"wp","href":"https:\/\/api.w.org\/{rel}","templated":true}]}}