{"id":339093,"date":"2025-10-15T04:07:51","date_gmt":"2025-10-15T02:07:51","guid":{"rendered":"https:\/\/www.rizoma.com\/negozio\/americana-schalthebel-pe264\/"},"modified":"2026-02-18T11:13:04","modified_gmt":"2026-02-18T10:13:04","slug":"americana-schalthebel-pe264","status":"publish","type":"product","link":"https:\/\/cycle.rizoma.com\/de\/negozio\/mehr-fur-ihre-harley-davidson\/PE264\/americana-schalthebel-pe264\/motorbike\/12373\/ducati\/monster-937\/","title":{"rendered":"AMERICANA Schalthebel"},"content":{"rendered":"<p>Der AMERICANA Schalthebel ist aus massivem Billet-Aluminium CNC-gefr\u00e4st und verf\u00fcgt \u00fcber eine einstellbare Verbindung mit einem 8-stufigen Exzenterbolzen f\u00fcr eine pr\u00e4zise Passform. Die verbesserte Grifffl\u00e4che sorgt f\u00fcr eine sichere Kontrolle, w\u00e4hrend das Design perfekt zu den AMERICANA Trittbrettern passt und f\u00fcr einen einheitlichen, hochwertigen Look sorgt.<\/p>\n","protected":false},"excerpt":{"rendered":"<p>Der AMERICANA Schalthebel ist aus massivem Billet-Aluminium CNC-gefr\u00e4st und verf\u00fcgt \u00fcber eine einstellbare Verbindung mit einem 8-stufigen Exzenterbolzen f\u00fcr eine pr\u00e4zise Passform. Die verbesserte Grifffl\u00e4che sorgt f\u00fcr eine sichere Kontrolle, w\u00e4hrend das Design perfekt zu den AMERICANA Trittbrettern passt und f\u00fcr einen einheitlichen, hochwertigen Look sorgt.<\/p>\n","protected":false},"featured_media":338933,"template":"","meta":{"_acf_changed":false},"rizoma_assembly_time":[42742],"rizoma_bike":[44136,44078,44057,44056,44293,44265,44116,44264,44262,44117,44118,44139,44141,44247,44289,44295,44294,44297,44075,44079,44077,44076,44080,44296,44301,44249,44110,44101,44111,44113,44140,44286,44302,44044,44043,44045,44288,44285,44281,44115,44109,44106,44245,44284,44282,44279,44169,44170,44071,44073,44072,44130,44132,44131,44273,44158,44163,44069,44067,44068,44066,44129,44135,44137,44263,44261,44175,44145,44152,44062,44061,44064,44060,44058,44059,44114,44267,44266,44126,44119,44128,44255,44253,44271,44269,44270,44268,44037,44100,44097,44039,44038,44099,44098,44042,44041,44040,44074,44127,44125,44124,44300,44104,44272,44112,44107,44108,44103,44105,44102,44138,44122,44134,44133,44159,44167,44275,44283,44277,44280,44276,44299,44298,44305,44304],"rizoma_division":[42652],"rizoma_family":[],"rizoma_model_category":[],"rizoma_product_template":[],"product_brand":[],"product_cat":[42787],"product_tag":[],"class_list":{"0":"post-339093","1":"product","2":"type-product","3":"status-publish","4":"has-post-thumbnail","6":"rizoma_bike-103-road-king-classic-2014-16-flhrc","7":"rizoma_bike-107-electra-glide-2019-20-flht","8":"rizoma_bike-107-electra-glide-ultra-limited-2017-18-flhtk","9":"rizoma_bike-107-electra-glide-ultra-limited-low-2017-18-flhtkl","10":"rizoma_bike-107-freewheeler-2017-18-flrt","11":"rizoma_bike-107-road-glide-2017-fltrx","12":"rizoma_bike-107-road-glide-special-2017-18-fltrxs","13":"rizoma_bike-107-road-glide-ultra-2016-flrtu","14":"rizoma_bike-107-road-glide-ultra-2017-18-fltru","15":"rizoma_bike-107-road-king-2017-flhr","16":"rizoma_bike-107-road-king-classic-2017-18-flhrc","17":"rizoma_bike-107-road-king-classic-2019-20-flhrc","18":"rizoma_bike-107-road-king-special-2017-18-flhrxs","19":"rizoma_bike-107-street-glide-2017-19-flhx","20":"rizoma_bike-107-street-glide-special-2017-19-flhxs","21":"rizoma_bike-107-tri-glide-ultra-2016-flhtcutg","22":"rizoma_bike-107-tri-glide-ultra-2017-18-flhtcutg","23":"rizoma_bike-107-tri-glide-ultra-classic-2014-15-flhtcutg","24":"rizoma_bike-114-electra-glide-revival-2021-22","25":"rizoma_bike-114-electra-glide-ultra-limited-2019-flhtk","26":"rizoma_bike-114-electra-glide-ultra-limited-2020-flhtk","27":"rizoma_bike-114-electra-glide-ultra-limited-2021-22-flhtk","28":"rizoma_bike-114-electra-glide-ultra-limited-low-2019-flhtkl","29":"rizoma_bike-114-freewheeler-2016-flrt","30":"rizoma_bike-114-freewheeler-2019-20-flrt","31":"rizoma_bike-114-limited-2017","32":"rizoma_bike-114-road-glide-limited-2020-flhtkse","33":"rizoma_bike-114-road-glide-limited-2020-fltrk","34":"rizoma_bike-114-road-glide-special-2019-20-fltrxs","35":"rizoma_bike-114-road-glide-ultra-2019-fltrxu","36":"rizoma_bike-114-road-king-special-2019-20-flhr","37":"rizoma_bike-114-street-glide-special-2019-20-flhxs","38":"rizoma_bike-114-tri-glide-ultra-2019-20-flhtcutg","39":"rizoma_bike-117-cvo-tri-glide-2020-21","40":"rizoma_bike-117-cvo-tri-glide-2022-25","41":"rizoma_bike-117-cvo-tri-glide-ultra-2019-20","42":"rizoma_bike-117-limited-2018-19-flhtkse","43":"rizoma_bike-117-limited-2020-flhtkse","44":"rizoma_bike-117-limited-2021-flhtkse","45":"rizoma_bike-117-road-glide-2018-19-fltrxse","46":"rizoma_bike-117-road-glide-2020","47":"rizoma_bike-117-road-glide-2021","48":"rizoma_bike-117-street-glide-2018-19-flhxse","49":"rizoma_bike-117-street-glide-2020-flhxse","50":"rizoma_bike-117-street-glide-2021-flhxse","51":"rizoma_bike-117-street-glide-2022-flhxse","52":"rizoma_bike-1340-softail-2006","53":"rizoma_bike-1450-deluxe-2005-06-flstni","54":"rizoma_bike-1450-electra-glide-standard-2002-09-flhtc","55":"rizoma_bike-1450-electra-glide-standard-iniezione-2002-05-flhti","56":"rizoma_bike-1450-electra-glide-ultra-classic-2006-07-flhtcui","57":"rizoma_bike-1450-road-king-2005-06-flhri","58":"rizoma_bike-1450-road-king-classic-2006-07-flhrci","59":"rizoma_bike-1450-road-king-custom-2005-06-flhrs","60":"rizoma_bike-1450-street-glide-2006-07-flhx","61":"rizoma_bike-1584-cross-bones-2008-11-flstsb","62":"rizoma_bike-1584-deluxe-2007-08-flstn","63":"rizoma_bike-1584-electra-glide-standard-2007-flht","64":"rizoma_bike-1584-electra-glide-standard-2008-10-flht","65":"rizoma_bike-1584-electra-glide-ultra-classic-2007-flhtcu","66":"rizoma_bike-1584-electra-glide-ultra-classic-2008-13-flhtcu","67":"rizoma_bike-1584-road-king-2006-07-flhr","68":"rizoma_bike-1584-road-king-classic-2007-10-flhrc","69":"rizoma_bike-1584-road-king-classic-2007-11-flhrci","70":"rizoma_bike-1584-street-glide-2007-flhx","71":"rizoma_bike-1584-street-glide-2008-10-flhx","72":"rizoma_bike-1585-softail-deluxe-2011-flstn","73":"rizoma_bike-1690-deluxe-2016-17-flstn","74":"rizoma_bike-1690-deluxe-abs-2011-16-flstn","75":"rizoma_bike-1690-electra-glide-classic-2010-12-flhtc","76":"rizoma_bike-1690-electra-glide-ultra-classic-2014-16-flhtcu","77":"rizoma_bike-1690-electra-glide-ultra-limited-2010-13-flhtk","78":"rizoma_bike-1690-electra-glide-ultra-limited-2014-15-flhtk","79":"rizoma_bike-1690-electra-glide-ultra-limited-2016-flhtk","80":"rizoma_bike-1690-electra-glide-ultra-limited-low-2014-16-flhtkl","81":"rizoma_bike-1690-road-glide-2007-12","82":"rizoma_bike-1690-road-glide-special-2013-16","83":"rizoma_bike-1690-road-glide-ultra-2015-16-flrtu","84":"rizoma_bike-1690-road-king-2008-09-flhr","85":"rizoma_bike-1690-road-king-2013-16-flhr","86":"rizoma_bike-1690-road-king-custom-2007-flhrs","87":"rizoma_bike-1690-street-glide-2011-13-flhx","88":"rizoma_bike-1690-street-glide-special-2014-16-flhx","89":"rizoma_bike-1800-road-glide-2008-12-fltrse","90":"rizoma_bike-1800-road-glide-custom-2013-fltrxse","91":"rizoma_bike-1800-road-glide-ultra-2011-12-fltruse","92":"rizoma_bike-1800-road-glide-ultra-2014-16-fltruse","93":"rizoma_bike-cvo-road-glide-2023","94":"rizoma_bike-cvo-road-glide-2024","95":"rizoma_bike-cvo-road-glide-2025-26","96":"rizoma_bike-cvo-road-glide-limited-2022","97":"rizoma_bike-cvo-road-glide-limited-anniversary-2023","98":"rizoma_bike-cvo-road-glide-st-2024","99":"rizoma_bike-cvo-road-glide-st-2025-26","100":"rizoma_bike-cvo-street-glide-2023","101":"rizoma_bike-cvo-street-glide-2024","102":"rizoma_bike-cvo-street-glide-2025-26","103":"rizoma_bike-electra-glide-highway-king-2023","104":"rizoma_bike-flhrc-road-king-classic-2007","105":"rizoma_bike-flhrc-road-king-classic-2008-11","106":"rizoma_bike-flhrc-road-king-classic-2011-13","107":"rizoma_bike-freewheeler-2021-26","108":"rizoma_bike-road-glide-2022","109":"rizoma_bike-road-glide-2024-25","110":"rizoma_bike-road-glide-107-2019-fltrx","111":"rizoma_bike-road-glide-limited-2021-25","112":"rizoma_bike-road-glide-special-2021-23","113":"rizoma_bike-road-glide-special-anniversary-2023","114":"rizoma_bike-road-glide-st-2022-23","115":"rizoma_bike-road-glide-st-fast-johnnie-enthusiast-2023","116":"rizoma_bike-road-king-107-2019-flhr","117":"rizoma_bike-road-king-classic-2014-16","118":"rizoma_bike-road-king-classic-2021-22","119":"rizoma_bike-road-king-special-2021-26","120":"rizoma_bike-softail-deluxe-2008-flstn","121":"rizoma_bike-softail-deluxe-iniezione-1450-2006-flstni","122":"rizoma_bike-street-glide-2024-26","123":"rizoma_bike-street-glide-special-2021-23","124":"rizoma_bike-street-glide-special-anniversary-2023","125":"rizoma_bike-street-glide-st-2022-23","126":"rizoma_bike-street-glide-st-fast-johnnie-enthusiast-2023","127":"rizoma_bike-tri-glide-ultra-2021-26","128":"rizoma_bike-tri-glide-ultra-anniversary-2023","129":"rizoma_bike-ultra-limited-2022-25","130":"rizoma_bike-ultra-limited-anniversary-2023","131":"product_cat-mehr-fur-ihre-harley-davidson","133":"first","134":"instock","135":"taxable","136":"shipping-taxable","137":"purchasable","138":"product-type-variable"},"acf":[],"_links":{"self":[{"href":"https:\/\/cycle.rizoma.com\/de\/wp-json\/wp\/v2\/product\/339093","targetHints":{"allow":["GET"]}}],"collection":[{"href":"https:\/\/cycle.rizoma.com\/de\/wp-json\/wp\/v2\/product"}],"about":[{"href":"https:\/\/cycle.rizoma.com\/de\/wp-json\/wp\/v2\/types\/product"}],"wp:featuredmedia":[{"embeddable":true,"href":"https:\/\/cycle.rizoma.com\/de\/wp-json\/wp\/v2\/media\/338933"}],"wp:attachment":[{"href":"https:\/\/cycle.rizoma.com\/de\/wp-json\/wp\/v2\/media?parent=339093"}],"wp:term":[{"taxonomy":"rizoma_assembly_time","embeddable":true,"href":"https:\/\/cycle.rizoma.com\/de\/wp-json\/wp\/v2\/rizoma_assembly_time?post=339093"},{"taxonomy":"rizoma_bike","embeddable":true,"href":"https:\/\/cycle.rizoma.com\/de\/wp-json\/wp\/v2\/rizoma_bike?post=339093"},{"taxonomy":"rizoma_division","embeddable":true,"href":"https:\/\/cycle.rizoma.com\/de\/wp-json\/wp\/v2\/rizoma_division?post=339093"},{"taxonomy":"rizoma_family","embeddable":true,"href":"https:\/\/cycle.rizoma.com\/de\/wp-json\/wp\/v2\/rizoma_family?post=339093"},{"taxonomy":"rizoma_model_category","embeddable":true,"href":"https:\/\/cycle.rizoma.com\/de\/wp-json\/wp\/v2\/rizoma_model_category?post=339093"},{"taxonomy":"rizoma_product_template","embeddable":true,"href":"https:\/\/cycle.rizoma.com\/de\/wp-json\/wp\/v2\/rizoma_product_template?post=339093"},{"taxonomy":"product_brand","embeddable":true,"href":"https:\/\/cycle.rizoma.com\/de\/wp-json\/wp\/v2\/product_brand?post=339093"},{"taxonomy":"product_cat","embeddable":true,"href":"https:\/\/cycle.rizoma.com\/de\/wp-json\/wp\/v2\/product_cat?post=339093"},{"taxonomy":"product_tag","embeddable":true,"href":"https:\/\/cycle.rizoma.com\/de\/wp-json\/wp\/v2\/product_tag?post=339093"}],"curies":[{"name":"wp","href":"https:\/\/api.w.org\/{rel}","templated":true}]}}