{"id":339784,"date":"2025-11-10T16:12:48","date_gmt":"2025-11-10T15:12:48","guid":{"rendered":"https:\/\/www.rizoma.com\/?post_type=product&#038;p=339784"},"modified":"2025-12-30T09:09:56","modified_gmt":"2025-12-30T08:09:56","slug":"giftcard","status":"publish","type":"product","link":"https:\/\/cycle.rizoma.com\/de\/negozio\/giftcard\/","title":{"rendered":"Giftcard"},"content":{"rendered":"<p><span dir=\"ltr\" role=\"presentation\">Mit der<\/span>\u00a0<span dir=\"ltr\" role=\"presentation\">Rizoma Geschenkkarte<\/span>\u00a0<span dir=\"ltr\" role=\"presentation\">verschenkt man die Freiheit, den eigenen Stil auf zwei R\u00e4dern\u00a0<\/span><span dir=\"ltr\" role=\"presentation\">auszudr\u00fccken.\u00a0<\/span><span dir=\"ltr\" role=\"presentation\">Der Empf\u00e4nger kann sie innerhalb eines Jahres Mit der Rizoma-Geschenkkarte verschenken Sie weit mehr als ein Zubeh\u00f6rteil: Sie bieten die Freiheit, den eigenen Zweirad-Stil mit Komponenten zu personalisieren, die f\u00fcr Qualit\u00e4t, \u00fcberlegene Leistung und exklusives Design entwickelt wurden.<br \/>\nDer Beschenkte kann die Karte innerhalb eines Jahres ab Ausstellungsdatum f\u00fcr den Kauf beliebiger Produkte in unserem Online-Shop verwenden.<br \/>\nDigital und schnell, mit wenigen Klicks versendet, sie kommt direkt per E-Mail an.<\/span><\/p>\n","protected":false},"excerpt":{"rendered":"<p>Mit der\u00a0Rizoma Geschenkkarte\u00a0verschenkt man die Freiheit, den eigenen Stil auf zwei R\u00e4dern\u00a0auszudr\u00fccken.\u00a0Der Empf\u00e4nger kann sie innerhalb eines Jahres Mit der Rizoma-Geschenkkarte verschenken Sie weit mehr als ein Zubeh\u00f6rteil: Sie bieten die Freiheit, den eigenen Zweirad-Stil mit Komponenten zu personalisieren, die f\u00fcr Qualit\u00e4t, \u00fcberlegene Leistung und exklusives Design entwickelt wurden. Der Beschenkte kann die Karte innerhalb [&hellip;]<\/p>\n","protected":false},"featured_media":341450,"template":"","meta":{"_acf_changed":false},"rizoma_assembly_time":[],"rizoma_bike":[],"rizoma_division":[],"rizoma_family":[],"rizoma_model_category":[],"rizoma_product_template":[],"product_brand":[],"product_cat":[15867],"product_tag":[],"class_list":{"0":"post-339784","1":"product","2":"type-product","3":"status-publish","4":"has-post-thumbnail","6":"product_cat-senza-categoria-de","8":"first","9":"instock","10":"purchasable","11":"product-type-variable"},"acf":[],"_links":{"self":[{"href":"https:\/\/cycle.rizoma.com\/de\/wp-json\/wp\/v2\/product\/339784","targetHints":{"allow":["GET"]}}],"collection":[{"href":"https:\/\/cycle.rizoma.com\/de\/wp-json\/wp\/v2\/product"}],"about":[{"href":"https:\/\/cycle.rizoma.com\/de\/wp-json\/wp\/v2\/types\/product"}],"wp:featuredmedia":[{"embeddable":true,"href":"https:\/\/cycle.rizoma.com\/de\/wp-json\/wp\/v2\/media\/341450"}],"wp:attachment":[{"href":"https:\/\/cycle.rizoma.com\/de\/wp-json\/wp\/v2\/media?parent=339784"}],"wp:term":[{"taxonomy":"rizoma_assembly_time","embeddable":true,"href":"https:\/\/cycle.rizoma.com\/de\/wp-json\/wp\/v2\/rizoma_assembly_time?post=339784"},{"taxonomy":"rizoma_bike","embeddable":true,"href":"https:\/\/cycle.rizoma.com\/de\/wp-json\/wp\/v2\/rizoma_bike?post=339784"},{"taxonomy":"rizoma_division","embeddable":true,"href":"https:\/\/cycle.rizoma.com\/de\/wp-json\/wp\/v2\/rizoma_division?post=339784"},{"taxonomy":"rizoma_family","embeddable":true,"href":"https:\/\/cycle.rizoma.com\/de\/wp-json\/wp\/v2\/rizoma_family?post=339784"},{"taxonomy":"rizoma_model_category","embeddable":true,"href":"https:\/\/cycle.rizoma.com\/de\/wp-json\/wp\/v2\/rizoma_model_category?post=339784"},{"taxonomy":"rizoma_product_template","embeddable":true,"href":"https:\/\/cycle.rizoma.com\/de\/wp-json\/wp\/v2\/rizoma_product_template?post=339784"},{"taxonomy":"product_brand","embeddable":true,"href":"https:\/\/cycle.rizoma.com\/de\/wp-json\/wp\/v2\/product_brand?post=339784"},{"taxonomy":"product_cat","embeddable":true,"href":"https:\/\/cycle.rizoma.com\/de\/wp-json\/wp\/v2\/product_cat?post=339784"},{"taxonomy":"product_tag","embeddable":true,"href":"https:\/\/cycle.rizoma.com\/de\/wp-json\/wp\/v2\/product_tag?post=339784"}],"curies":[{"name":"wp","href":"https:\/\/api.w.org\/{rel}","templated":true}]}}