{"id":341059,"date":"2025-12-09T17:16:10","date_gmt":"2025-12-09T16:16:10","guid":{"rendered":"https:\/\/www.rizoma.com\/negozio\/kardanschutzkit-und-radnabenabdeckung-zbw120\/"},"modified":"2025-12-09T17:22:00","modified_gmt":"2025-12-09T16:22:00","slug":"kardanschutzkit-und-radnabenabdeckung-zbw120","status":"publish","type":"product","link":"https:\/\/cycle.rizoma.com\/de\/negozio\/mehr-fur-ihre-bmw\/ZBW120\/kardanschutzkit-und-radnabenabdeckung-zbw120\/","title":{"rendered":"Kardanschutzkit und Radnabenabdeckung"},"content":{"rendered":"<p>Das Rizoma-Radkappen-Kit aus Aluminium wird dank 3D-Pr\u00e4zisionsverfahren zur G\u00e4nze aus dem Vollen gearbeitet (ca. 0,37 kg). Die eloxierte Oberfl\u00e4che sorgt f\u00fcr eine langlebigere Optik.<\/p>\n","protected":false},"excerpt":{"rendered":"<p>Das Rizoma-Radkappen-Kit aus Aluminium wird dank 3D-Pr\u00e4zisionsverfahren zur G\u00e4nze aus dem Vollen gearbeitet (ca. 0,37 kg). Die eloxierte Oberfl\u00e4che sorgt f\u00fcr eine langlebigere Optik.<\/p>\n","protected":false},"featured_media":340836,"template":"","meta":{"_acf_changed":false},"rizoma_assembly_time":[42664],"rizoma_bike":[43897,43723,42289,42128,42301,42290,42283,42305,42177,42575,42591,43987,43988,43989,43990,43991,43394,42604,42605,42606,44444,44445],"rizoma_division":[42652],"rizoma_family":[],"rizoma_model_category":[],"rizoma_product_template":[],"product_brand":[],"product_cat":[42782],"product_tag":[],"class_list":{"0":"post-341059","1":"product","2":"type-product","3":"status-publish","4":"has-post-thumbnail","6":"rizoma_bike-r-12-g-s-2026","7":"rizoma_bike-r-12-ninet-2023-26","8":"rizoma_bike-r-1250-gs-edition-40-years-gs-2021","9":"rizoma_bike-r-1250-gs-2019-20","10":"rizoma_bike-r-1250-gs-2021-24","11":"rizoma_bike-r-1250-gs-adventure-edition-40-years-gs-2020-21","12":"rizoma_bike-r-1250-gs-adventure-2019-20","13":"rizoma_bike-r-1250-gs-adventure-2021-24","14":"rizoma_bike-r-1250-gs-hp-2019","15":"rizoma_bike-r-1250-gs-ultimate-edition-2023","16":"rizoma_bike-r-1300-gs-2023-26","17":"rizoma_bike-r-1300-gs-adventure-2025-26","18":"rizoma_bike-r-1300-gs-adventure-asa-2025-26","19":"rizoma_bike-r-1300-gs-adventure-option-719-karakorum-2025-26","20":"rizoma_bike-r-1300-gs-adventure-triple-black-2025-26","21":"rizoma_bike-r-1300-gs-adventure-trophy-2025-26","22":"rizoma_bike-r-1300-gs-asa-2024-26","23":"rizoma_bike-r-1300-gs-option-719-tramuntana-2023-26","24":"rizoma_bike-r-1300-gs-triple-black-2023-26","25":"rizoma_bike-r-1300-gs-trophy-2023-26","26":"rizoma_bike-r-1300-r-2026","27":"rizoma_bike-r-1300-rs-2026","28":"product_cat-mehr-fur-ihre-bmw","30":"first","31":"instock","32":"taxable","33":"shipping-taxable","34":"purchasable","35":"product-type-variable"},"acf":[],"_links":{"self":[{"href":"https:\/\/cycle.rizoma.com\/de\/wp-json\/wp\/v2\/product\/341059","targetHints":{"allow":["GET"]}}],"collection":[{"href":"https:\/\/cycle.rizoma.com\/de\/wp-json\/wp\/v2\/product"}],"about":[{"href":"https:\/\/cycle.rizoma.com\/de\/wp-json\/wp\/v2\/types\/product"}],"wp:featuredmedia":[{"embeddable":true,"href":"https:\/\/cycle.rizoma.com\/de\/wp-json\/wp\/v2\/media\/340836"}],"wp:attachment":[{"href":"https:\/\/cycle.rizoma.com\/de\/wp-json\/wp\/v2\/media?parent=341059"}],"wp:term":[{"taxonomy":"rizoma_assembly_time","embeddable":true,"href":"https:\/\/cycle.rizoma.com\/de\/wp-json\/wp\/v2\/rizoma_assembly_time?post=341059"},{"taxonomy":"rizoma_bike","embeddable":true,"href":"https:\/\/cycle.rizoma.com\/de\/wp-json\/wp\/v2\/rizoma_bike?post=341059"},{"taxonomy":"rizoma_division","embeddable":true,"href":"https:\/\/cycle.rizoma.com\/de\/wp-json\/wp\/v2\/rizoma_division?post=341059"},{"taxonomy":"rizoma_family","embeddable":true,"href":"https:\/\/cycle.rizoma.com\/de\/wp-json\/wp\/v2\/rizoma_family?post=341059"},{"taxonomy":"rizoma_model_category","embeddable":true,"href":"https:\/\/cycle.rizoma.com\/de\/wp-json\/wp\/v2\/rizoma_model_category?post=341059"},{"taxonomy":"rizoma_product_template","embeddable":true,"href":"https:\/\/cycle.rizoma.com\/de\/wp-json\/wp\/v2\/rizoma_product_template?post=341059"},{"taxonomy":"product_brand","embeddable":true,"href":"https:\/\/cycle.rizoma.com\/de\/wp-json\/wp\/v2\/product_brand?post=341059"},{"taxonomy":"product_cat","embeddable":true,"href":"https:\/\/cycle.rizoma.com\/de\/wp-json\/wp\/v2\/product_cat?post=341059"},{"taxonomy":"product_tag","embeddable":true,"href":"https:\/\/cycle.rizoma.com\/de\/wp-json\/wp\/v2\/product_tag?post=341059"}],"curies":[{"name":"wp","href":"https:\/\/api.w.org\/{rel}","templated":true}]}}