{"id":341159,"date":"2025-12-11T04:05:23","date_gmt":"2025-12-11T03:05:23","guid":{"rendered":"https:\/\/www.rizoma.com\/negozio\/rizoma-light-unit-blinkerkit-vordere-fr854\/"},"modified":"2026-03-30T14:31:12","modified_gmt":"2026-03-30T12:31:12","slug":"rizoma-light-unit-blinkerkit-vordere-fr854","status":"publish","type":"product","link":"https:\/\/cycle.rizoma.com\/de\/negozio\/blinker\/FR854\/rizoma-light-unit-blinkerkit-vordere-fr854\/","title":{"rendered":"Rizoma Light Unit Blinkerkit (Vordere)"},"content":{"rendered":"<p>Im Falle des Austauschs von OEM-R\u00fcckspiegeln, die serienm\u00e4\u00dfig mit integriertem Blinker ausgestattet sind, mit Rizoma Spiegeln ohne integrierten Blinker kann diese Funktion mit dem Rizoma Light Unit vorderen kit wiederhergestellt werden.<br \/>Das Blinker-kit von Rizoma ist die perfekte Erweiterung f\u00fcr alle Panigale V4-Fahrer, die ihrem Fahrzeug eine innovative und sportliche Note verleihen wollen. <br \/>Das Kit ist Plug &#038; Play und wird komplett mit allem Zubeh\u00f6r geliefert, um die Vorderseite Ihrer Ducati anzupassen.Mit E-Zulassung k\u00f6nnen Sie sich auf eine einfache und schnelle Installation und eine gesetzeskonforme Nutzung verlassen.<\/p>\n","protected":false},"excerpt":{"rendered":"<p>Im Falle des Austauschs von OEM-R\u00fcckspiegeln, die serienm\u00e4\u00dfig mit integriertem Blinker ausgestattet sind, mit Rizoma Spiegeln ohne integrierten Blinker kann diese Funktion mit dem Rizoma Light Unit vorderen kit wiederhergestellt werden.Das Blinker-kit von Rizoma ist die perfekte Erweiterung f\u00fcr alle Panigale V4-Fahrer, die ihrem Fahrzeug eine innovative und sportliche Note verleihen wollen. Das Kit ist [&hellip;]<\/p>\n","protected":false},"featured_media":337926,"template":"","meta":{"_acf_changed":false},"rizoma_assembly_time":[42675],"rizoma_bike":[42432,43699,42101,42215,42425,42197,42335,42477,42545,42546,44015,42153,44017,42539,42433,43700,42093,42216,42426,42162,43704,43705,42612,42102,44014,44016,42251,42312],"rizoma_division":[42652],"rizoma_family":[43884],"rizoma_model_category":[],"rizoma_product_template":[],"product_brand":[],"product_cat":[42715],"product_tag":[],"class_list":{"0":"post-341159","1":"product","2":"type-product","3":"status-publish","4":"has-post-thumbnail","6":"rizoma_bike-panigale-v4-2022-24","7":"rizoma_bike-panigale-v4-2025-26","8":"rizoma_bike-panigale-v4-1100-2018-19","9":"rizoma_bike-panigale-v4-1100-2020","10":"rizoma_bike-panigale-v4-1100-2021","11":"rizoma_bike-panigale-v4-1100-25-anniversario-2019-20","12":"rizoma_bike-panigale-v4-1100-sp-2021","13":"rizoma_bike-panigale-v4-1100-sp2-2022-23","14":"rizoma_bike-panigale-v4-bagnaia-2022-world-champion-replica-2023","15":"rizoma_bike-panigale-v4-bautista-2022-world-champion-replica-2023","16":"rizoma_bike-panigale-v4-lamborghini-2026","17":"rizoma_bike-panigale-v4-r-2023-24","18":"rizoma_bike-panigale-v4-r-2026","19":"rizoma_bike-panigale-v4-r-1000-2019-20","20":"rizoma_bike-panigale-v4-s-2022-24","21":"rizoma_bike-panigale-v4-s-2025-26","22":"rizoma_bike-panigale-v4-s-1100-2018-19","23":"rizoma_bike-panigale-v4-s-1100-2020","24":"rizoma_bike-panigale-v4-s-1100-2021","25":"rizoma_bike-panigale-v4-s-1100-corse-2019","26":"rizoma_bike-panigale-v4-s-carbon-2025-26","27":"rizoma_bike-panigale-v4-s-carbon-pro-2025-26","28":"rizoma_bike-panigale-v4-sp2-30-anniversario-916-2024","29":"rizoma_bike-panigale-v4-speciale-1100-2018-19","30":"rizoma_bike-panigale-v4-tricolore-2025-26","31":"rizoma_bike-panigale-v4-tricolore-italia-2025-26","32":"rizoma_bike-superleggera-v4-1000-2020","33":"rizoma_bike-superleggera-v4-1000-2021-23","34":"product_cat-blinker","36":"first","37":"instock","38":"taxable","39":"shipping-taxable","40":"purchasable","41":"product-type-variable"},"acf":[],"_links":{"self":[{"href":"https:\/\/cycle.rizoma.com\/de\/wp-json\/wp\/v2\/product\/341159","targetHints":{"allow":["GET"]}}],"collection":[{"href":"https:\/\/cycle.rizoma.com\/de\/wp-json\/wp\/v2\/product"}],"about":[{"href":"https:\/\/cycle.rizoma.com\/de\/wp-json\/wp\/v2\/types\/product"}],"wp:featuredmedia":[{"embeddable":true,"href":"https:\/\/cycle.rizoma.com\/de\/wp-json\/wp\/v2\/media\/337926"}],"wp:attachment":[{"href":"https:\/\/cycle.rizoma.com\/de\/wp-json\/wp\/v2\/media?parent=341159"}],"wp:term":[{"taxonomy":"rizoma_assembly_time","embeddable":true,"href":"https:\/\/cycle.rizoma.com\/de\/wp-json\/wp\/v2\/rizoma_assembly_time?post=341159"},{"taxonomy":"rizoma_bike","embeddable":true,"href":"https:\/\/cycle.rizoma.com\/de\/wp-json\/wp\/v2\/rizoma_bike?post=341159"},{"taxonomy":"rizoma_division","embeddable":true,"href":"https:\/\/cycle.rizoma.com\/de\/wp-json\/wp\/v2\/rizoma_division?post=341159"},{"taxonomy":"rizoma_family","embeddable":true,"href":"https:\/\/cycle.rizoma.com\/de\/wp-json\/wp\/v2\/rizoma_family?post=341159"},{"taxonomy":"rizoma_model_category","embeddable":true,"href":"https:\/\/cycle.rizoma.com\/de\/wp-json\/wp\/v2\/rizoma_model_category?post=341159"},{"taxonomy":"rizoma_product_template","embeddable":true,"href":"https:\/\/cycle.rizoma.com\/de\/wp-json\/wp\/v2\/rizoma_product_template?post=341159"},{"taxonomy":"product_brand","embeddable":true,"href":"https:\/\/cycle.rizoma.com\/de\/wp-json\/wp\/v2\/product_brand?post=341159"},{"taxonomy":"product_cat","embeddable":true,"href":"https:\/\/cycle.rizoma.com\/de\/wp-json\/wp\/v2\/product_cat?post=341159"},{"taxonomy":"product_tag","embeddable":true,"href":"https:\/\/cycle.rizoma.com\/de\/wp-json\/wp\/v2\/product_tag?post=341159"}],"curies":[{"name":"wp","href":"https:\/\/api.w.org\/{rel}","templated":true}]}}