{"id":344952,"date":"2026-03-30T14:05:25","date_gmt":"2026-03-30T12:05:25","guid":{"rendered":"http:\/\/rwp.rizoma.com\/negozio\/kennzeichentrager-outside-street-pt726\/"},"modified":"2026-03-30T14:05:44","modified_gmt":"2026-03-30T12:05:44","slug":"kennzeichentrager-outside-street-pt726","status":"publish","type":"product","link":"https:\/\/cycle.rizoma.com\/de\/negozio\/kennzeichentrager\/PT726\/kennzeichentrager-outside-street-pt726\/","title":{"rendered":"Kennzeichentr\u00e4ger Outside Street"},"content":{"rendered":"<p>Outside Street: die Kennzeichentr\u00e4ger, die ein neues Gef\u00fchl von essenziellem Design definiert.<br \/>Mit einer seitlichen Halterung aus massivem Aluminium revolutioniert dieses Produkt die Positionierung des Kennzeichens und vereint Eleganz mit Robustheit.<br \/>Ma\u00dfgeschneidert entwickelt, gew\u00e4hrleistet es perfekte Integration.<br \/>Das Kit enth\u00e4lt 173&#215;173 mm und USA Kennzeichenplatten, zugelassenes Kennzeichenlicht und Reflektor sowie Unterheck-Abdeckung.<\/p>\n","protected":false},"excerpt":{"rendered":"<p>Outside Street: die Kennzeichentr\u00e4ger, die ein neues Gef\u00fchl von essenziellem Design definiert.Mit einer seitlichen Halterung aus massivem Aluminium revolutioniert dieses Produkt die Positionierung des Kennzeichens und vereint Eleganz mit Robustheit.Ma\u00dfgeschneidert entwickelt, gew\u00e4hrleistet es perfekte Integration.Das Kit enth\u00e4lt 173&#215;173 mm und USA Kennzeichenplatten, zugelassenes Kennzeichenlicht und Reflektor sowie Unterheck-Abdeckung.<\/p>\n","protected":false},"featured_media":344406,"template":"","meta":{"_acf_changed":false},"rizoma_assembly_time":[42691],"rizoma_bike":[43723],"rizoma_division":[42652],"rizoma_family":[],"rizoma_model_category":[],"rizoma_product_template":[],"product_brand":[],"product_cat":[42767],"product_tag":[],"class_list":{"0":"post-344952","1":"product","2":"type-product","3":"status-publish","4":"has-post-thumbnail","6":"rizoma_bike-r-12-ninet-2023-26","7":"product_cat-kennzeichentrager","9":"first","10":"instock","11":"taxable","12":"shipping-taxable","13":"purchasable","14":"product-type-variable"},"acf":[],"_links":{"self":[{"href":"https:\/\/cycle.rizoma.com\/de\/wp-json\/wp\/v2\/product\/344952","targetHints":{"allow":["GET"]}}],"collection":[{"href":"https:\/\/cycle.rizoma.com\/de\/wp-json\/wp\/v2\/product"}],"about":[{"href":"https:\/\/cycle.rizoma.com\/de\/wp-json\/wp\/v2\/types\/product"}],"wp:featuredmedia":[{"embeddable":true,"href":"https:\/\/cycle.rizoma.com\/de\/wp-json\/wp\/v2\/media\/344406"}],"wp:attachment":[{"href":"https:\/\/cycle.rizoma.com\/de\/wp-json\/wp\/v2\/media?parent=344952"}],"wp:term":[{"taxonomy":"rizoma_assembly_time","embeddable":true,"href":"https:\/\/cycle.rizoma.com\/de\/wp-json\/wp\/v2\/rizoma_assembly_time?post=344952"},{"taxonomy":"rizoma_bike","embeddable":true,"href":"https:\/\/cycle.rizoma.com\/de\/wp-json\/wp\/v2\/rizoma_bike?post=344952"},{"taxonomy":"rizoma_division","embeddable":true,"href":"https:\/\/cycle.rizoma.com\/de\/wp-json\/wp\/v2\/rizoma_division?post=344952"},{"taxonomy":"rizoma_family","embeddable":true,"href":"https:\/\/cycle.rizoma.com\/de\/wp-json\/wp\/v2\/rizoma_family?post=344952"},{"taxonomy":"rizoma_model_category","embeddable":true,"href":"https:\/\/cycle.rizoma.com\/de\/wp-json\/wp\/v2\/rizoma_model_category?post=344952"},{"taxonomy":"rizoma_product_template","embeddable":true,"href":"https:\/\/cycle.rizoma.com\/de\/wp-json\/wp\/v2\/rizoma_product_template?post=344952"},{"taxonomy":"product_brand","embeddable":true,"href":"https:\/\/cycle.rizoma.com\/de\/wp-json\/wp\/v2\/product_brand?post=344952"},{"taxonomy":"product_cat","embeddable":true,"href":"https:\/\/cycle.rizoma.com\/de\/wp-json\/wp\/v2\/product_cat?post=344952"},{"taxonomy":"product_tag","embeddable":true,"href":"https:\/\/cycle.rizoma.com\/de\/wp-json\/wp\/v2\/product_tag?post=344952"}],"curies":[{"name":"wp","href":"https:\/\/api.w.org\/{rel}","templated":true}]}}