{"id":345958,"date":"2026-04-28T04:05:18","date_gmt":"2026-04-28T02:05:18","guid":{"rendered":"http:\/\/rwp.rizoma.com\/negozio\/zusatzlicher-offroad-fusrasten-satz-hrc-pe660\/"},"modified":"2026-04-28T04:05:34","modified_gmt":"2026-04-28T02:05:34","slug":"zusatzlicher-offroad-fusrasten-satz-hrc-pe660","status":"publish","type":"product","link":"https:\/\/cycle.rizoma.com\/de\/negozio\/fusrasten\/HRC-PE660\/zusatzlicher-offroad-fusrasten-satz-hrc-pe660\/","title":{"rendered":"Zus\u00e4tzlicher Offroad-Fu\u00dfrasten-Satz"},"content":{"rendered":"<p>Offroad-Fu\u00dfrasten, aus dem Vollen aus Aluminium gefertigt.<br \/>Die \u00e4u\u00dfere Verzahnung aus satiniertem Stahl ist so ausgerichtet, dass ein seitlicher Gripverlust vermieden wird, insbesondere wenn der Fahrer mehr Druck mit dem Fu\u00df auf den \u00e4u\u00dferen Bereich der Fu\u00dfraste aus\u00fcbt.<\/p>\n<p>Mit T\u00dcV-Zertifizierung.<\/p>\n","protected":false},"excerpt":{"rendered":"<p>Offroad-Fu\u00dfrasten, aus dem Vollen aus Aluminium gefertigt.Die \u00e4u\u00dfere Verzahnung aus satiniertem Stahl ist so ausgerichtet, dass ein seitlicher Gripverlust vermieden wird, insbesondere wenn der Fahrer mehr Druck mit dem Fu\u00df auf den \u00e4u\u00dferen Bereich der Fu\u00dfraste aus\u00fcbt. Mit T\u00dcV-Zertifizierung.<\/p>\n","protected":false},"featured_media":297292,"template":"","meta":{"_acf_changed":false},"rizoma_assembly_time":[42664],"rizoma_bike":[42018,42112,42119,42068,42113],"rizoma_division":[42652],"rizoma_family":[],"rizoma_model_category":[],"rizoma_product_template":[],"product_brand":[],"product_cat":[42751],"product_tag":[],"class_list":{"0":"post-345958","1":"product","2":"type-product","3":"status-publish","4":"has-post-thumbnail","6":"rizoma_bike-x-adv-750-2017","7":"rizoma_bike-x-adv-750-2018-20","8":"rizoma_bike-x-adv-750-desert-track-2018-20","9":"rizoma_bike-x-adv-750-travel-edition-2017","10":"rizoma_bike-x-adv-750-travel-edition-2018-20","11":"product_cat-fusrasten","13":"first","14":"outofstock","15":"sale","16":"taxable","17":"shipping-taxable","18":"purchasable","19":"product-type-variable"},"acf":[],"_links":{"self":[{"href":"https:\/\/cycle.rizoma.com\/de\/wp-json\/wp\/v2\/product\/345958","targetHints":{"allow":["GET"]}}],"collection":[{"href":"https:\/\/cycle.rizoma.com\/de\/wp-json\/wp\/v2\/product"}],"about":[{"href":"https:\/\/cycle.rizoma.com\/de\/wp-json\/wp\/v2\/types\/product"}],"wp:featuredmedia":[{"embeddable":true,"href":"https:\/\/cycle.rizoma.com\/de\/wp-json\/wp\/v2\/media\/297292"}],"wp:attachment":[{"href":"https:\/\/cycle.rizoma.com\/de\/wp-json\/wp\/v2\/media?parent=345958"}],"wp:term":[{"taxonomy":"rizoma_assembly_time","embeddable":true,"href":"https:\/\/cycle.rizoma.com\/de\/wp-json\/wp\/v2\/rizoma_assembly_time?post=345958"},{"taxonomy":"rizoma_bike","embeddable":true,"href":"https:\/\/cycle.rizoma.com\/de\/wp-json\/wp\/v2\/rizoma_bike?post=345958"},{"taxonomy":"rizoma_division","embeddable":true,"href":"https:\/\/cycle.rizoma.com\/de\/wp-json\/wp\/v2\/rizoma_division?post=345958"},{"taxonomy":"rizoma_family","embeddable":true,"href":"https:\/\/cycle.rizoma.com\/de\/wp-json\/wp\/v2\/rizoma_family?post=345958"},{"taxonomy":"rizoma_model_category","embeddable":true,"href":"https:\/\/cycle.rizoma.com\/de\/wp-json\/wp\/v2\/rizoma_model_category?post=345958"},{"taxonomy":"rizoma_product_template","embeddable":true,"href":"https:\/\/cycle.rizoma.com\/de\/wp-json\/wp\/v2\/rizoma_product_template?post=345958"},{"taxonomy":"product_brand","embeddable":true,"href":"https:\/\/cycle.rizoma.com\/de\/wp-json\/wp\/v2\/product_brand?post=345958"},{"taxonomy":"product_cat","embeddable":true,"href":"https:\/\/cycle.rizoma.com\/de\/wp-json\/wp\/v2\/product_cat?post=345958"},{"taxonomy":"product_tag","embeddable":true,"href":"https:\/\/cycle.rizoma.com\/de\/wp-json\/wp\/v2\/product_tag?post=345958"}],"curies":[{"name":"wp","href":"https:\/\/api.w.org\/{rel}","templated":true}]}}