{"id":345963,"date":"2026-04-28T04:05:25","date_gmt":"2026-04-28T02:05:25","guid":{"rendered":"http:\/\/rwp.rizoma.com\/negozio\/halter-fur-zusatzliche-offroad-fusrasten-hrc-pe670\/"},"modified":"2026-04-28T04:05:41","modified_gmt":"2026-04-28T02:05:41","slug":"halter-fur-zusatzliche-offroad-fusrasten-hrc-pe670","status":"publish","type":"product","link":"https:\/\/cycle.rizoma.com\/de\/negozio\/fusrasten\/HRC-PE670\/halter-fur-zusatzliche-offroad-fusrasten-hrc-pe670\/","title":{"rendered":"Halter f\u00fcr zus\u00e4tzliche Offroad-Fu\u00dfrasten"},"content":{"rendered":"<p>Die Offroad-Fu\u00dfrastenhalter, aus dem Vollen gefr\u00e4st aus Aluminium, entwickeln und verfeinern den Urban-Explorer-Charakter des Fahrzeugs weiter.<br \/>Das Kit erm\u00f6glicht die Montage zus\u00e4tzlicher Fu\u00dfrasten, die dank ihrer nach hinten versetzten Position das Fahren im Stehen auf anspruchsvollsten Offroad-Strecken erlauben. Dies sorgt nicht nur f\u00fcr mehr Fahrspa\u00df, sondern auch f\u00fcr mehr Sicherheit durch bessere Fahrzeugkontrolle und eine optimierte Gewichtsverteilung w\u00e4hrend der Fahrt.<\/p>\n<p>Vielseitigkeit und Komfort sind die zentralen Eigenschaften dieses Produkts.<br \/>Die intensive ergonomische Entwicklung konzentrierte sich nicht nur auf den Offroad-Einsatz, sondern auch auf die Alltagstauglichkeit: Die Halter erm\u00f6glichen das Einklappen der Fu\u00dfrasten und sorgen so f\u00fcr mehr Komfort im Stadtverkehr.<\/p>\n<p>Mit T\u00dcV-Zertifizierung.<\/p>\n","protected":false},"excerpt":{"rendered":"<p>Die Offroad-Fu\u00dfrastenhalter, aus dem Vollen gefr\u00e4st aus Aluminium, entwickeln und verfeinern den Urban-Explorer-Charakter des Fahrzeugs weiter.Das Kit erm\u00f6glicht die Montage zus\u00e4tzlicher Fu\u00dfrasten, die dank ihrer nach hinten versetzten Position das Fahren im Stehen auf anspruchsvollsten Offroad-Strecken erlauben. Dies sorgt nicht nur f\u00fcr mehr Fahrspa\u00df, sondern auch f\u00fcr mehr Sicherheit durch bessere Fahrzeugkontrolle und eine optimierte [&hellip;]<\/p>\n","protected":false},"featured_media":293977,"template":"","meta":{"_acf_changed":false},"rizoma_assembly_time":[42753],"rizoma_bike":[42018,42112,42119,42068,42113],"rizoma_division":[42652],"rizoma_family":[42746],"rizoma_model_category":[],"rizoma_product_template":[],"product_brand":[],"product_cat":[42751],"product_tag":[],"class_list":{"0":"post-345963","1":"product","2":"type-product","3":"status-publish","4":"has-post-thumbnail","6":"rizoma_bike-x-adv-750-2017","7":"rizoma_bike-x-adv-750-2018-20","8":"rizoma_bike-x-adv-750-desert-track-2018-20","9":"rizoma_bike-x-adv-750-travel-edition-2017","10":"rizoma_bike-x-adv-750-travel-edition-2018-20","11":"product_cat-fusrasten","13":"first","14":"outofstock","15":"sale","16":"taxable","17":"shipping-taxable","18":"purchasable","19":"product-type-variable"},"acf":[],"_links":{"self":[{"href":"https:\/\/cycle.rizoma.com\/de\/wp-json\/wp\/v2\/product\/345963","targetHints":{"allow":["GET"]}}],"collection":[{"href":"https:\/\/cycle.rizoma.com\/de\/wp-json\/wp\/v2\/product"}],"about":[{"href":"https:\/\/cycle.rizoma.com\/de\/wp-json\/wp\/v2\/types\/product"}],"wp:featuredmedia":[{"embeddable":true,"href":"https:\/\/cycle.rizoma.com\/de\/wp-json\/wp\/v2\/media\/293977"}],"wp:attachment":[{"href":"https:\/\/cycle.rizoma.com\/de\/wp-json\/wp\/v2\/media?parent=345963"}],"wp:term":[{"taxonomy":"rizoma_assembly_time","embeddable":true,"href":"https:\/\/cycle.rizoma.com\/de\/wp-json\/wp\/v2\/rizoma_assembly_time?post=345963"},{"taxonomy":"rizoma_bike","embeddable":true,"href":"https:\/\/cycle.rizoma.com\/de\/wp-json\/wp\/v2\/rizoma_bike?post=345963"},{"taxonomy":"rizoma_division","embeddable":true,"href":"https:\/\/cycle.rizoma.com\/de\/wp-json\/wp\/v2\/rizoma_division?post=345963"},{"taxonomy":"rizoma_family","embeddable":true,"href":"https:\/\/cycle.rizoma.com\/de\/wp-json\/wp\/v2\/rizoma_family?post=345963"},{"taxonomy":"rizoma_model_category","embeddable":true,"href":"https:\/\/cycle.rizoma.com\/de\/wp-json\/wp\/v2\/rizoma_model_category?post=345963"},{"taxonomy":"rizoma_product_template","embeddable":true,"href":"https:\/\/cycle.rizoma.com\/de\/wp-json\/wp\/v2\/rizoma_product_template?post=345963"},{"taxonomy":"product_brand","embeddable":true,"href":"https:\/\/cycle.rizoma.com\/de\/wp-json\/wp\/v2\/product_brand?post=345963"},{"taxonomy":"product_cat","embeddable":true,"href":"https:\/\/cycle.rizoma.com\/de\/wp-json\/wp\/v2\/product_cat?post=345963"},{"taxonomy":"product_tag","embeddable":true,"href":"https:\/\/cycle.rizoma.com\/de\/wp-json\/wp\/v2\/product_tag?post=345963"}],"curies":[{"name":"wp","href":"https:\/\/api.w.org\/{rel}","templated":true}]}}