{"id":96437,"date":"2024-04-18T12:40:43","date_gmt":"2024-04-18T10:40:43","guid":{"rendered":"https:\/\/rizoma.com\/welcome\/"},"modified":"2025-09-18T14:27:10","modified_gmt":"2025-09-18T12:27:10","slug":"welcome","status":"publish","type":"page","link":"https:\/\/cycle.rizoma.com\/es\/welcome\/","title":{"rendered":"Welcome"},"content":{"rendered":"\n<div class=\"wp-block-columns is-layout-flex wp-container-core-columns-is-layout-9d6595d7 wp-block-columns-is-layout-flex\">\n<div class=\"wp-block-column is-layout-flow wp-block-column-is-layout-flow\">\n<h3 class=\"wp-block-heading\">Instrucciones y advertencias de seguridad<\/h3>\n\n\n\n<p><strong>Lee atentamente esta informaci\u00f3n antes de instalar o utilizar el producto.<\/strong> Conserva esta gu\u00eda como referencia para el futuro.<br><br>Rizoma declina toda responsabilidad por cualquier da\u00f1o, de cualquier tipo, que pueda ser causado, directa o indirectamente, a personas o cosas debido a una instalaci\u00f3n incorrecta o al incumplimiento de todas las instrucciones de montaje.<\/p>\n<\/div>\n\n\n\n<div class=\"wp-block-column is-layout-flow wp-block-column-is-layout-flow\">\n<details class=\"wp-block-details is-layout-flow wp-block-details-is-layout-flow\"><summary>Montaje<\/summary>\n<p>Rizoma recomienda seguir siempre cuidadosamente las instrucciones de montaje. En caso de duda sobre la instalaci\u00f3n o el uso del producto, contacta con Rizoma o con el servicio de atenci\u00f3n al cliente.<br>Los productos Rizoma podr\u00edan no ser compatibles con tu motocicleta o con componentes aftermarket ya instalados. Para mayor seguridad, se aconseja contactar con el servicio al cliente y confiar la instalaci\u00f3n a personal especializado.<br>El montaje, las reparaciones o el mantenimiento incorrectos pueden causar da\u00f1os.<\/p>\n\n\n\n<p>Adem\u00e1s, Rizoma recomienda siempre utilizar llaves con medida en mil\u00edmetros (mm). El uso de llaves en pulgadas no garantiza un ajuste preciso con la torniller\u00eda, lo que conlleva el riesgo de da\u00f1ar tornillos, tuercas o componentes, y de no lograr un apriete correcto, provocando fallos de funcionamiento y riesgos para la seguridad.<\/p>\n<\/details>\n\n\n\n<details class=\"wp-block-details is-layout-flow wp-block-details-is-layout-flow\"><summary>Homologaci\u00f3n<\/summary>\n<p>Se ruega verificar y registrar siempre todos los accesorios sujetos a homologaci\u00f3n ante el organismo competente, para actualizar la documentaci\u00f3n del veh\u00edculo cuando sea necesario.<\/p>\n<\/details>\n\n\n\n<details class=\"wp-block-details is-layout-flow wp-block-details-is-layout-flow\"><summary>Mantenimiento<\/summary>\n<p>Los productos Rizoma requieren un mantenimiento regular. En cualquier caso, se recomienda no reparar ni modificar los productos Rizoma por iniciativa propia y sustituir siempre los componentes con repuestos originales Rizoma.<\/p>\n<\/details>\n<\/div>\n<\/div>\n","protected":false},"excerpt":{"rendered":"<p>Instrucciones y advertencias de seguridad Lee atentamente esta informaci\u00f3n antes de instalar o utilizar el producto. Conserva esta gu\u00eda como referencia para el futuro. Rizoma declina toda responsabilidad por cualquier da\u00f1o, de cualquier tipo, que pueda ser causado, directa o indirectamente, a personas o cosas debido a una instalaci\u00f3n incorrecta o al incumplimiento de todas [&hellip;]<\/p>\n","protected":false},"author":26,"featured_media":0,"parent":0,"menu_order":0,"comment_status":"closed","ping_status":"closed","template":"page-welcome.php","meta":{"_acf_changed":false,"footnotes":""},"class_list":["post-96437","page","type-page","status-publish","hentry"],"acf":[],"_links":{"self":[{"href":"https:\/\/cycle.rizoma.com\/es\/wp-json\/wp\/v2\/pages\/96437","targetHints":{"allow":["GET"]}}],"collection":[{"href":"https:\/\/cycle.rizoma.com\/es\/wp-json\/wp\/v2\/pages"}],"about":[{"href":"https:\/\/cycle.rizoma.com\/es\/wp-json\/wp\/v2\/types\/page"}],"author":[{"embeddable":true,"href":"https:\/\/cycle.rizoma.com\/es\/wp-json\/wp\/v2\/users\/26"}],"replies":[{"embeddable":true,"href":"https:\/\/cycle.rizoma.com\/es\/wp-json\/wp\/v2\/comments?post=96437"}],"version-history":[{"count":0,"href":"https:\/\/cycle.rizoma.com\/es\/wp-json\/wp\/v2\/pages\/96437\/revisions"}],"wp:attachment":[{"href":"https:\/\/cycle.rizoma.com\/es\/wp-json\/wp\/v2\/media?parent=96437"}],"curies":[{"name":"wp","href":"https:\/\/api.w.org\/{rel}","templated":true}]}}