{"id":313883,"date":"2024-11-21T16:07:45","date_gmt":"2024-11-21T15:07:45","guid":{"rendered":"https:\/\/rwp.rizoma.com\/negozio\/kit-de-montaje-espejo-para-carenado-bs779\/"},"modified":"2025-01-14T10:39:39","modified_gmt":"2025-01-14T09:39:39","slug":"kit-de-montaje-espejo-para-carenado-bs779","status":"publish","type":"product","link":"https:\/\/cycle.rizoma.com\/es\/negozio\/espejos-retrovisores\/BS779\/kit-de-montaje-espejo-para-carenado-bs779\/","title":{"rendered":"Kit de montaje espejo para carenado"},"content":{"rendered":"<p>Cada adaptador Rizoma espec\u00edfico de espejo est\u00e1 realizado para el modelo de moto correspondiente, con el fin de garantizar la mejor fijaci\u00f3n al manillar. En aluminio mecanizado a partir de un bloque macizo para conferir resistencia y durabilidad incluso frente a exigencias m\u00e1ximas.<\/p>\n","protected":false},"excerpt":{"rendered":"<p>Cada adaptador Rizoma espec\u00edfico de espejo est\u00e1 realizado para el modelo de moto correspondiente, con el fin de garantizar la mejor fijaci\u00f3n al manillar. En aluminio mecanizado a partir de un bloque macizo para conferir resistencia y durabilidad incluso frente a exigencias m\u00e1ximas.<\/p>\n","protected":false},"featured_media":297447,"template":"","meta":{"_acf_changed":false},"rizoma_assembly_time":[42664],"rizoma_bike":[41922,41688,41791,42142,42209,42595,42614,42170,42254,42255,43972,41982,42596,43973,42597,42615,43974],"rizoma_division":[42653],"rizoma_family":[42669],"rizoma_model_category":[],"rizoma_product_template":[],"product_brand":[],"product_cat":[43943],"product_tag":[],"class_list":{"0":"post-313883","1":"product","2":"type-product","3":"status-publish","4":"has-post-thumbnail","6":"rizoma_bike-ninja-300-abs-2012-16","7":"rizoma_bike-ninja-600-zx-6r-2009-16","8":"rizoma_bike-ninja-636-zx-6r-2013","9":"rizoma_bike-ninja-636-zx-6r-2019-20","10":"rizoma_bike-ninja-636-zx-6r-2020","11":"rizoma_bike-ninja-636-zx-6r-2024-26","12":"rizoma_bike-ninja-636-zx-6r-40th-anniversary-edition-2024","13":"rizoma_bike-ninja-636-zx-6r-krt-2019-20","14":"rizoma_bike-ninja-636-zx-6r-krt-performance-2019-20","15":"rizoma_bike-ninja-636-zx-6r-performance-2019-20","16":"rizoma_bike-ninja-636-zx-6r-performance-2025-26","17":"rizoma_bike-ninja-650-2017-19","18":"rizoma_bike-ninja-zx-4r-2024-26","19":"rizoma_bike-ninja-zx-4r-performance-2025-26","20":"rizoma_bike-ninja-zx-4rr-2024-26","21":"rizoma_bike-ninja-zx-4rr-40th-anniversay-edition-2024","22":"rizoma_bike-ninja-zx-4rr-performance-2025-26","23":"product_cat-espejos-retrovisores","25":"first","26":"instock","27":"taxable","28":"shipping-taxable","29":"purchasable","30":"product-type-variable"},"acf":[],"_links":{"self":[{"href":"https:\/\/cycle.rizoma.com\/es\/wp-json\/wp\/v2\/product\/313883","targetHints":{"allow":["GET"]}}],"collection":[{"href":"https:\/\/cycle.rizoma.com\/es\/wp-json\/wp\/v2\/product"}],"about":[{"href":"https:\/\/cycle.rizoma.com\/es\/wp-json\/wp\/v2\/types\/product"}],"wp:featuredmedia":[{"embeddable":true,"href":"https:\/\/cycle.rizoma.com\/es\/wp-json\/wp\/v2\/media\/297447"}],"wp:attachment":[{"href":"https:\/\/cycle.rizoma.com\/es\/wp-json\/wp\/v2\/media?parent=313883"}],"wp:term":[{"taxonomy":"rizoma_assembly_time","embeddable":true,"href":"https:\/\/cycle.rizoma.com\/es\/wp-json\/wp\/v2\/rizoma_assembly_time?post=313883"},{"taxonomy":"rizoma_bike","embeddable":true,"href":"https:\/\/cycle.rizoma.com\/es\/wp-json\/wp\/v2\/rizoma_bike?post=313883"},{"taxonomy":"rizoma_division","embeddable":true,"href":"https:\/\/cycle.rizoma.com\/es\/wp-json\/wp\/v2\/rizoma_division?post=313883"},{"taxonomy":"rizoma_family","embeddable":true,"href":"https:\/\/cycle.rizoma.com\/es\/wp-json\/wp\/v2\/rizoma_family?post=313883"},{"taxonomy":"rizoma_model_category","embeddable":true,"href":"https:\/\/cycle.rizoma.com\/es\/wp-json\/wp\/v2\/rizoma_model_category?post=313883"},{"taxonomy":"rizoma_product_template","embeddable":true,"href":"https:\/\/cycle.rizoma.com\/es\/wp-json\/wp\/v2\/rizoma_product_template?post=313883"},{"taxonomy":"product_brand","embeddable":true,"href":"https:\/\/cycle.rizoma.com\/es\/wp-json\/wp\/v2\/product_brand?post=313883"},{"taxonomy":"product_cat","embeddable":true,"href":"https:\/\/cycle.rizoma.com\/es\/wp-json\/wp\/v2\/product_cat?post=313883"},{"taxonomy":"product_tag","embeddable":true,"href":"https:\/\/cycle.rizoma.com\/es\/wp-json\/wp\/v2\/product_tag?post=313883"}],"curies":[{"name":"wp","href":"https:\/\/api.w.org\/{rel}","templated":true}]}}