{"id":313933,"date":"2024-11-21T16:09:52","date_gmt":"2024-11-21T15:09:52","guid":{"rendered":"https:\/\/rwp.rizoma.com\/negozio\/deposito-de-fluido-embrague-ct031\/"},"modified":"2025-07-16T17:14:44","modified_gmt":"2025-07-16T15:14:44","slug":"deposito-de-fluido-embrague-ct031","status":"publish","type":"product","link":"https:\/\/cycle.rizoma.com\/es\/negozio\/depositos-de-fluido\/CT031\/deposito-de-fluido-embrague-ct031\/","title":{"rendered":"Dep\u00f3sito de fluido embrague"},"content":{"rendered":"<p>De dise\u00f1o simple pero inconfundible, los dep\u00f3sitos Rizoma confieren estilo y seguridad a tu moto. Realizados totalmente en aluminio mecanizado a partir de un bloque macizo, se someten a un tratamiento superficial de anodizado que, adem\u00e1s de permitir una amplia gama de colores, garantiza calidad y durabilidad. Dotados de homologaci\u00f3n T\u00dcV\/ABE.<\/p>\n","protected":false},"excerpt":{"rendered":"<p>De dise\u00f1o simple pero inconfundible, los dep\u00f3sitos Rizoma confieren estilo y seguridad a tu moto. Realizados totalmente en aluminio mecanizado a partir de un bloque macizo, se someten a un tratamiento superficial de anodizado que, adem\u00e1s de permitir una amplia gama de colores, garantiza calidad y durabilidad. Dotados de homologaci\u00f3n T\u00dcV\/ABE.<\/p>\n","protected":false},"featured_media":293402,"template":"","meta":{"_acf_changed":false},"rizoma_assembly_time":[42691],"rizoma_bike":[41440],"rizoma_division":[42653],"rizoma_family":[42696],"rizoma_model_category":[],"rizoma_product_template":[],"product_brand":[],"product_cat":[42690],"product_tag":[],"class_list":{"0":"post-313933","1":"product","2":"type-product","3":"status-publish","4":"has-post-thumbnail","6":"rizoma_bike-k-1300-r-2009-16","7":"product_cat-depositos-de-fluido","9":"first","10":"instock","11":"sale","12":"taxable","13":"shipping-taxable","14":"purchasable","15":"product-type-variable"},"acf":[],"_links":{"self":[{"href":"https:\/\/cycle.rizoma.com\/es\/wp-json\/wp\/v2\/product\/313933","targetHints":{"allow":["GET"]}}],"collection":[{"href":"https:\/\/cycle.rizoma.com\/es\/wp-json\/wp\/v2\/product"}],"about":[{"href":"https:\/\/cycle.rizoma.com\/es\/wp-json\/wp\/v2\/types\/product"}],"wp:featuredmedia":[{"embeddable":true,"href":"https:\/\/cycle.rizoma.com\/es\/wp-json\/wp\/v2\/media\/293402"}],"wp:attachment":[{"href":"https:\/\/cycle.rizoma.com\/es\/wp-json\/wp\/v2\/media?parent=313933"}],"wp:term":[{"taxonomy":"rizoma_assembly_time","embeddable":true,"href":"https:\/\/cycle.rizoma.com\/es\/wp-json\/wp\/v2\/rizoma_assembly_time?post=313933"},{"taxonomy":"rizoma_bike","embeddable":true,"href":"https:\/\/cycle.rizoma.com\/es\/wp-json\/wp\/v2\/rizoma_bike?post=313933"},{"taxonomy":"rizoma_division","embeddable":true,"href":"https:\/\/cycle.rizoma.com\/es\/wp-json\/wp\/v2\/rizoma_division?post=313933"},{"taxonomy":"rizoma_family","embeddable":true,"href":"https:\/\/cycle.rizoma.com\/es\/wp-json\/wp\/v2\/rizoma_family?post=313933"},{"taxonomy":"rizoma_model_category","embeddable":true,"href":"https:\/\/cycle.rizoma.com\/es\/wp-json\/wp\/v2\/rizoma_model_category?post=313933"},{"taxonomy":"rizoma_product_template","embeddable":true,"href":"https:\/\/cycle.rizoma.com\/es\/wp-json\/wp\/v2\/rizoma_product_template?post=313933"},{"taxonomy":"product_brand","embeddable":true,"href":"https:\/\/cycle.rizoma.com\/es\/wp-json\/wp\/v2\/product_brand?post=313933"},{"taxonomy":"product_cat","embeddable":true,"href":"https:\/\/cycle.rizoma.com\/es\/wp-json\/wp\/v2\/product_cat?post=313933"},{"taxonomy":"product_tag","embeddable":true,"href":"https:\/\/cycle.rizoma.com\/es\/wp-json\/wp\/v2\/product_tag?post=313933"}],"curies":[{"name":"wp","href":"https:\/\/api.w.org\/{rel}","templated":true}]}}