{"id":314193,"date":"2024-11-21T16:15:24","date_gmt":"2024-11-21T15:15:24","guid":{"rendered":"https:\/\/rwp.rizoma.com\/negozio\/kit-portamatricula-outside-street-pt510\/"},"modified":"2025-01-14T10:46:19","modified_gmt":"2025-01-14T09:46:19","slug":"kit-portamatricula-outside-street-pt510","status":"publish","type":"product","link":"https:\/\/cycle.rizoma.com\/es\/negozio\/portamatricula\/PT510\/kit-portamatricula-outside-street-pt510\/","title":{"rendered":"Kit Portam\u00e1tricula Outside Street"},"content":{"rendered":"<p>El kit Portamatr\u00edcula Outside, con una parte estructural en aluminio mecanizado a partir de un bloque macizo, ofrece una interpretaci\u00f3n completamente nueva de la secci\u00f3n trasera, ademas de garantizar unas excelentes prestaciones estructurales y un alto impacto est\u00e9tico, gracias a su dise\u00f1o minimalista y a la alta calidad de los materiales. De f\u00e1cil montaje, al estar dise\u00f1ado de forma espec\u00edfica para cada modelo de moto en cuesti\u00f3n, el Kit incluye una placa de soporte de matr\u00edcula de 173 x 173 mm y una de tipo USA, luz de matr\u00edcula LED SMD (homologada) y catadi\u00f3ptrico.<br \/>El portamatr\u00edculas Outside PT510B est\u00e1 dotado de homologaci\u00f3n ABE.<\/p>\n","protected":false},"excerpt":{"rendered":"<p>El kit Portamatr\u00edcula Outside, con una parte estructural en aluminio mecanizado a partir de un bloque macizo, ofrece una interpretaci\u00f3n completamente nueva de la secci\u00f3n trasera, ademas de garantizar unas excelentes prestaciones estructurales y un alto impacto est\u00e9tico, gracias a su dise\u00f1o minimalista y a la alta calidad de los materiales. De f\u00e1cil montaje, al [&hellip;]<\/p>\n","protected":false},"featured_media":307806,"template":"","meta":{"_acf_changed":false},"rizoma_assembly_time":[42742],"rizoma_bike":[41456,41875,42033,41779,41457,41867,42034,42060,41802,42049,41806,41895],"rizoma_division":[42653],"rizoma_family":[],"rizoma_model_category":[],"rizoma_product_template":[],"product_brand":[],"product_cat":[42768],"product_tag":[],"class_list":{"0":"post-314193","1":"product","2":"type-product","3":"status-publish","4":"has-post-thumbnail","6":"rizoma_bike-diavel-1200-2010-13","7":"rizoma_bike-diavel-1200-2014-16","8":"rizoma_bike-diavel-1200-2017-18","9":"rizoma_bike-diavel-1200-amg-2012","10":"rizoma_bike-diavel-1200-carbon-2010-13","11":"rizoma_bike-diavel-1200-carbon-2014-16","12":"rizoma_bike-diavel-1200-carbon-2017-18","13":"rizoma_bike-diavel-1200-cromo-2012","14":"rizoma_bike-diavel-1200-dark-2012-13","15":"rizoma_bike-diavel-1200-diesel-2017-18","16":"rizoma_bike-diavel-1200-strada-2010-14","17":"rizoma_bike-diavel-1200-titanium-2015","18":"product_cat-portamatricula","20":"first","21":"instock","22":"taxable","23":"shipping-taxable","24":"purchasable","25":"product-type-variable"},"acf":[],"_links":{"self":[{"href":"https:\/\/cycle.rizoma.com\/es\/wp-json\/wp\/v2\/product\/314193","targetHints":{"allow":["GET"]}}],"collection":[{"href":"https:\/\/cycle.rizoma.com\/es\/wp-json\/wp\/v2\/product"}],"about":[{"href":"https:\/\/cycle.rizoma.com\/es\/wp-json\/wp\/v2\/types\/product"}],"wp:featuredmedia":[{"embeddable":true,"href":"https:\/\/cycle.rizoma.com\/es\/wp-json\/wp\/v2\/media\/307806"}],"wp:attachment":[{"href":"https:\/\/cycle.rizoma.com\/es\/wp-json\/wp\/v2\/media?parent=314193"}],"wp:term":[{"taxonomy":"rizoma_assembly_time","embeddable":true,"href":"https:\/\/cycle.rizoma.com\/es\/wp-json\/wp\/v2\/rizoma_assembly_time?post=314193"},{"taxonomy":"rizoma_bike","embeddable":true,"href":"https:\/\/cycle.rizoma.com\/es\/wp-json\/wp\/v2\/rizoma_bike?post=314193"},{"taxonomy":"rizoma_division","embeddable":true,"href":"https:\/\/cycle.rizoma.com\/es\/wp-json\/wp\/v2\/rizoma_division?post=314193"},{"taxonomy":"rizoma_family","embeddable":true,"href":"https:\/\/cycle.rizoma.com\/es\/wp-json\/wp\/v2\/rizoma_family?post=314193"},{"taxonomy":"rizoma_model_category","embeddable":true,"href":"https:\/\/cycle.rizoma.com\/es\/wp-json\/wp\/v2\/rizoma_model_category?post=314193"},{"taxonomy":"rizoma_product_template","embeddable":true,"href":"https:\/\/cycle.rizoma.com\/es\/wp-json\/wp\/v2\/rizoma_product_template?post=314193"},{"taxonomy":"product_brand","embeddable":true,"href":"https:\/\/cycle.rizoma.com\/es\/wp-json\/wp\/v2\/product_brand?post=314193"},{"taxonomy":"product_cat","embeddable":true,"href":"https:\/\/cycle.rizoma.com\/es\/wp-json\/wp\/v2\/product_cat?post=314193"},{"taxonomy":"product_tag","embeddable":true,"href":"https:\/\/cycle.rizoma.com\/es\/wp-json\/wp\/v2\/product_tag?post=314193"}],"curies":[{"name":"wp","href":"https:\/\/api.w.org\/{rel}","templated":true}]}}