{"id":314308,"date":"2024-11-21T16:17:47","date_gmt":"2024-11-21T15:17:47","guid":{"rendered":"https:\/\/rwp.rizoma.com\/negozio\/kit-tapa-buje-para-llanta-zbw041\/"},"modified":"2025-06-06T04:46:34","modified_gmt":"2025-06-06T02:46:34","slug":"kit-tapa-buje-para-llanta-zbw041","status":"publish","type":"product","link":"https:\/\/cycle.rizoma.com\/es\/negozio\/mas-para-tu-bmw\/ZBW041\/kit-tapa-buje-para-llanta-zbw041\/","title":{"rendered":"Kit tapa buje para llanta"},"content":{"rendered":"<p>El Kit tapa buje para llanta Rizoma est\u00e1 enteramente realizado en aluminio mecanizado a partir de un bloque macizo (aproximadamente 0,35 kg) a trav\u00e9s de procesos 3D de alta precisi\u00f3n. El acabado superficial, obtenido mediante proceso de anodizado, reduce el deterioro de las cualidades est\u00e9ticas frente al paso del tiempo.<\/p>\n","protected":false},"excerpt":{"rendered":"<p>El Kit tapa buje para llanta Rizoma est\u00e1 enteramente realizado en aluminio mecanizado a partir de un bloque macizo (aproximadamente 0,35 kg) a trav\u00e9s de procesos 3D de alta precisi\u00f3n. El acabado superficial, obtenido mediante proceso de anodizado, reduce el deterioro de las cualidades est\u00e9ticas frente al paso del tiempo.<\/p>\n","protected":false},"featured_media":300432,"template":"","meta":{"_acf_changed":false},"rizoma_assembly_time":[42675],"rizoma_bike":[41809,41970,41838,41971,42111,41893,41908,42289,42128,42301,42290,42283,42305,42177,42575,42591,43987,43988,43989,43990,43991,43394,42604,42605,42606,44444,44445],"rizoma_division":[42653],"rizoma_family":[],"rizoma_model_category":[],"rizoma_product_template":[],"product_brand":[],"product_cat":[42783],"product_tag":[],"class_list":{"0":"post-314308","1":"product","2":"type-product","3":"status-publish","4":"has-post-thumbnail","6":"rizoma_bike-r-1200-gs-2013-16","7":"rizoma_bike-r-1200-gs-2017-18","8":"rizoma_bike-r-1200-gs-adventure-2013-16","9":"rizoma_bike-r-1200-gs-adventure-2017-18","10":"rizoma_bike-r-1200-gs-rallye-2017-18","11":"rizoma_bike-r-1200-r-2015-16","12":"rizoma_bike-r-1200-rs-2015-16","13":"rizoma_bike-r-1250-gs-edition-40-years-gs-2021","14":"rizoma_bike-r-1250-gs-2019-20","15":"rizoma_bike-r-1250-gs-2021-24","16":"rizoma_bike-r-1250-gs-adventure-edition-40-years-gs-2020-21","17":"rizoma_bike-r-1250-gs-adventure-2019-20","18":"rizoma_bike-r-1250-gs-adventure-2021-24","19":"rizoma_bike-r-1250-gs-hp-2019","20":"rizoma_bike-r-1250-gs-ultimate-edition-2023","21":"rizoma_bike-r-1300-gs-2023-26","22":"rizoma_bike-r-1300-gs-adventure-2025-26","23":"rizoma_bike-r-1300-gs-adventure-asa-2025-26","24":"rizoma_bike-r-1300-gs-adventure-option-719-karakorum-2025-26","25":"rizoma_bike-r-1300-gs-adventure-triple-black-2025-26","26":"rizoma_bike-r-1300-gs-adventure-trophy-2025-26","27":"rizoma_bike-r-1300-gs-asa-2024-26","28":"rizoma_bike-r-1300-gs-option-719-tramuntana-2023-26","29":"rizoma_bike-r-1300-gs-triple-black-2023-26","30":"rizoma_bike-r-1300-gs-trophy-2023-26","31":"rizoma_bike-r-1300-r-2026","32":"rizoma_bike-r-1300-rs-2026","33":"product_cat-mas-para-tu-bmw","35":"first","36":"instock","37":"taxable","38":"shipping-taxable","39":"purchasable","40":"product-type-variable"},"acf":[],"_links":{"self":[{"href":"https:\/\/cycle.rizoma.com\/es\/wp-json\/wp\/v2\/product\/314308","targetHints":{"allow":["GET"]}}],"collection":[{"href":"https:\/\/cycle.rizoma.com\/es\/wp-json\/wp\/v2\/product"}],"about":[{"href":"https:\/\/cycle.rizoma.com\/es\/wp-json\/wp\/v2\/types\/product"}],"wp:featuredmedia":[{"embeddable":true,"href":"https:\/\/cycle.rizoma.com\/es\/wp-json\/wp\/v2\/media\/300432"}],"wp:attachment":[{"href":"https:\/\/cycle.rizoma.com\/es\/wp-json\/wp\/v2\/media?parent=314308"}],"wp:term":[{"taxonomy":"rizoma_assembly_time","embeddable":true,"href":"https:\/\/cycle.rizoma.com\/es\/wp-json\/wp\/v2\/rizoma_assembly_time?post=314308"},{"taxonomy":"rizoma_bike","embeddable":true,"href":"https:\/\/cycle.rizoma.com\/es\/wp-json\/wp\/v2\/rizoma_bike?post=314308"},{"taxonomy":"rizoma_division","embeddable":true,"href":"https:\/\/cycle.rizoma.com\/es\/wp-json\/wp\/v2\/rizoma_division?post=314308"},{"taxonomy":"rizoma_family","embeddable":true,"href":"https:\/\/cycle.rizoma.com\/es\/wp-json\/wp\/v2\/rizoma_family?post=314308"},{"taxonomy":"rizoma_model_category","embeddable":true,"href":"https:\/\/cycle.rizoma.com\/es\/wp-json\/wp\/v2\/rizoma_model_category?post=314308"},{"taxonomy":"rizoma_product_template","embeddable":true,"href":"https:\/\/cycle.rizoma.com\/es\/wp-json\/wp\/v2\/rizoma_product_template?post=314308"},{"taxonomy":"product_brand","embeddable":true,"href":"https:\/\/cycle.rizoma.com\/es\/wp-json\/wp\/v2\/product_brand?post=314308"},{"taxonomy":"product_cat","embeddable":true,"href":"https:\/\/cycle.rizoma.com\/es\/wp-json\/wp\/v2\/product_cat?post=314308"},{"taxonomy":"product_tag","embeddable":true,"href":"https:\/\/cycle.rizoma.com\/es\/wp-json\/wp\/v2\/product_tag?post=314308"}],"curies":[{"name":"wp","href":"https:\/\/api.w.org\/{rel}","templated":true}]}}