{"id":314328,"date":"2024-11-21T16:18:13","date_gmt":"2024-11-21T15:18:13","guid":{"rendered":"https:\/\/rwp.rizoma.com\/negozio\/protector-tapa-de-embrague-pm437\/"},"modified":"2025-12-18T00:38:37","modified_gmt":"2025-12-17T23:38:37","slug":"protector-tapa-de-embrague-pm437","status":"publish","type":"product","link":"https:\/\/cycle.rizoma.com\/es\/negozio\/protectores-laterales\/PM437\/protector-tapa-de-embrague-pm437\/","title":{"rendered":"Protector tapa de embrague"},"content":{"rendered":"<p>Cada protecci\u00f3n de motor Rizoma est\u00e1 desarrollada espec\u00edficamente para el modelo de moto al que va dedicado, a fin de garantizar la mejor compatibilidad y funcionalidad posible, as\u00ed como un montaje sencillo y r\u00e1pido. Realizada enteramente en aluminio mecanizado a partir de un bloque macizo, un material ligero pero resistente, y posteriormente sometida a un proceso de anodizado con el fin de mejorar el rendimiento est\u00e9tico con el paso del tiempo. Adem\u00e1s, la protecci\u00f3n de c\u00e1rter de embrague Rizoma est\u00e1 dotada de deslizadera sustituible.<\/p>\n","protected":false},"excerpt":{"rendered":"<p>Cada protecci\u00f3n de motor Rizoma est\u00e1 desarrollada espec\u00edficamente para el modelo de moto al que va dedicado, a fin de garantizar la mejor compatibilidad y funcionalidad posible, as\u00ed como un montaje sencillo y r\u00e1pido. Realizada enteramente en aluminio mecanizado a partir de un bloque macizo, un material ligero pero resistente, y posteriormente sometida a un [&hellip;]<\/p>\n","protected":false},"featured_media":296632,"template":"","meta":{"_acf_changed":false},"rizoma_assembly_time":[42664],"rizoma_bike":[41827,41762,41828,41847,41801,41829,41950,41848,41849,41696,41794],"rizoma_division":[42653],"rizoma_family":[],"rizoma_model_category":[],"rizoma_product_template":[],"product_brand":[],"product_cat":[42758],"product_tag":[],"class_list":{"0":"post-314328","1":"product","2":"type-product","3":"status-publish","4":"has-post-thumbnail","6":"rizoma_bike-brutale-1090-rr-abs-2009-19","7":"rizoma_bike-brutale-675-2011-15","8":"rizoma_bike-brutale-675-eas-2011-14","9":"rizoma_bike-brutale-675-eas-abs-2011-16","10":"rizoma_bike-brutale-800-2012-15","11":"rizoma_bike-brutale-800-eas-2012-14","12":"rizoma_bike-brutale-800-eas-2015","13":"rizoma_bike-brutale-800-eas-abs-2012-15","14":"rizoma_bike-dragster-800-2014-19","15":"rizoma_bike-f3-675-2011-15","16":"rizoma_bike-rivale-800-eas-2013-15","17":"product_cat-protectores-laterales","19":"first","20":"instock","21":"sale","22":"taxable","23":"shipping-taxable","24":"purchasable","25":"product-type-variable"},"acf":[],"_links":{"self":[{"href":"https:\/\/cycle.rizoma.com\/es\/wp-json\/wp\/v2\/product\/314328","targetHints":{"allow":["GET"]}}],"collection":[{"href":"https:\/\/cycle.rizoma.com\/es\/wp-json\/wp\/v2\/product"}],"about":[{"href":"https:\/\/cycle.rizoma.com\/es\/wp-json\/wp\/v2\/types\/product"}],"wp:featuredmedia":[{"embeddable":true,"href":"https:\/\/cycle.rizoma.com\/es\/wp-json\/wp\/v2\/media\/296632"}],"wp:attachment":[{"href":"https:\/\/cycle.rizoma.com\/es\/wp-json\/wp\/v2\/media?parent=314328"}],"wp:term":[{"taxonomy":"rizoma_assembly_time","embeddable":true,"href":"https:\/\/cycle.rizoma.com\/es\/wp-json\/wp\/v2\/rizoma_assembly_time?post=314328"},{"taxonomy":"rizoma_bike","embeddable":true,"href":"https:\/\/cycle.rizoma.com\/es\/wp-json\/wp\/v2\/rizoma_bike?post=314328"},{"taxonomy":"rizoma_division","embeddable":true,"href":"https:\/\/cycle.rizoma.com\/es\/wp-json\/wp\/v2\/rizoma_division?post=314328"},{"taxonomy":"rizoma_family","embeddable":true,"href":"https:\/\/cycle.rizoma.com\/es\/wp-json\/wp\/v2\/rizoma_family?post=314328"},{"taxonomy":"rizoma_model_category","embeddable":true,"href":"https:\/\/cycle.rizoma.com\/es\/wp-json\/wp\/v2\/rizoma_model_category?post=314328"},{"taxonomy":"rizoma_product_template","embeddable":true,"href":"https:\/\/cycle.rizoma.com\/es\/wp-json\/wp\/v2\/rizoma_product_template?post=314328"},{"taxonomy":"product_brand","embeddable":true,"href":"https:\/\/cycle.rizoma.com\/es\/wp-json\/wp\/v2\/product_brand?post=314328"},{"taxonomy":"product_cat","embeddable":true,"href":"https:\/\/cycle.rizoma.com\/es\/wp-json\/wp\/v2\/product_cat?post=314328"},{"taxonomy":"product_tag","embeddable":true,"href":"https:\/\/cycle.rizoma.com\/es\/wp-json\/wp\/v2\/product_tag?post=314328"}],"curies":[{"name":"wp","href":"https:\/\/api.w.org\/{rel}","templated":true}]}}