{"id":314338,"date":"2024-11-21T16:18:25","date_gmt":"2024-11-21T15:18:25","guid":{"rendered":"https:\/\/rwp.rizoma.com\/negozio\/kit-de-graficos-de-deposito-zkw031\/"},"modified":"2025-12-18T00:38:40","modified_gmt":"2025-12-17T23:38:40","slug":"kit-de-graficos-de-deposito-zkw031","status":"publish","type":"product","link":"https:\/\/cycle.rizoma.com\/es\/negozio\/mas-para-tu-kawasaki\/ZKW031\/kit-de-graficos-de-deposito-zkw031\/","title":{"rendered":"Kit de gr\u00e1ficos de dep\u00f3sito"},"content":{"rendered":"<p>El kit de gr\u00e1ficos Rizoma est\u00e1 compuesto por cinco elementos. Indispensable para mejorar la protecci\u00f3n del dep\u00f3sito de ara\u00f1azos accidentales sin renunciar a la est\u00e9tica.<\/p>\n","protected":false},"excerpt":{"rendered":"<p>El kit de gr\u00e1ficos Rizoma est\u00e1 compuesto por cinco elementos. Indispensable para mejorar la protecci\u00f3n del dep\u00f3sito de ara\u00f1azos accidentales sin renunciar a la est\u00e9tica.<\/p>\n","protected":false},"featured_media":295057,"template":"","meta":{"_acf_changed":false},"rizoma_assembly_time":[42742],"rizoma_bike":[42051,42001,41869],"rizoma_division":[42653],"rizoma_family":[],"rizoma_model_category":[],"rizoma_product_template":[],"product_brand":[],"product_cat":[42794],"product_tag":[],"class_list":{"0":"post-314338","1":"product","2":"type-product","3":"status-publish","4":"has-post-thumbnail","6":"rizoma_bike-z-1000-2017-20","7":"rizoma_bike-z-1000-r-2017-20","8":"rizoma_bike-z-1000-sx-abs-2014-16","9":"product_cat-mas-para-tu-kawasaki","11":"first","12":"instock","13":"sale","14":"taxable","15":"shipping-taxable","16":"purchasable","17":"product-type-variable"},"acf":[],"_links":{"self":[{"href":"https:\/\/cycle.rizoma.com\/es\/wp-json\/wp\/v2\/product\/314338","targetHints":{"allow":["GET"]}}],"collection":[{"href":"https:\/\/cycle.rizoma.com\/es\/wp-json\/wp\/v2\/product"}],"about":[{"href":"https:\/\/cycle.rizoma.com\/es\/wp-json\/wp\/v2\/types\/product"}],"wp:featuredmedia":[{"embeddable":true,"href":"https:\/\/cycle.rizoma.com\/es\/wp-json\/wp\/v2\/media\/295057"}],"wp:attachment":[{"href":"https:\/\/cycle.rizoma.com\/es\/wp-json\/wp\/v2\/media?parent=314338"}],"wp:term":[{"taxonomy":"rizoma_assembly_time","embeddable":true,"href":"https:\/\/cycle.rizoma.com\/es\/wp-json\/wp\/v2\/rizoma_assembly_time?post=314338"},{"taxonomy":"rizoma_bike","embeddable":true,"href":"https:\/\/cycle.rizoma.com\/es\/wp-json\/wp\/v2\/rizoma_bike?post=314338"},{"taxonomy":"rizoma_division","embeddable":true,"href":"https:\/\/cycle.rizoma.com\/es\/wp-json\/wp\/v2\/rizoma_division?post=314338"},{"taxonomy":"rizoma_family","embeddable":true,"href":"https:\/\/cycle.rizoma.com\/es\/wp-json\/wp\/v2\/rizoma_family?post=314338"},{"taxonomy":"rizoma_model_category","embeddable":true,"href":"https:\/\/cycle.rizoma.com\/es\/wp-json\/wp\/v2\/rizoma_model_category?post=314338"},{"taxonomy":"rizoma_product_template","embeddable":true,"href":"https:\/\/cycle.rizoma.com\/es\/wp-json\/wp\/v2\/rizoma_product_template?post=314338"},{"taxonomy":"product_brand","embeddable":true,"href":"https:\/\/cycle.rizoma.com\/es\/wp-json\/wp\/v2\/product_brand?post=314338"},{"taxonomy":"product_cat","embeddable":true,"href":"https:\/\/cycle.rizoma.com\/es\/wp-json\/wp\/v2\/product_cat?post=314338"},{"taxonomy":"product_tag","embeddable":true,"href":"https:\/\/cycle.rizoma.com\/es\/wp-json\/wp\/v2\/product_tag?post=314338"}],"curies":[{"name":"wp","href":"https:\/\/api.w.org\/{rel}","templated":true}]}}