{"id":314373,"date":"2024-11-21T16:19:10","date_gmt":"2024-11-21T15:19:10","guid":{"rendered":"https:\/\/rwp.rizoma.com\/negozio\/torretas-sobreelevadas-y-retrasadas-az451\/"},"modified":"2025-06-11T17:22:12","modified_gmt":"2025-06-11T15:22:12","slug":"torretas-sobreelevadas-y-retrasadas-az451","status":"publish","type":"product","link":"https:\/\/cycle.rizoma.com\/es\/negozio\/kit-para-manillar\/AZ451\/torretas-sobreelevadas-y-retrasadas-az451\/","title":{"rendered":"Torretas sobreelevadas y retrasadas"},"content":{"rendered":"<p>El Kit de Torretas est\u00e1 realizado en aluminio mecanizado a partir de un bloque macizo y se caracteriza por una particular coloraci\u00f3n titanio.  Su altura de +45 mm y su posici\u00f3n retrasada en -25 mm mejoran el confort y el placer de pilotaje.<\/p>\n","protected":false},"excerpt":{"rendered":"<p>El Kit de Torretas est\u00e1 realizado en aluminio mecanizado a partir de un bloque macizo y se caracteriza por una particular coloraci\u00f3n titanio. Su altura de +45 mm y su posici\u00f3n retrasada en -25 mm mejoran el confort y el placer de pilotaje.<\/p>\n","protected":false},"featured_media":296997,"template":"","meta":{"_acf_changed":false},"rizoma_assembly_time":[42855],"rizoma_bike":[41809,41970,41838,41971,42111,42289,42128,42301,42290,42283,42305,42177,42575],"rizoma_division":[42653],"rizoma_family":[42658],"rizoma_model_category":[],"rizoma_product_template":[],"product_brand":[],"product_cat":[42663],"product_tag":[],"class_list":{"0":"post-314373","1":"product","2":"type-product","3":"status-publish","4":"has-post-thumbnail","6":"rizoma_bike-r-1200-gs-2013-16","7":"rizoma_bike-r-1200-gs-2017-18","8":"rizoma_bike-r-1200-gs-adventure-2013-16","9":"rizoma_bike-r-1200-gs-adventure-2017-18","10":"rizoma_bike-r-1200-gs-rallye-2017-18","11":"rizoma_bike-r-1250-gs-edition-40-years-gs-2021","12":"rizoma_bike-r-1250-gs-2019-20","13":"rizoma_bike-r-1250-gs-2021-24","14":"rizoma_bike-r-1250-gs-adventure-edition-40-years-gs-2020-21","15":"rizoma_bike-r-1250-gs-adventure-2019-20","16":"rizoma_bike-r-1250-gs-adventure-2021-24","17":"rizoma_bike-r-1250-gs-hp-2019","18":"rizoma_bike-r-1250-gs-ultimate-edition-2023","19":"product_cat-kit-para-manillar","21":"first","22":"instock","23":"taxable","24":"shipping-taxable","25":"purchasable","26":"product-type-variable"},"acf":[],"_links":{"self":[{"href":"https:\/\/cycle.rizoma.com\/es\/wp-json\/wp\/v2\/product\/314373","targetHints":{"allow":["GET"]}}],"collection":[{"href":"https:\/\/cycle.rizoma.com\/es\/wp-json\/wp\/v2\/product"}],"about":[{"href":"https:\/\/cycle.rizoma.com\/es\/wp-json\/wp\/v2\/types\/product"}],"wp:featuredmedia":[{"embeddable":true,"href":"https:\/\/cycle.rizoma.com\/es\/wp-json\/wp\/v2\/media\/296997"}],"wp:attachment":[{"href":"https:\/\/cycle.rizoma.com\/es\/wp-json\/wp\/v2\/media?parent=314373"}],"wp:term":[{"taxonomy":"rizoma_assembly_time","embeddable":true,"href":"https:\/\/cycle.rizoma.com\/es\/wp-json\/wp\/v2\/rizoma_assembly_time?post=314373"},{"taxonomy":"rizoma_bike","embeddable":true,"href":"https:\/\/cycle.rizoma.com\/es\/wp-json\/wp\/v2\/rizoma_bike?post=314373"},{"taxonomy":"rizoma_division","embeddable":true,"href":"https:\/\/cycle.rizoma.com\/es\/wp-json\/wp\/v2\/rizoma_division?post=314373"},{"taxonomy":"rizoma_family","embeddable":true,"href":"https:\/\/cycle.rizoma.com\/es\/wp-json\/wp\/v2\/rizoma_family?post=314373"},{"taxonomy":"rizoma_model_category","embeddable":true,"href":"https:\/\/cycle.rizoma.com\/es\/wp-json\/wp\/v2\/rizoma_model_category?post=314373"},{"taxonomy":"rizoma_product_template","embeddable":true,"href":"https:\/\/cycle.rizoma.com\/es\/wp-json\/wp\/v2\/rizoma_product_template?post=314373"},{"taxonomy":"product_brand","embeddable":true,"href":"https:\/\/cycle.rizoma.com\/es\/wp-json\/wp\/v2\/product_brand?post=314373"},{"taxonomy":"product_cat","embeddable":true,"href":"https:\/\/cycle.rizoma.com\/es\/wp-json\/wp\/v2\/product_cat?post=314373"},{"taxonomy":"product_tag","embeddable":true,"href":"https:\/\/cycle.rizoma.com\/es\/wp-json\/wp\/v2\/product_tag?post=314373"}],"curies":[{"name":"wp","href":"https:\/\/api.w.org\/{rel}","templated":true}]}}