{"id":314443,"date":"2024-11-21T16:20:39","date_gmt":"2024-11-21T15:20:39","guid":{"rendered":"https:\/\/rwp.rizoma.com\/negozio\/kit-portamatricula-outside-street-pt707\/"},"modified":"2025-11-28T14:32:52","modified_gmt":"2025-11-28T13:32:52","slug":"kit-portamatricula-outside-street-pt707","status":"publish","type":"product","link":"https:\/\/cycle.rizoma.com\/es\/negozio\/portamatricula\/PT707\/kit-portamatricula-outside-street-pt707\/","title":{"rendered":"Kit Portam\u00e1tricula Outside Street"},"content":{"rendered":"<p>El kit Portamatr\u00edcula Outside, con una parte estructural en aluminio mecanizado a partir de un bloque macizo, ofrece una interpretaci\u00f3n completamente nueva de la secci\u00f3n trasera, ademas de garantizar unas excelentes prestaciones estructurales y un alto impacto est\u00e9tico, gracias a su dise\u00f1o minimalista y a la alta calidad de los materiales. De f\u00e1cil montaje, al estar dise\u00f1ado de forma espec\u00edfica para cada modelo de moto en cuesti\u00f3n, el kit incluye soportes de intermitentes Rizoma, un paso de rueda , catadi\u00f3ptrico, un soporte de matr\u00edcula USA y una luz de matr\u00edcula LED SMD (homologada).<br \/>El portamatr\u00edculas Outside PT707B est\u00e1 dotado de homologaci\u00f3n ABE.<\/p>\n","protected":false},"excerpt":{"rendered":"<p>El kit Portamatr\u00edcula Outside, con una parte estructural en aluminio mecanizado a partir de un bloque macizo, ofrece una interpretaci\u00f3n completamente nueva de la secci\u00f3n trasera, ademas de garantizar unas excelentes prestaciones estructurales y un alto impacto est\u00e9tico, gracias a su dise\u00f1o minimalista y a la alta calidad de los materiales. De f\u00e1cil montaje, al [&hellip;]<\/p>\n","protected":false},"featured_media":310706,"template":"","meta":{"_acf_changed":false},"rizoma_assembly_time":[42691],"rizoma_bike":[42296,42551,41839,42006,41979,42248,41981,41953,42297,42298,42299,42372,42003,42178],"rizoma_division":[42653],"rizoma_family":[],"rizoma_model_category":[],"rizoma_product_template":[],"product_brand":[],"product_cat":[42768],"product_tag":[],"class_list":{"0":"post-314443","1":"product","2":"type-product","3":"status-publish","4":"has-post-thumbnail","6":"rizoma_bike-r-ninet-2021-24","7":"rizoma_bike-r-ninet-100-years-2023","8":"rizoma_bike-r-ninet-1200-2014-16","9":"rizoma_bike-r-ninet-1200-2017-20","10":"rizoma_bike-r-ninet-1200-pure-2017-20","11":"rizoma_bike-r-ninet-1200-pure-2020","12":"rizoma_bike-r-ninet-1200-racer-2017-20","13":"rizoma_bike-r-ninet-1200-scrambler-2016-20","14":"rizoma_bike-r-ninet-pure-2021-24","15":"rizoma_bike-r-ninet-scrambler-2021-24","16":"rizoma_bike-r-ninet-urban-gs-2021-24","17":"rizoma_bike-r-ninet-urban-gs-1200-edition-40-years-gs-2021","18":"rizoma_bike-r-ninet-urban-gs-1200-2017-20","19":"rizoma_bike-r-ninet-5-1200-2019-20","20":"product_cat-portamatricula","22":"first","23":"instock","24":"taxable","25":"shipping-taxable","26":"purchasable","27":"product-type-variable"},"acf":[],"_links":{"self":[{"href":"https:\/\/cycle.rizoma.com\/es\/wp-json\/wp\/v2\/product\/314443","targetHints":{"allow":["GET"]}}],"collection":[{"href":"https:\/\/cycle.rizoma.com\/es\/wp-json\/wp\/v2\/product"}],"about":[{"href":"https:\/\/cycle.rizoma.com\/es\/wp-json\/wp\/v2\/types\/product"}],"wp:featuredmedia":[{"embeddable":true,"href":"https:\/\/cycle.rizoma.com\/es\/wp-json\/wp\/v2\/media\/310706"}],"wp:attachment":[{"href":"https:\/\/cycle.rizoma.com\/es\/wp-json\/wp\/v2\/media?parent=314443"}],"wp:term":[{"taxonomy":"rizoma_assembly_time","embeddable":true,"href":"https:\/\/cycle.rizoma.com\/es\/wp-json\/wp\/v2\/rizoma_assembly_time?post=314443"},{"taxonomy":"rizoma_bike","embeddable":true,"href":"https:\/\/cycle.rizoma.com\/es\/wp-json\/wp\/v2\/rizoma_bike?post=314443"},{"taxonomy":"rizoma_division","embeddable":true,"href":"https:\/\/cycle.rizoma.com\/es\/wp-json\/wp\/v2\/rizoma_division?post=314443"},{"taxonomy":"rizoma_family","embeddable":true,"href":"https:\/\/cycle.rizoma.com\/es\/wp-json\/wp\/v2\/rizoma_family?post=314443"},{"taxonomy":"rizoma_model_category","embeddable":true,"href":"https:\/\/cycle.rizoma.com\/es\/wp-json\/wp\/v2\/rizoma_model_category?post=314443"},{"taxonomy":"rizoma_product_template","embeddable":true,"href":"https:\/\/cycle.rizoma.com\/es\/wp-json\/wp\/v2\/rizoma_product_template?post=314443"},{"taxonomy":"product_brand","embeddable":true,"href":"https:\/\/cycle.rizoma.com\/es\/wp-json\/wp\/v2\/product_brand?post=314443"},{"taxonomy":"product_cat","embeddable":true,"href":"https:\/\/cycle.rizoma.com\/es\/wp-json\/wp\/v2\/product_cat?post=314443"},{"taxonomy":"product_tag","embeddable":true,"href":"https:\/\/cycle.rizoma.com\/es\/wp-json\/wp\/v2\/product_tag?post=314443"}],"curies":[{"name":"wp","href":"https:\/\/api.w.org\/{rel}","templated":true}]}}