{"id":314508,"date":"2024-11-21T16:22:04","date_gmt":"2024-11-21T15:22:04","guid":{"rendered":"https:\/\/rwp.rizoma.com\/negozio\/protector-carter-motor-zbw060\/"},"modified":"2025-12-18T00:38:47","modified_gmt":"2025-12-17T23:38:47","slug":"protector-carter-motor-zbw060","status":"publish","type":"product","link":"https:\/\/cycle.rizoma.com\/es\/negozio\/mas-para-tu-bmw\/ZBW060\/protector-carter-motor-zbw060\/","title":{"rendered":"Protector C\u00e1rter motor"},"content":{"rendered":"<p>El protector c\u00e1rter motor Rizoma, en aluminio de cuatro mil\u00edmetros de espesor para amortiguar los golpes m\u00e1s duros, se integra perfectamente con la l\u00ednea de la moto. Adem\u00e1s, a cada parada y bajando el caballete lateral, la luz auxiliar con que est\u00e1 dotado se enciende durante sesenta segundos facilitando el correcto posicionamiento de la motocicleta. Funcionalidad y seguridad.<\/p>\n","protected":false},"excerpt":{"rendered":"<p>El protector c\u00e1rter motor Rizoma, en aluminio de cuatro mil\u00edmetros de espesor para amortiguar los golpes m\u00e1s duros, se integra perfectamente con la l\u00ednea de la moto. Adem\u00e1s, a cada parada y bajando el caballete lateral, la luz auxiliar con que est\u00e1 dotado se enciende durante sesenta segundos facilitando el correcto posicionamiento de la motocicleta. [&hellip;]<\/p>\n","protected":false},"featured_media":294572,"template":"","meta":{"_acf_changed":false},"rizoma_assembly_time":[42789],"rizoma_bike":[41809,41970,41838,41971,42111],"rizoma_division":[42653],"rizoma_family":[],"rizoma_model_category":[],"rizoma_product_template":[],"product_brand":[],"product_cat":[42783],"product_tag":[],"class_list":{"0":"post-314508","1":"product","2":"type-product","3":"status-publish","4":"has-post-thumbnail","6":"rizoma_bike-r-1200-gs-2013-16","7":"rizoma_bike-r-1200-gs-2017-18","8":"rizoma_bike-r-1200-gs-adventure-2013-16","9":"rizoma_bike-r-1200-gs-adventure-2017-18","10":"rizoma_bike-r-1200-gs-rallye-2017-18","11":"product_cat-mas-para-tu-bmw","13":"first","14":"outofstock","15":"sale","16":"taxable","17":"shipping-taxable","18":"purchasable","19":"product-type-variable"},"acf":[],"_links":{"self":[{"href":"https:\/\/cycle.rizoma.com\/es\/wp-json\/wp\/v2\/product\/314508","targetHints":{"allow":["GET"]}}],"collection":[{"href":"https:\/\/cycle.rizoma.com\/es\/wp-json\/wp\/v2\/product"}],"about":[{"href":"https:\/\/cycle.rizoma.com\/es\/wp-json\/wp\/v2\/types\/product"}],"wp:featuredmedia":[{"embeddable":true,"href":"https:\/\/cycle.rizoma.com\/es\/wp-json\/wp\/v2\/media\/294572"}],"wp:attachment":[{"href":"https:\/\/cycle.rizoma.com\/es\/wp-json\/wp\/v2\/media?parent=314508"}],"wp:term":[{"taxonomy":"rizoma_assembly_time","embeddable":true,"href":"https:\/\/cycle.rizoma.com\/es\/wp-json\/wp\/v2\/rizoma_assembly_time?post=314508"},{"taxonomy":"rizoma_bike","embeddable":true,"href":"https:\/\/cycle.rizoma.com\/es\/wp-json\/wp\/v2\/rizoma_bike?post=314508"},{"taxonomy":"rizoma_division","embeddable":true,"href":"https:\/\/cycle.rizoma.com\/es\/wp-json\/wp\/v2\/rizoma_division?post=314508"},{"taxonomy":"rizoma_family","embeddable":true,"href":"https:\/\/cycle.rizoma.com\/es\/wp-json\/wp\/v2\/rizoma_family?post=314508"},{"taxonomy":"rizoma_model_category","embeddable":true,"href":"https:\/\/cycle.rizoma.com\/es\/wp-json\/wp\/v2\/rizoma_model_category?post=314508"},{"taxonomy":"rizoma_product_template","embeddable":true,"href":"https:\/\/cycle.rizoma.com\/es\/wp-json\/wp\/v2\/rizoma_product_template?post=314508"},{"taxonomy":"product_brand","embeddable":true,"href":"https:\/\/cycle.rizoma.com\/es\/wp-json\/wp\/v2\/product_brand?post=314508"},{"taxonomy":"product_cat","embeddable":true,"href":"https:\/\/cycle.rizoma.com\/es\/wp-json\/wp\/v2\/product_cat?post=314508"},{"taxonomy":"product_tag","embeddable":true,"href":"https:\/\/cycle.rizoma.com\/es\/wp-json\/wp\/v2\/product_tag?post=314508"}],"curies":[{"name":"wp","href":"https:\/\/api.w.org\/{rel}","templated":true}]}}