{"id":314513,"date":"2024-11-21T16:22:09","date_gmt":"2024-11-21T15:22:09","guid":{"rendered":"https:\/\/rwp.rizoma.com\/negozio\/protector-de-faro-delantero-zbw064\/"},"modified":"2025-06-06T05:58:14","modified_gmt":"2025-06-06T03:58:14","slug":"protector-de-faro-delantero-zbw064","status":"publish","type":"product","link":"https:\/\/cycle.rizoma.com\/es\/negozio\/mas-para-tu-bmw\/ZBW064\/protector-de-faro-delantero-zbw064\/","title":{"rendered":"Protector de faro delantero"},"content":{"rendered":"<p>Rizoma ha ideado el Protector de faro delantero, buscando el justo equilibrio entre comodidad, gracias al sistema de enganche\/desenganche r\u00e1pido, est\u00e9tica y funcionalidad. Ofrece una protecci\u00f3n adecuada del grupo \u00f3ptico de la GS, con un cerquillo enteramente mecanizado en aluminio a partir de un bloque macizo y protector en LEXAN\u00ae de alta calidad. Atenci\u00f3n, el protector de faro delantero ZBW064 ha sido desarrollado para uso Offroad.<\/p>\n","protected":false},"excerpt":{"rendered":"<p>Rizoma ha ideado el Protector de faro delantero, buscando el justo equilibrio entre comodidad, gracias al sistema de enganche\/desenganche r\u00e1pido, est\u00e9tica y funcionalidad. Ofrece una protecci\u00f3n adecuada del grupo \u00f3ptico de la GS, con un cerquillo enteramente mecanizado en aluminio a partir de un bloque macizo y protector en LEXAN\u00ae de alta calidad. Atenci\u00f3n, el [&hellip;]<\/p>\n","protected":false},"featured_media":294582,"template":"","meta":{"_acf_changed":false},"rizoma_assembly_time":[42675],"rizoma_bike":[41809,41970,41838,41971,42111,42289,42128,42301,42290,42283,42305,42177,42575],"rizoma_division":[42653],"rizoma_family":[],"rizoma_model_category":[],"rizoma_product_template":[],"product_brand":[],"product_cat":[42783],"product_tag":[],"class_list":{"0":"post-314513","1":"product","2":"type-product","3":"status-publish","4":"has-post-thumbnail","6":"rizoma_bike-r-1200-gs-2013-16","7":"rizoma_bike-r-1200-gs-2017-18","8":"rizoma_bike-r-1200-gs-adventure-2013-16","9":"rizoma_bike-r-1200-gs-adventure-2017-18","10":"rizoma_bike-r-1200-gs-rallye-2017-18","11":"rizoma_bike-r-1250-gs-edition-40-years-gs-2021","12":"rizoma_bike-r-1250-gs-2019-20","13":"rizoma_bike-r-1250-gs-2021-24","14":"rizoma_bike-r-1250-gs-adventure-edition-40-years-gs-2020-21","15":"rizoma_bike-r-1250-gs-adventure-2019-20","16":"rizoma_bike-r-1250-gs-adventure-2021-24","17":"rizoma_bike-r-1250-gs-hp-2019","18":"rizoma_bike-r-1250-gs-ultimate-edition-2023","19":"product_cat-mas-para-tu-bmw","21":"first","22":"instock","23":"sale","24":"taxable","25":"shipping-taxable","26":"purchasable","27":"product-type-variable"},"acf":[],"_links":{"self":[{"href":"https:\/\/cycle.rizoma.com\/es\/wp-json\/wp\/v2\/product\/314513","targetHints":{"allow":["GET"]}}],"collection":[{"href":"https:\/\/cycle.rizoma.com\/es\/wp-json\/wp\/v2\/product"}],"about":[{"href":"https:\/\/cycle.rizoma.com\/es\/wp-json\/wp\/v2\/types\/product"}],"wp:featuredmedia":[{"embeddable":true,"href":"https:\/\/cycle.rizoma.com\/es\/wp-json\/wp\/v2\/media\/294582"}],"wp:attachment":[{"href":"https:\/\/cycle.rizoma.com\/es\/wp-json\/wp\/v2\/media?parent=314513"}],"wp:term":[{"taxonomy":"rizoma_assembly_time","embeddable":true,"href":"https:\/\/cycle.rizoma.com\/es\/wp-json\/wp\/v2\/rizoma_assembly_time?post=314513"},{"taxonomy":"rizoma_bike","embeddable":true,"href":"https:\/\/cycle.rizoma.com\/es\/wp-json\/wp\/v2\/rizoma_bike?post=314513"},{"taxonomy":"rizoma_division","embeddable":true,"href":"https:\/\/cycle.rizoma.com\/es\/wp-json\/wp\/v2\/rizoma_division?post=314513"},{"taxonomy":"rizoma_family","embeddable":true,"href":"https:\/\/cycle.rizoma.com\/es\/wp-json\/wp\/v2\/rizoma_family?post=314513"},{"taxonomy":"rizoma_model_category","embeddable":true,"href":"https:\/\/cycle.rizoma.com\/es\/wp-json\/wp\/v2\/rizoma_model_category?post=314513"},{"taxonomy":"rizoma_product_template","embeddable":true,"href":"https:\/\/cycle.rizoma.com\/es\/wp-json\/wp\/v2\/rizoma_product_template?post=314513"},{"taxonomy":"product_brand","embeddable":true,"href":"https:\/\/cycle.rizoma.com\/es\/wp-json\/wp\/v2\/product_brand?post=314513"},{"taxonomy":"product_cat","embeddable":true,"href":"https:\/\/cycle.rizoma.com\/es\/wp-json\/wp\/v2\/product_cat?post=314513"},{"taxonomy":"product_tag","embeddable":true,"href":"https:\/\/cycle.rizoma.com\/es\/wp-json\/wp\/v2\/product_tag?post=314513"}],"curies":[{"name":"wp","href":"https:\/\/api.w.org\/{rel}","templated":true}]}}