{"id":314693,"date":"2024-11-21T16:25:53","date_gmt":"2024-11-21T15:25:53","guid":{"rendered":"https:\/\/rwp.rizoma.com\/negozio\/tapa-deposito-de-fluido-freno-trasero-zhd123\/"},"modified":"2025-12-18T00:37:24","modified_gmt":"2025-12-17T23:37:24","slug":"tapa-deposito-de-fluido-freno-trasero-zhd123","status":"publish","type":"product","link":"https:\/\/cycle.rizoma.com\/es\/negozio\/depositos-de-fluido\/ZHD123\/tapa-deposito-de-fluido-freno-trasero-zhd123\/","title":{"rendered":"Tapa dep\u00f3sito de fluido freno trasero"},"content":{"rendered":"<p>La tapa del dep\u00f3sito de fluido de freno trasero ha sido realizada con un dise\u00f1o inspirado en la gama Softail. Sus l\u00edneas redondeadas recuerdan el estilo de toda la l\u00ednea de accesorios y junto a la tapa de freno delantero completa de detalles el tren delantero. En aluminio mecanizado a partir de un bloque macizo, anodizado y pulido para un acabado perfecto.<\/p>\n","protected":false},"excerpt":{"rendered":"<p>La tapa del dep\u00f3sito de fluido de freno trasero ha sido realizada con un dise\u00f1o inspirado en la gama Softail. Sus l\u00edneas redondeadas recuerdan el estilo de toda la l\u00ednea de accesorios y junto a la tapa de freno delantero completa de detalles el tren delantero. En aluminio mecanizado a partir de un bloque macizo, [&hellip;]<\/p>\n","protected":false},"featured_media":294862,"template":"","meta":{"_acf_changed":false},"rizoma_assembly_time":[42753],"rizoma_bike":[43816],"rizoma_division":[42653],"rizoma_family":[42819],"rizoma_model_category":[],"rizoma_product_template":[],"product_brand":[],"product_cat":[42690],"product_tag":[],"class_list":{"0":"post-314693","1":"product","2":"type-product","3":"status-publish","4":"has-post-thumbnail","6":"rizoma_bike-softail-slim-2011-17-fls","7":"product_cat-depositos-de-fluido","9":"first","10":"instock","11":"sale","12":"taxable","13":"shipping-taxable","14":"purchasable","15":"product-type-variable"},"acf":[],"_links":{"self":[{"href":"https:\/\/cycle.rizoma.com\/es\/wp-json\/wp\/v2\/product\/314693","targetHints":{"allow":["GET"]}}],"collection":[{"href":"https:\/\/cycle.rizoma.com\/es\/wp-json\/wp\/v2\/product"}],"about":[{"href":"https:\/\/cycle.rizoma.com\/es\/wp-json\/wp\/v2\/types\/product"}],"wp:featuredmedia":[{"embeddable":true,"href":"https:\/\/cycle.rizoma.com\/es\/wp-json\/wp\/v2\/media\/294862"}],"wp:attachment":[{"href":"https:\/\/cycle.rizoma.com\/es\/wp-json\/wp\/v2\/media?parent=314693"}],"wp:term":[{"taxonomy":"rizoma_assembly_time","embeddable":true,"href":"https:\/\/cycle.rizoma.com\/es\/wp-json\/wp\/v2\/rizoma_assembly_time?post=314693"},{"taxonomy":"rizoma_bike","embeddable":true,"href":"https:\/\/cycle.rizoma.com\/es\/wp-json\/wp\/v2\/rizoma_bike?post=314693"},{"taxonomy":"rizoma_division","embeddable":true,"href":"https:\/\/cycle.rizoma.com\/es\/wp-json\/wp\/v2\/rizoma_division?post=314693"},{"taxonomy":"rizoma_family","embeddable":true,"href":"https:\/\/cycle.rizoma.com\/es\/wp-json\/wp\/v2\/rizoma_family?post=314693"},{"taxonomy":"rizoma_model_category","embeddable":true,"href":"https:\/\/cycle.rizoma.com\/es\/wp-json\/wp\/v2\/rizoma_model_category?post=314693"},{"taxonomy":"rizoma_product_template","embeddable":true,"href":"https:\/\/cycle.rizoma.com\/es\/wp-json\/wp\/v2\/rizoma_product_template?post=314693"},{"taxonomy":"product_brand","embeddable":true,"href":"https:\/\/cycle.rizoma.com\/es\/wp-json\/wp\/v2\/product_brand?post=314693"},{"taxonomy":"product_cat","embeddable":true,"href":"https:\/\/cycle.rizoma.com\/es\/wp-json\/wp\/v2\/product_cat?post=314693"},{"taxonomy":"product_tag","embeddable":true,"href":"https:\/\/cycle.rizoma.com\/es\/wp-json\/wp\/v2\/product_tag?post=314693"}],"curies":[{"name":"wp","href":"https:\/\/api.w.org\/{rel}","templated":true}]}}