{"id":314758,"date":"2024-11-21T16:27:13","date_gmt":"2024-11-21T15:27:13","guid":{"rendered":"https:\/\/rwp.rizoma.com\/negozio\/kit-de-luces-led-antiniebla-ee140\/"},"modified":"2025-05-29T04:10:09","modified_gmt":"2025-05-29T02:10:09","slug":"kit-de-luces-led-antiniebla-ee140","status":"publish","type":"product","link":"https:\/\/cycle.rizoma.com\/es\/negozio\/kit-luces\/EE140\/kit-de-luces-led-antiniebla-ee140\/motorbike\/10002402\/harley-davidson\/night-rod\/","title":{"rendered":"Kit de Luces LED Antiniebla"},"content":{"rendered":"<p>Los mejores Raids de larga distancia exigen la m\u00e1xima seguridad: Kits de luces LED antiniebla con cuerpo en aluminio. El Kit incluye bridas de sujeci\u00f3n de di\u00e1metro 25,4 &#8211; 30 mm y soportes.<\/p>\n","protected":false},"excerpt":{"rendered":"<p>Los mejores Raids de larga distancia exigen la m\u00e1xima seguridad: Kits de luces LED antiniebla con cuerpo en aluminio. El Kit incluye bridas de sujeci\u00f3n de di\u00e1metro 25,4 &#8211; 30 mm y soportes.<\/p>\n","protected":false},"featured_media":299037,"template":"","meta":{"_acf_changed":false},"rizoma_assembly_time":[42911],"rizoma_bike":[41888,41889,42069,42289,42301,42290,42283,42305,43987,43988,43989,43990,43991,42551,41981,42018,42323,42484,43872,42510,42417,42418,42419,44012],"rizoma_division":[42653],"rizoma_family":[],"rizoma_model_category":[],"rizoma_product_template":[],"product_brand":[],"product_cat":[42910],"product_tag":[],"class_list":{"0":"post-314758","1":"product","2":"type-product","3":"status-publish","4":"has-post-thumbnail","6":"rizoma_bike-multistrada-1200-abs-2015-17","7":"rizoma_bike-multistrada-1200-s-2015-17","8":"rizoma_bike-multistrada-1200-s-d-air-2017-18","9":"rizoma_bike-r-1250-gs-edition-40-years-gs-2021","10":"rizoma_bike-r-1250-gs-2021-24","11":"rizoma_bike-r-1250-gs-adventure-edition-40-years-gs-2020-21","12":"rizoma_bike-r-1250-gs-adventure-2019-20","13":"rizoma_bike-r-1250-gs-adventure-2021-24","14":"rizoma_bike-r-1300-gs-adventure-2025-26","15":"rizoma_bike-r-1300-gs-adventure-asa-2025-26","16":"rizoma_bike-r-1300-gs-adventure-option-719-karakorum-2025-26","17":"rizoma_bike-r-1300-gs-adventure-triple-black-2025-26","18":"rizoma_bike-r-1300-gs-adventure-trophy-2025-26","19":"rizoma_bike-r-ninet-100-years-2023","20":"rizoma_bike-r-ninet-1200-racer-2017-20","21":"rizoma_bike-x-adv-750-2017","22":"rizoma_bike-x-adv-750-2021","23":"rizoma_bike-x-adv-750-2022","24":"rizoma_bike-x-adv-750-2025-26","25":"rizoma_bike-x-adv-750-dct-2021-24","26":"rizoma_bike-x-adv-750-dct-adventure-2021-24","27":"rizoma_bike-x-adv-750-dct-gravel-2021-24","28":"rizoma_bike-x-adv-750-dct-travel-2021-24","29":"rizoma_bike-x-adv-750-special-edition-2026","30":"product_cat-kit-luces","32":"first","33":"instock","34":"taxable","35":"shipping-taxable","36":"purchasable","37":"product-type-variable"},"acf":[],"_links":{"self":[{"href":"https:\/\/cycle.rizoma.com\/es\/wp-json\/wp\/v2\/product\/314758","targetHints":{"allow":["GET"]}}],"collection":[{"href":"https:\/\/cycle.rizoma.com\/es\/wp-json\/wp\/v2\/product"}],"about":[{"href":"https:\/\/cycle.rizoma.com\/es\/wp-json\/wp\/v2\/types\/product"}],"wp:featuredmedia":[{"embeddable":true,"href":"https:\/\/cycle.rizoma.com\/es\/wp-json\/wp\/v2\/media\/299037"}],"wp:attachment":[{"href":"https:\/\/cycle.rizoma.com\/es\/wp-json\/wp\/v2\/media?parent=314758"}],"wp:term":[{"taxonomy":"rizoma_assembly_time","embeddable":true,"href":"https:\/\/cycle.rizoma.com\/es\/wp-json\/wp\/v2\/rizoma_assembly_time?post=314758"},{"taxonomy":"rizoma_bike","embeddable":true,"href":"https:\/\/cycle.rizoma.com\/es\/wp-json\/wp\/v2\/rizoma_bike?post=314758"},{"taxonomy":"rizoma_division","embeddable":true,"href":"https:\/\/cycle.rizoma.com\/es\/wp-json\/wp\/v2\/rizoma_division?post=314758"},{"taxonomy":"rizoma_family","embeddable":true,"href":"https:\/\/cycle.rizoma.com\/es\/wp-json\/wp\/v2\/rizoma_family?post=314758"},{"taxonomy":"rizoma_model_category","embeddable":true,"href":"https:\/\/cycle.rizoma.com\/es\/wp-json\/wp\/v2\/rizoma_model_category?post=314758"},{"taxonomy":"rizoma_product_template","embeddable":true,"href":"https:\/\/cycle.rizoma.com\/es\/wp-json\/wp\/v2\/rizoma_product_template?post=314758"},{"taxonomy":"product_brand","embeddable":true,"href":"https:\/\/cycle.rizoma.com\/es\/wp-json\/wp\/v2\/product_brand?post=314758"},{"taxonomy":"product_cat","embeddable":true,"href":"https:\/\/cycle.rizoma.com\/es\/wp-json\/wp\/v2\/product_cat?post=314758"},{"taxonomy":"product_tag","embeddable":true,"href":"https:\/\/cycle.rizoma.com\/es\/wp-json\/wp\/v2\/product_tag?post=314758"}],"curies":[{"name":"wp","href":"https:\/\/api.w.org\/{rel}","templated":true}]}}