{"id":314833,"date":"2024-11-21T16:28:51","date_gmt":"2024-11-21T15:28:51","guid":{"rendered":"https:\/\/rwp.rizoma.com\/negozio\/kit-de-catadioptricos-laterales-ee400\/"},"modified":"2025-05-29T04:06:16","modified_gmt":"2025-05-29T02:06:16","slug":"kit-de-catadioptricos-laterales-ee400","status":"publish","type":"product","link":"https:\/\/cycle.rizoma.com\/es\/negozio\/portamatricula\/EE400\/kit-de-catadioptricos-laterales-ee400\/","title":{"rendered":"Kit de catadi\u00f3ptricos laterales"},"content":{"rendered":"<p>El Kit de catadi\u00f3ptrico de matr\u00edcula permite adaptarse a las disposiciones de la normativa EURO4 de seguridad.<\/p>\n","protected":false},"excerpt":{"rendered":"<p>El Kit de catadi\u00f3ptrico de matr\u00edcula permite adaptarse a las disposiciones de la normativa EURO4 de seguridad.<\/p>\n","protected":false},"featured_media":298642,"template":"","meta":{"_acf_changed":false},"rizoma_assembly_time":[42664],"rizoma_bike":[43785,42569,42568,42558,42557,42556,43430,43427,43744,43429,42561,42560,42559,42146,42194,42108,41991,42263,42107,41854,42367,42515,42613,42048,42126,42572,43689,42117,42129,42629,41985,42130,42368,42644,43688,42142,42209,42595,42614,42170,42254,42255,43972,41982,42563,43435,42562,44434,42567,42566,42115,42116,42565,43436,42564,44435,44436,41999,42051,42001,44399,44400,42037,42237,42340,42502,43687,42464,42210,42256,42369,44370,42581,44371,42582,42038,42171,42238,42317,42500,43745,42465,42172,42318,42503,43746,42344,42173,42319,42343,43916,42174,42320,42083,42366,42504,42478,42104,42257,42258,42370,42505,42501,42443,43747,42583,43917],"rizoma_division":[42653],"rizoma_family":[42916],"rizoma_model_category":[],"rizoma_product_template":[],"product_brand":[],"product_cat":[42768],"product_tag":[],"class_list":{"0":"post-314833","1":"product","2":"type-product","3":"status-publish","4":"has-post-thumbnail","6":"rizoma_bike-1200-forty-eight-2016-20","7":"rizoma_bike-elettrica-2018-2022","8":"rizoma_bike-elettrica-2023-2024","9":"rizoma_bike-gts-2015-2017","10":"rizoma_bike-gts-2018-2022","11":"rizoma_bike-gts-2023-2025","12":"rizoma_bike-gts-310-2025","13":"rizoma_bike-gts-310-super-2025","14":"rizoma_bike-gts-310-super-tech-2025","15":"rizoma_bike-gts-310-supersport-2025","16":"rizoma_bike-gts-super-2015-2017","17":"rizoma_bike-gts-super-2018-2022","18":"rizoma_bike-gts-super-2023-2025","19":"rizoma_bike-katana-1000-2019-20","20":"rizoma_bike-katana-1000-jindachi-2019-20","21":"rizoma_bike-mt-07-2018-20","22":"rizoma_bike-mt-09-2017-20","23":"rizoma_bike-mt-09-2020","24":"rizoma_bike-mt-09-sp-2018-20","25":"rizoma_bike-mt-09-street-rally-2014-16","26":"rizoma_bike-ninja-1000-zx-10r-2021-22","27":"rizoma_bike-ninja-1000-zx-10r-2021-25","28":"rizoma_bike-ninja-1000-zx-10r-40th-anniversary-edition-2024","29":"rizoma_bike-ninja-1000-zx-10r-krt-replica-2017-18","30":"rizoma_bike-ninja-1000-zx-10r-krt-replica-2019-20","31":"rizoma_bike-ninja-1000-zx-10r-performance-2021-24","32":"rizoma_bike-ninja-1000-zx-10r-performance-2025","33":"rizoma_bike-ninja-1000-zx-10r-se-2018","34":"rizoma_bike-ninja-1000-zx-10r-se-2019-20","35":"rizoma_bike-ninja-1000-zx-10rr-winter-test-limited-edition-2024","36":"rizoma_bike-ninja-1000-zx-10rr-2017-18","37":"rizoma_bike-ninja-1000-zx-10rr-2019-20","38":"rizoma_bike-ninja-1000-zx-10rr-2021-23","39":"rizoma_bike-ninja-1000-zx-10rr-2025","40":"rizoma_bike-ninja-1000-zx-10rr-performance-2025","41":"rizoma_bike-ninja-636-zx-6r-2019-20","42":"rizoma_bike-ninja-636-zx-6r-2020","43":"rizoma_bike-ninja-636-zx-6r-2024-26","44":"rizoma_bike-ninja-636-zx-6r-40th-anniversary-edition-2024","45":"rizoma_bike-ninja-636-zx-6r-krt-2019-20","46":"rizoma_bike-ninja-636-zx-6r-krt-performance-2019-20","47":"rizoma_bike-ninja-636-zx-6r-performance-2019-20","48":"rizoma_bike-ninja-636-zx-6r-performance-2025-26","49":"rizoma_bike-ninja-650-2017-19","50":"rizoma_bike-primavera-2018-2022","51":"rizoma_bike-primavera-2023","52":"rizoma_bike-primavera-2024-2025","53":"rizoma_bike-primavera-elettrica-2024-25","54":"rizoma_bike-sei-giorni-2016-2017","55":"rizoma_bike-sei-giorni-2018-2022","56":"rizoma_bike-speed-triple-1050-rs-2018-20","57":"rizoma_bike-speed-triple-1050-s-2018-20","58":"rizoma_bike-sprint-2018-2022","59":"rizoma_bike-sprint-2023","60":"rizoma_bike-sprint-2024-2025","61":"rizoma_bike-sprint-elettrica-2024-25","62":"rizoma_bike-sprint-elettrica-2026","63":"rizoma_bike-yzf-r6-2017-20","64":"rizoma_bike-z-1000-2017-20","65":"rizoma_bike-z-1000-r-2017-20","66":"rizoma_bike-z-1100-2026","67":"rizoma_bike-z-1100-se-2026","68":"rizoma_bike-z-650-2017-19","69":"rizoma_bike-z-650-2020","70":"rizoma_bike-z-650-2021-22","71":"rizoma_bike-z-650-2023-24","72":"rizoma_bike-z-650-2025-26","73":"rizoma_bike-z-650-50th-anniversary-2022-23","74":"rizoma_bike-z-650-performance-2019-20","75":"rizoma_bike-z-650-performance-2020","76":"rizoma_bike-z-650-performance-2021-24","77":"rizoma_bike-z-650-performance-arrow-2025-26","78":"rizoma_bike-z-650-sport-2021-24","79":"rizoma_bike-z-650-sport-2025-26","80":"rizoma_bike-z-650-urban-2021-24","81":"rizoma_bike-z-900-2017-18","82":"rizoma_bike-z-900-2019","83":"rizoma_bike-z-900-2020-22","84":"rizoma_bike-z-900-2020","85":"rizoma_bike-z-900-2023-24","86":"rizoma_bike-z-900-2025-26","87":"rizoma_bike-z-900-50th-anniversary-2022-23","88":"rizoma_bike-z-900-a2-2019","89":"rizoma_bike-z-900-a2-2020","90":"rizoma_bike-z-900-a2-2021-24","91":"rizoma_bike-z-900-a2-2025-26","92":"rizoma_bike-z-900-a2-performance-2021-24","93":"rizoma_bike-z-900-performance-2019","94":"rizoma_bike-z-900-performance-2020","95":"rizoma_bike-z-900-performance-2021-24","96":"rizoma_bike-z-900-performance-2025-26","97":"rizoma_bike-z-900-performance-a2-2019","98":"rizoma_bike-z-900-performance-a2-2020","99":"rizoma_bike-z-900-rs-2018-20","100":"rizoma_bike-z-900-rs-2021","101":"rizoma_bike-z-900-rs-2022-25","102":"rizoma_bike-z-900-rs-50th-anniversary-2022","103":"rizoma_bike-z-900-rs-cafe-2018-21","104":"rizoma_bike-z-900-rs-cafe-performance-2020-21","105":"rizoma_bike-z-900-rs-performance-2020","106":"rizoma_bike-z-900-rs-performance-2021-22","107":"rizoma_bike-z-900-rs-se-2022-25","108":"rizoma_bike-z-900-se-2022-24","109":"rizoma_bike-z-900-se-2022","110":"rizoma_bike-z-900-se-2025-26","111":"rizoma_bike-z-900-se-performance-2023-24","112":"rizoma_bike-z-900-se-performance-2025-26","113":"product_cat-portamatricula","115":"first","116":"instock","117":"taxable","118":"shipping-taxable","119":"purchasable","120":"product-type-variable"},"acf":[],"_links":{"self":[{"href":"https:\/\/cycle.rizoma.com\/es\/wp-json\/wp\/v2\/product\/314833","targetHints":{"allow":["GET"]}}],"collection":[{"href":"https:\/\/cycle.rizoma.com\/es\/wp-json\/wp\/v2\/product"}],"about":[{"href":"https:\/\/cycle.rizoma.com\/es\/wp-json\/wp\/v2\/types\/product"}],"wp:featuredmedia":[{"embeddable":true,"href":"https:\/\/cycle.rizoma.com\/es\/wp-json\/wp\/v2\/media\/298642"}],"wp:attachment":[{"href":"https:\/\/cycle.rizoma.com\/es\/wp-json\/wp\/v2\/media?parent=314833"}],"wp:term":[{"taxonomy":"rizoma_assembly_time","embeddable":true,"href":"https:\/\/cycle.rizoma.com\/es\/wp-json\/wp\/v2\/rizoma_assembly_time?post=314833"},{"taxonomy":"rizoma_bike","embeddable":true,"href":"https:\/\/cycle.rizoma.com\/es\/wp-json\/wp\/v2\/rizoma_bike?post=314833"},{"taxonomy":"rizoma_division","embeddable":true,"href":"https:\/\/cycle.rizoma.com\/es\/wp-json\/wp\/v2\/rizoma_division?post=314833"},{"taxonomy":"rizoma_family","embeddable":true,"href":"https:\/\/cycle.rizoma.com\/es\/wp-json\/wp\/v2\/rizoma_family?post=314833"},{"taxonomy":"rizoma_model_category","embeddable":true,"href":"https:\/\/cycle.rizoma.com\/es\/wp-json\/wp\/v2\/rizoma_model_category?post=314833"},{"taxonomy":"rizoma_product_template","embeddable":true,"href":"https:\/\/cycle.rizoma.com\/es\/wp-json\/wp\/v2\/rizoma_product_template?post=314833"},{"taxonomy":"product_brand","embeddable":true,"href":"https:\/\/cycle.rizoma.com\/es\/wp-json\/wp\/v2\/product_brand?post=314833"},{"taxonomy":"product_cat","embeddable":true,"href":"https:\/\/cycle.rizoma.com\/es\/wp-json\/wp\/v2\/product_cat?post=314833"},{"taxonomy":"product_tag","embeddable":true,"href":"https:\/\/cycle.rizoma.com\/es\/wp-json\/wp\/v2\/product_tag?post=314833"}],"curies":[{"name":"wp","href":"https:\/\/api.w.org\/{rel}","templated":true}]}}