{"id":314878,"date":"2024-11-21T16:29:48","date_gmt":"2024-11-21T15:29:48","guid":{"rendered":"https:\/\/rwp.rizoma.com\/negozio\/kit-de-graficos-de-deposito-zkw036\/"},"modified":"2025-12-18T00:37:27","modified_gmt":"2025-12-17T23:37:27","slug":"kit-de-graficos-de-deposito-zkw036","status":"publish","type":"product","link":"https:\/\/cycle.rizoma.com\/es\/negozio\/mas-para-tu-kawasaki\/ZKW036\/kit-de-graficos-de-deposito-zkw036\/","title":{"rendered":"Kit de gr\u00e1ficos de dep\u00f3sito"},"content":{"rendered":"<p>El kit de gr\u00e1ficos Rizoma es una soluci\u00f3n indispensable para mejorar la protecci\u00f3n del dep\u00f3sito contra ara\u00f1azos accidentales sin renunciar a la est\u00e9tica.<\/p>\n","protected":false},"excerpt":{"rendered":"<p>El kit de gr\u00e1ficos Rizoma es una soluci\u00f3n indispensable para mejorar la protecci\u00f3n del dep\u00f3sito contra ara\u00f1azos accidentales sin renunciar a la est\u00e9tica.<\/p>\n","protected":false},"featured_media":295067,"template":"","meta":{"_acf_changed":false},"rizoma_assembly_time":[42664],"rizoma_bike":[42038,42171,42238,42317,42500,43745,42465,42172,42318,42503,43746,42344,42173,42319,42343,43916,42174,42320,42501,42443,43747,42583,43917],"rizoma_division":[42653],"rizoma_family":[],"rizoma_model_category":[],"rizoma_product_template":[],"product_brand":[],"product_cat":[42794],"product_tag":[],"class_list":{"0":"post-314878","1":"product","2":"type-product","3":"status-publish","4":"has-post-thumbnail","6":"rizoma_bike-z-900-2017-18","7":"rizoma_bike-z-900-2019","8":"rizoma_bike-z-900-2020-22","9":"rizoma_bike-z-900-2020","10":"rizoma_bike-z-900-2023-24","11":"rizoma_bike-z-900-2025-26","12":"rizoma_bike-z-900-50th-anniversary-2022-23","13":"rizoma_bike-z-900-a2-2019","14":"rizoma_bike-z-900-a2-2020","15":"rizoma_bike-z-900-a2-2021-24","16":"rizoma_bike-z-900-a2-2025-26","17":"rizoma_bike-z-900-a2-performance-2021-24","18":"rizoma_bike-z-900-performance-2019","19":"rizoma_bike-z-900-performance-2020","20":"rizoma_bike-z-900-performance-2021-24","21":"rizoma_bike-z-900-performance-2025-26","22":"rizoma_bike-z-900-performance-a2-2019","23":"rizoma_bike-z-900-performance-a2-2020","24":"rizoma_bike-z-900-se-2022-24","25":"rizoma_bike-z-900-se-2022","26":"rizoma_bike-z-900-se-2025-26","27":"rizoma_bike-z-900-se-performance-2023-24","28":"rizoma_bike-z-900-se-performance-2025-26","29":"product_cat-mas-para-tu-kawasaki","31":"first","32":"instock","33":"sale","34":"taxable","35":"shipping-taxable","36":"purchasable","37":"product-type-variable"},"acf":[],"_links":{"self":[{"href":"https:\/\/cycle.rizoma.com\/es\/wp-json\/wp\/v2\/product\/314878","targetHints":{"allow":["GET"]}}],"collection":[{"href":"https:\/\/cycle.rizoma.com\/es\/wp-json\/wp\/v2\/product"}],"about":[{"href":"https:\/\/cycle.rizoma.com\/es\/wp-json\/wp\/v2\/types\/product"}],"wp:featuredmedia":[{"embeddable":true,"href":"https:\/\/cycle.rizoma.com\/es\/wp-json\/wp\/v2\/media\/295067"}],"wp:attachment":[{"href":"https:\/\/cycle.rizoma.com\/es\/wp-json\/wp\/v2\/media?parent=314878"}],"wp:term":[{"taxonomy":"rizoma_assembly_time","embeddable":true,"href":"https:\/\/cycle.rizoma.com\/es\/wp-json\/wp\/v2\/rizoma_assembly_time?post=314878"},{"taxonomy":"rizoma_bike","embeddable":true,"href":"https:\/\/cycle.rizoma.com\/es\/wp-json\/wp\/v2\/rizoma_bike?post=314878"},{"taxonomy":"rizoma_division","embeddable":true,"href":"https:\/\/cycle.rizoma.com\/es\/wp-json\/wp\/v2\/rizoma_division?post=314878"},{"taxonomy":"rizoma_family","embeddable":true,"href":"https:\/\/cycle.rizoma.com\/es\/wp-json\/wp\/v2\/rizoma_family?post=314878"},{"taxonomy":"rizoma_model_category","embeddable":true,"href":"https:\/\/cycle.rizoma.com\/es\/wp-json\/wp\/v2\/rizoma_model_category?post=314878"},{"taxonomy":"rizoma_product_template","embeddable":true,"href":"https:\/\/cycle.rizoma.com\/es\/wp-json\/wp\/v2\/rizoma_product_template?post=314878"},{"taxonomy":"product_brand","embeddable":true,"href":"https:\/\/cycle.rizoma.com\/es\/wp-json\/wp\/v2\/product_brand?post=314878"},{"taxonomy":"product_cat","embeddable":true,"href":"https:\/\/cycle.rizoma.com\/es\/wp-json\/wp\/v2\/product_cat?post=314878"},{"taxonomy":"product_tag","embeddable":true,"href":"https:\/\/cycle.rizoma.com\/es\/wp-json\/wp\/v2\/product_tag?post=314878"}],"curies":[{"name":"wp","href":"https:\/\/api.w.org\/{rel}","templated":true}]}}