{"id":315093,"date":"2024-11-21T16:34:21","date_gmt":"2024-11-21T15:34:21","guid":{"rendered":"https:\/\/rwp.rizoma.com\/negozio\/rejillas-de-ventilacion-laterales-zvp012\/"},"modified":"2025-11-22T00:06:42","modified_gmt":"2025-11-21T23:06:42","slug":"rejillas-de-ventilacion-laterales-zvp012","status":"publish","type":"product","link":"https:\/\/cycle.rizoma.com\/es\/negozio\/mas-para-tu-vespa\/ZVP012\/rejillas-de-ventilacion-laterales-zvp012\/","title":{"rendered":"Rejillas de ventilaci\u00f3n laterales"},"content":{"rendered":"<p>Las rejillas de ventilaci\u00f3n Rizoma realzan los perfiles laterales de la Vespa, d\u00e1ndole un aspecto m\u00e1s ligero y minimalista. El cuerpo estructural de palanquilla de aluminio combina perfectamente con las rejillas romboidales de acero inoxidable, creando un elemento atractivo y resistente. <\/p>\n","protected":false},"excerpt":{"rendered":"<p>Las rejillas de ventilaci\u00f3n Rizoma realzan los perfiles laterales de la Vespa, d\u00e1ndole un aspecto m\u00e1s ligero y minimalista. El cuerpo estructural de palanquilla de aluminio combina perfectamente con las rejillas romboidales de acero inoxidable, creando un elemento atractivo y resistente.<\/p>\n","protected":false},"featured_media":343103,"template":"","meta":{"_acf_changed":false},"rizoma_assembly_time":[42675],"rizoma_bike":[42558,42557,42561,42560,42567,42566],"rizoma_division":[42653],"rizoma_family":[],"rizoma_model_category":[],"rizoma_product_template":[],"product_brand":[],"product_cat":[42947],"product_tag":[],"class_list":{"0":"post-315093","1":"product","2":"type-product","3":"status-publish","4":"has-post-thumbnail","6":"rizoma_bike-gts-2015-2017","7":"rizoma_bike-gts-2018-2022","8":"rizoma_bike-gts-super-2015-2017","9":"rizoma_bike-gts-super-2018-2022","10":"rizoma_bike-sei-giorni-2016-2017","11":"rizoma_bike-sei-giorni-2018-2022","12":"product_cat-mas-para-tu-vespa","14":"first","15":"instock","16":"sale","17":"taxable","18":"shipping-taxable","19":"purchasable","20":"product-type-variable"},"acf":[],"_links":{"self":[{"href":"https:\/\/cycle.rizoma.com\/es\/wp-json\/wp\/v2\/product\/315093","targetHints":{"allow":["GET"]}}],"collection":[{"href":"https:\/\/cycle.rizoma.com\/es\/wp-json\/wp\/v2\/product"}],"about":[{"href":"https:\/\/cycle.rizoma.com\/es\/wp-json\/wp\/v2\/types\/product"}],"wp:featuredmedia":[{"embeddable":true,"href":"https:\/\/cycle.rizoma.com\/es\/wp-json\/wp\/v2\/media\/343103"}],"wp:attachment":[{"href":"https:\/\/cycle.rizoma.com\/es\/wp-json\/wp\/v2\/media?parent=315093"}],"wp:term":[{"taxonomy":"rizoma_assembly_time","embeddable":true,"href":"https:\/\/cycle.rizoma.com\/es\/wp-json\/wp\/v2\/rizoma_assembly_time?post=315093"},{"taxonomy":"rizoma_bike","embeddable":true,"href":"https:\/\/cycle.rizoma.com\/es\/wp-json\/wp\/v2\/rizoma_bike?post=315093"},{"taxonomy":"rizoma_division","embeddable":true,"href":"https:\/\/cycle.rizoma.com\/es\/wp-json\/wp\/v2\/rizoma_division?post=315093"},{"taxonomy":"rizoma_family","embeddable":true,"href":"https:\/\/cycle.rizoma.com\/es\/wp-json\/wp\/v2\/rizoma_family?post=315093"},{"taxonomy":"rizoma_model_category","embeddable":true,"href":"https:\/\/cycle.rizoma.com\/es\/wp-json\/wp\/v2\/rizoma_model_category?post=315093"},{"taxonomy":"rizoma_product_template","embeddable":true,"href":"https:\/\/cycle.rizoma.com\/es\/wp-json\/wp\/v2\/rizoma_product_template?post=315093"},{"taxonomy":"product_brand","embeddable":true,"href":"https:\/\/cycle.rizoma.com\/es\/wp-json\/wp\/v2\/product_brand?post=315093"},{"taxonomy":"product_cat","embeddable":true,"href":"https:\/\/cycle.rizoma.com\/es\/wp-json\/wp\/v2\/product_cat?post=315093"},{"taxonomy":"product_tag","embeddable":true,"href":"https:\/\/cycle.rizoma.com\/es\/wp-json\/wp\/v2\/product_tag?post=315093"}],"curies":[{"name":"wp","href":"https:\/\/api.w.org\/{rel}","templated":true}]}}