{"id":315103,"date":"2024-11-21T16:34:34","date_gmt":"2024-11-21T15:34:34","guid":{"rendered":"https:\/\/rwp.rizoma.com\/negozio\/cubierta-de-direccion-zvp011\/"},"modified":"2025-06-06T06:09:20","modified_gmt":"2025-06-06T04:09:20","slug":"cubierta-de-direccion-zvp011","status":"publish","type":"product","link":"https:\/\/cycle.rizoma.com\/es\/negozio\/mas-para-tu-vespa\/ZVP011\/cubierta-de-direccion-zvp011\/","title":{"rendered":"Cubierta de direcci\u00f3n"},"content":{"rendered":"<p>Rizoma reinterpreta uno de los elementos distintivos de la Vespa, la cubierta de direcci\u00f3n. Fabricado \u00edntegramente en aluminio, se mecaniza a partir de s\u00f3lido de 10,5 kg hasta s\u00f3lo 0,45 kg. El acabado por anodizado, adem\u00e1s de garantizar un mayor rendimiento est\u00e9tico y cualitativo a lo largo del tiempo, enfatiza la mano de obra fina. Disponible en diferentes colores.<\/p>\n","protected":false},"excerpt":{"rendered":"<p>Rizoma reinterpreta uno de los elementos distintivos de la Vespa, la cubierta de direcci\u00f3n. Fabricado \u00edntegramente en aluminio, se mecaniza a partir de s\u00f3lido de 10,5 kg hasta s\u00f3lo 0,45 kg. El acabado por anodizado, adem\u00e1s de garantizar un mayor rendimiento est\u00e9tico y cualitativo a lo largo del tiempo, enfatiza la mano de obra fina. [&hellip;]<\/p>\n","protected":false},"featured_media":343105,"template":"","meta":{"_acf_changed":false},"rizoma_assembly_time":[42675],"rizoma_bike":[42557,42560,42636,44397,44437,42566],"rizoma_division":[42653],"rizoma_family":[],"rizoma_model_category":[],"rizoma_product_template":[],"product_brand":[],"product_cat":[42947],"product_tag":[],"class_list":{"0":"post-315103","1":"product","2":"type-product","3":"status-publish","4":"has-post-thumbnail","6":"rizoma_bike-gts-2018-2022","7":"rizoma_bike-gts-super-2018-2022","8":"rizoma_bike-gtv-2023-2024","9":"rizoma_bike-gtv-310-2025-2026","10":"rizoma_bike-gtv-310-officina-8-2026","11":"rizoma_bike-sei-giorni-2018-2022","12":"product_cat-mas-para-tu-vespa","14":"first","15":"instock","16":"sale","17":"taxable","18":"shipping-taxable","19":"purchasable","20":"product-type-variable"},"acf":[],"_links":{"self":[{"href":"https:\/\/cycle.rizoma.com\/es\/wp-json\/wp\/v2\/product\/315103","targetHints":{"allow":["GET"]}}],"collection":[{"href":"https:\/\/cycle.rizoma.com\/es\/wp-json\/wp\/v2\/product"}],"about":[{"href":"https:\/\/cycle.rizoma.com\/es\/wp-json\/wp\/v2\/types\/product"}],"wp:featuredmedia":[{"embeddable":true,"href":"https:\/\/cycle.rizoma.com\/es\/wp-json\/wp\/v2\/media\/343105"}],"wp:attachment":[{"href":"https:\/\/cycle.rizoma.com\/es\/wp-json\/wp\/v2\/media?parent=315103"}],"wp:term":[{"taxonomy":"rizoma_assembly_time","embeddable":true,"href":"https:\/\/cycle.rizoma.com\/es\/wp-json\/wp\/v2\/rizoma_assembly_time?post=315103"},{"taxonomy":"rizoma_bike","embeddable":true,"href":"https:\/\/cycle.rizoma.com\/es\/wp-json\/wp\/v2\/rizoma_bike?post=315103"},{"taxonomy":"rizoma_division","embeddable":true,"href":"https:\/\/cycle.rizoma.com\/es\/wp-json\/wp\/v2\/rizoma_division?post=315103"},{"taxonomy":"rizoma_family","embeddable":true,"href":"https:\/\/cycle.rizoma.com\/es\/wp-json\/wp\/v2\/rizoma_family?post=315103"},{"taxonomy":"rizoma_model_category","embeddable":true,"href":"https:\/\/cycle.rizoma.com\/es\/wp-json\/wp\/v2\/rizoma_model_category?post=315103"},{"taxonomy":"rizoma_product_template","embeddable":true,"href":"https:\/\/cycle.rizoma.com\/es\/wp-json\/wp\/v2\/rizoma_product_template?post=315103"},{"taxonomy":"product_brand","embeddable":true,"href":"https:\/\/cycle.rizoma.com\/es\/wp-json\/wp\/v2\/product_brand?post=315103"},{"taxonomy":"product_cat","embeddable":true,"href":"https:\/\/cycle.rizoma.com\/es\/wp-json\/wp\/v2\/product_cat?post=315103"},{"taxonomy":"product_tag","embeddable":true,"href":"https:\/\/cycle.rizoma.com\/es\/wp-json\/wp\/v2\/product_tag?post=315103"}],"curies":[{"name":"wp","href":"https:\/\/api.w.org\/{rel}","templated":true}]}}