{"id":315138,"date":"2024-11-21T16:35:18","date_gmt":"2024-11-21T15:35:18","guid":{"rendered":"https:\/\/rwp.rizoma.com\/negozio\/cornet-dadmission-zhd082\/"},"modified":"2025-12-18T00:39:20","modified_gmt":"2025-12-17T23:39:20","slug":"cornet-dadmission-zhd082","status":"publish","type":"product","link":"https:\/\/cycle.rizoma.com\/es\/negozio\/mas-para-tu-harley-davidson\/ZHD082\/cornet-dadmission-zhd082\/","title":{"rendered":"Cornet d&#8217;admission"},"content":{"rendered":"<p>El Cono para conducto de aspiraci\u00f3n Rizoma sustituye la caja de filtro original. Realizado en aluminio posteriormente anodizado y pulido para garantizar un acabado perfecto y un mayor rendimiento est\u00e9tico frente al paso del tiempo. T\u00e9cnico y de dise\u00f1o retro y elegante completar\u00e1 sutilmente el estilo custom de la forty-Eight.<br \/>Adem\u00e1s, gracias a la malla anti lluvia Rizoma (AF002B, se vende separadamente) estudiada espec\u00edficamente para este producto, es posible proteger la entrada del cono de aspiraci\u00f3n para impedir la accidental entrada de agua en el motor en caso, por ejemplo, de aguaceros imprevistos.<\/p>\n","protected":false},"excerpt":{"rendered":"<p>El Cono para conducto de aspiraci\u00f3n Rizoma sustituye la caja de filtro original. Realizado en aluminio posteriormente anodizado y pulido para garantizar un acabado perfecto y un mayor rendimiento est\u00e9tico frente al paso del tiempo. T\u00e9cnico y de dise\u00f1o retro y elegante completar\u00e1 sutilmente el estilo custom de la forty-Eight.Adem\u00e1s, gracias a la malla anti [&hellip;]<\/p>\n","protected":false},"featured_media":294892,"template":"","meta":{"_acf_changed":false},"rizoma_assembly_time":[42742],"rizoma_bike":[43785],"rizoma_division":[42653],"rizoma_family":[],"rizoma_model_category":[],"rizoma_product_template":[],"product_brand":[],"product_cat":[42788],"product_tag":[],"class_list":{"0":"post-315138","1":"product","2":"type-product","3":"status-publish","4":"has-post-thumbnail","6":"rizoma_bike-1200-forty-eight-2016-20","7":"product_cat-mas-para-tu-harley-davidson","9":"first","10":"instock","11":"sale","12":"taxable","13":"shipping-taxable","14":"purchasable","15":"product-type-variable"},"acf":[],"_links":{"self":[{"href":"https:\/\/cycle.rizoma.com\/es\/wp-json\/wp\/v2\/product\/315138","targetHints":{"allow":["GET"]}}],"collection":[{"href":"https:\/\/cycle.rizoma.com\/es\/wp-json\/wp\/v2\/product"}],"about":[{"href":"https:\/\/cycle.rizoma.com\/es\/wp-json\/wp\/v2\/types\/product"}],"wp:featuredmedia":[{"embeddable":true,"href":"https:\/\/cycle.rizoma.com\/es\/wp-json\/wp\/v2\/media\/294892"}],"wp:attachment":[{"href":"https:\/\/cycle.rizoma.com\/es\/wp-json\/wp\/v2\/media?parent=315138"}],"wp:term":[{"taxonomy":"rizoma_assembly_time","embeddable":true,"href":"https:\/\/cycle.rizoma.com\/es\/wp-json\/wp\/v2\/rizoma_assembly_time?post=315138"},{"taxonomy":"rizoma_bike","embeddable":true,"href":"https:\/\/cycle.rizoma.com\/es\/wp-json\/wp\/v2\/rizoma_bike?post=315138"},{"taxonomy":"rizoma_division","embeddable":true,"href":"https:\/\/cycle.rizoma.com\/es\/wp-json\/wp\/v2\/rizoma_division?post=315138"},{"taxonomy":"rizoma_family","embeddable":true,"href":"https:\/\/cycle.rizoma.com\/es\/wp-json\/wp\/v2\/rizoma_family?post=315138"},{"taxonomy":"rizoma_model_category","embeddable":true,"href":"https:\/\/cycle.rizoma.com\/es\/wp-json\/wp\/v2\/rizoma_model_category?post=315138"},{"taxonomy":"rizoma_product_template","embeddable":true,"href":"https:\/\/cycle.rizoma.com\/es\/wp-json\/wp\/v2\/rizoma_product_template?post=315138"},{"taxonomy":"product_brand","embeddable":true,"href":"https:\/\/cycle.rizoma.com\/es\/wp-json\/wp\/v2\/product_brand?post=315138"},{"taxonomy":"product_cat","embeddable":true,"href":"https:\/\/cycle.rizoma.com\/es\/wp-json\/wp\/v2\/product_cat?post=315138"},{"taxonomy":"product_tag","embeddable":true,"href":"https:\/\/cycle.rizoma.com\/es\/wp-json\/wp\/v2\/product_tag?post=315138"}],"curies":[{"name":"wp","href":"https:\/\/api.w.org\/{rel}","templated":true}]}}