{"id":315153,"date":"2024-11-21T16:35:36","date_gmt":"2024-11-21T15:35:36","guid":{"rendered":"https:\/\/rwp.rizoma.com\/negozio\/kit-de-montaje-espejo-para-carenado-bs743\/"},"modified":"2025-01-14T10:52:16","modified_gmt":"2025-01-14T09:52:16","slug":"kit-de-montaje-espejo-para-carenado-bs743","status":"publish","type":"product","link":"https:\/\/cycle.rizoma.com\/es\/negozio\/espejos-retrovisores\/BS743\/kit-de-montaje-espejo-para-carenado-bs743\/","title":{"rendered":"Kit de montaje espejo para carenado"},"content":{"rendered":"<p>Cada adaptador Rizoma espec\u00edfico de espejo est\u00e1 realizado para el modelo de moto correspondiente, con el fin de garantizar la mejor fijaci\u00f3n al manillar. En aluminio mecanizado a partir de un bloque macizo para conferir resistencia y durabilidad incluso frente a exigencias m\u00e1ximas.<\/p>\n","protected":false},"excerpt":{"rendered":"<p>Cada adaptador Rizoma espec\u00edfico de espejo est\u00e1 realizado para el modelo de moto correspondiente, con el fin de garantizar la mejor fijaci\u00f3n al manillar. En aluminio mecanizado a partir de un bloque macizo para conferir resistencia y durabilidad incluso frente a exigencias m\u00e1ximas.<\/p>\n","protected":false},"featured_media":297412,"template":"","meta":{"_acf_changed":false},"rizoma_assembly_time":[42664],"rizoma_bike":[41696,41698,41707,41708,41709,41606,41607,41710,44006,44007,44008,44009,41609,42284,41702,41703,41704,41705,41706,41771,41921,41914,41683],"rizoma_division":[42653],"rizoma_family":[42669],"rizoma_model_category":[],"rizoma_product_template":[],"product_brand":[],"product_cat":[43943],"product_tag":[],"class_list":{"0":"post-315153","1":"product","2":"type-product","3":"status-publish","4":"has-post-thumbnail","6":"rizoma_bike-f3-675-2011-15","7":"rizoma_bike-f4-1000-rr-2010-11","8":"rizoma_bike-gsx-r-600-2001-03","9":"rizoma_bike-gsx-r-600-2004-05","10":"rizoma_bike-gsx-r-600-2006-07","11":"rizoma_bike-gsx-r-600-2008-10","12":"rizoma_bike-gsx-r-600-2011-16","13":"rizoma_bike-gsx-r-600x-anniversary-2005-06","14":"rizoma_bike-gsx-r-750-1999-03","15":"rizoma_bike-gsx-r-750-2004-05","16":"rizoma_bike-gsx-r-750-2006-07","17":"rizoma_bike-gsx-r-750-2008-10","18":"rizoma_bike-gsx-r-750-2011-12","19":"rizoma_bike-gsx-r-750x-anniversary-2005","20":"rizoma_bike-gsx-r1000-2000-02","21":"rizoma_bike-gsx-r1000-2003-04","22":"rizoma_bike-gsx-r1000-2005-06","23":"rizoma_bike-gsx-r1000-2006-08","24":"rizoma_bike-gsx-r1000-2009-11","25":"rizoma_bike-gsx-r1000-2012-15","26":"rizoma_bike-gsx-r1000-2015","27":"rizoma_bike-gsx-r1000-abs-2015-16","28":"rizoma_bike-ninja-1000-zx-10r-2008-09","29":"product_cat-espejos-retrovisores","31":"first","32":"instock","33":"taxable","34":"shipping-taxable","35":"purchasable","36":"product-type-variable"},"acf":[],"_links":{"self":[{"href":"https:\/\/cycle.rizoma.com\/es\/wp-json\/wp\/v2\/product\/315153","targetHints":{"allow":["GET"]}}],"collection":[{"href":"https:\/\/cycle.rizoma.com\/es\/wp-json\/wp\/v2\/product"}],"about":[{"href":"https:\/\/cycle.rizoma.com\/es\/wp-json\/wp\/v2\/types\/product"}],"wp:featuredmedia":[{"embeddable":true,"href":"https:\/\/cycle.rizoma.com\/es\/wp-json\/wp\/v2\/media\/297412"}],"wp:attachment":[{"href":"https:\/\/cycle.rizoma.com\/es\/wp-json\/wp\/v2\/media?parent=315153"}],"wp:term":[{"taxonomy":"rizoma_assembly_time","embeddable":true,"href":"https:\/\/cycle.rizoma.com\/es\/wp-json\/wp\/v2\/rizoma_assembly_time?post=315153"},{"taxonomy":"rizoma_bike","embeddable":true,"href":"https:\/\/cycle.rizoma.com\/es\/wp-json\/wp\/v2\/rizoma_bike?post=315153"},{"taxonomy":"rizoma_division","embeddable":true,"href":"https:\/\/cycle.rizoma.com\/es\/wp-json\/wp\/v2\/rizoma_division?post=315153"},{"taxonomy":"rizoma_family","embeddable":true,"href":"https:\/\/cycle.rizoma.com\/es\/wp-json\/wp\/v2\/rizoma_family?post=315153"},{"taxonomy":"rizoma_model_category","embeddable":true,"href":"https:\/\/cycle.rizoma.com\/es\/wp-json\/wp\/v2\/rizoma_model_category?post=315153"},{"taxonomy":"rizoma_product_template","embeddable":true,"href":"https:\/\/cycle.rizoma.com\/es\/wp-json\/wp\/v2\/rizoma_product_template?post=315153"},{"taxonomy":"product_brand","embeddable":true,"href":"https:\/\/cycle.rizoma.com\/es\/wp-json\/wp\/v2\/product_brand?post=315153"},{"taxonomy":"product_cat","embeddable":true,"href":"https:\/\/cycle.rizoma.com\/es\/wp-json\/wp\/v2\/product_cat?post=315153"},{"taxonomy":"product_tag","embeddable":true,"href":"https:\/\/cycle.rizoma.com\/es\/wp-json\/wp\/v2\/product_tag?post=315153"}],"curies":[{"name":"wp","href":"https:\/\/api.w.org\/{rel}","templated":true}]}}