{"id":315228,"date":"2024-11-21T16:37:12","date_gmt":"2024-11-21T15:37:12","guid":{"rendered":"https:\/\/rwp.rizoma.com\/negozio\/kit-de-montaje-de-intermitentes-traseros-rizoma-fr421\/"},"modified":"2025-01-14T11:23:18","modified_gmt":"2025-01-14T10:23:18","slug":"kit-de-montaje-de-intermitentes-traseros-rizoma-fr421","status":"publish","type":"product","link":"https:\/\/cycle.rizoma.com\/es\/negozio\/intermitentes\/FR421\/kit-de-montaje-de-intermitentes-traseros-rizoma-fr421\/","title":{"rendered":"Kit de montaje de intermitentes traseros Rizoma"},"content":{"rendered":"<p>Adaptadores de intermitentes Rizoma en portamatr\u00edcula Rizoma PT526B. Cada adaptador de espejo est\u00e1 expresamente realizado para el modelo de moto correspondiente, con el fin de garantizar la mejor fijaci\u00f3n posible.<\/p>\n","protected":false},"excerpt":{"rendered":"<p>Adaptadores de intermitentes Rizoma en portamatr\u00edcula Rizoma PT526B. Cada adaptador de espejo est\u00e1 expresamente realizado para el modelo de moto correspondiente, con el fin de garantizar la mejor fijaci\u00f3n posible.<\/p>\n","protected":false},"featured_media":295742,"template":"","meta":{"_acf_changed":false},"rizoma_assembly_time":[42664],"rizoma_bike":[42136,42293,42137,42294,41944],"rizoma_division":[42653],"rizoma_family":[42711],"rizoma_model_category":[],"rizoma_product_template":[],"product_brand":[],"product_cat":[42716],"product_tag":[],"class_list":{"0":"post-315228","1":"product","2":"type-product","3":"status-publish","4":"has-post-thumbnail","6":"rizoma_bike-ftr-1200-2019-20","7":"rizoma_bike-ftr-1200-2021-25","8":"rizoma_bike-ftr-1200-s-2019-20","9":"rizoma_bike-ftr-1200-s-2021-22","10":"rizoma_bike-scrambler-400-sixty-2-2016-21","11":"product_cat-intermitentes","13":"first","14":"instock","15":"taxable","16":"shipping-taxable","17":"purchasable","18":"product-type-variable"},"acf":[],"_links":{"self":[{"href":"https:\/\/cycle.rizoma.com\/es\/wp-json\/wp\/v2\/product\/315228","targetHints":{"allow":["GET"]}}],"collection":[{"href":"https:\/\/cycle.rizoma.com\/es\/wp-json\/wp\/v2\/product"}],"about":[{"href":"https:\/\/cycle.rizoma.com\/es\/wp-json\/wp\/v2\/types\/product"}],"wp:featuredmedia":[{"embeddable":true,"href":"https:\/\/cycle.rizoma.com\/es\/wp-json\/wp\/v2\/media\/295742"}],"wp:attachment":[{"href":"https:\/\/cycle.rizoma.com\/es\/wp-json\/wp\/v2\/media?parent=315228"}],"wp:term":[{"taxonomy":"rizoma_assembly_time","embeddable":true,"href":"https:\/\/cycle.rizoma.com\/es\/wp-json\/wp\/v2\/rizoma_assembly_time?post=315228"},{"taxonomy":"rizoma_bike","embeddable":true,"href":"https:\/\/cycle.rizoma.com\/es\/wp-json\/wp\/v2\/rizoma_bike?post=315228"},{"taxonomy":"rizoma_division","embeddable":true,"href":"https:\/\/cycle.rizoma.com\/es\/wp-json\/wp\/v2\/rizoma_division?post=315228"},{"taxonomy":"rizoma_family","embeddable":true,"href":"https:\/\/cycle.rizoma.com\/es\/wp-json\/wp\/v2\/rizoma_family?post=315228"},{"taxonomy":"rizoma_model_category","embeddable":true,"href":"https:\/\/cycle.rizoma.com\/es\/wp-json\/wp\/v2\/rizoma_model_category?post=315228"},{"taxonomy":"rizoma_product_template","embeddable":true,"href":"https:\/\/cycle.rizoma.com\/es\/wp-json\/wp\/v2\/rizoma_product_template?post=315228"},{"taxonomy":"product_brand","embeddable":true,"href":"https:\/\/cycle.rizoma.com\/es\/wp-json\/wp\/v2\/product_brand?post=315228"},{"taxonomy":"product_cat","embeddable":true,"href":"https:\/\/cycle.rizoma.com\/es\/wp-json\/wp\/v2\/product_cat?post=315228"},{"taxonomy":"product_tag","embeddable":true,"href":"https:\/\/cycle.rizoma.com\/es\/wp-json\/wp\/v2\/product_tag?post=315228"}],"curies":[{"name":"wp","href":"https:\/\/api.w.org\/{rel}","templated":true}]}}