{"id":315238,"date":"2024-11-21T16:37:21","date_gmt":"2024-11-21T15:37:21","guid":{"rendered":"https:\/\/rwp.rizoma.com\/negozio\/malla-antilluvia-para-cono-del-conducto-de-aspiracion-af002\/"},"modified":"2026-02-13T01:34:56","modified_gmt":"2026-02-13T00:34:56","slug":"malla-antilluvia-para-cono-del-conducto-de-aspiracion-af002","status":"publish","type":"product","link":"https:\/\/cycle.rizoma.com\/es\/negozio\/mas-para-tu-harley-davidson\/AF002\/malla-antilluvia-para-cono-del-conducto-de-aspiracion-af002\/","title":{"rendered":"Malla antilluvia para cono del conducto de aspiraci\u00f3n"},"content":{"rendered":"<p>Los mejores Raid de largo rango requieren de la m\u00e1xima seguridad. Gracias a la malla antilluvia Rizoma resulta posible proteger la entrada del cono para conducto de aspiraci\u00f3n impidiendo el ingreso de agua al motor en casos , por ejemplo, de aguaceros imprevistos.<br \/>La malla, de hecho, se realiza en tejido t\u00e9cnico, hidro repelente, que impide la entrada de agua a trav\u00e9s del cono de aspiraci\u00f3n y a la vez permite el normal ingreso del flujo de aire, al motor.<\/p>\n","protected":false},"excerpt":{"rendered":"<p>Los mejores Raid de largo rango requieren de la m\u00e1xima seguridad. Gracias a la malla antilluvia Rizoma resulta posible proteger la entrada del cono para conducto de aspiraci\u00f3n impidiendo el ingreso de agua al motor en casos , por ejemplo, de aguaceros imprevistos.La malla, de hecho, se realiza en tejido t\u00e9cnico, hidro repelente, que impide [&hellip;]<\/p>\n","protected":false},"featured_media":297302,"template":"","meta":{"_acf_changed":false},"rizoma_assembly_time":[42753],"rizoma_bike":[43785],"rizoma_division":[42653],"rizoma_family":[],"rizoma_model_category":[],"rizoma_product_template":[],"product_brand":[],"product_cat":[42788],"product_tag":[],"class_list":{"0":"post-315238","1":"product","2":"type-product","3":"status-publish","4":"has-post-thumbnail","6":"rizoma_bike-1200-forty-eight-2016-20","7":"product_cat-mas-para-tu-harley-davidson","9":"first","10":"instock","11":"taxable","12":"shipping-taxable","13":"purchasable","14":"product-type-variable"},"acf":[],"_links":{"self":[{"href":"https:\/\/cycle.rizoma.com\/es\/wp-json\/wp\/v2\/product\/315238","targetHints":{"allow":["GET"]}}],"collection":[{"href":"https:\/\/cycle.rizoma.com\/es\/wp-json\/wp\/v2\/product"}],"about":[{"href":"https:\/\/cycle.rizoma.com\/es\/wp-json\/wp\/v2\/types\/product"}],"wp:featuredmedia":[{"embeddable":true,"href":"https:\/\/cycle.rizoma.com\/es\/wp-json\/wp\/v2\/media\/297302"}],"wp:attachment":[{"href":"https:\/\/cycle.rizoma.com\/es\/wp-json\/wp\/v2\/media?parent=315238"}],"wp:term":[{"taxonomy":"rizoma_assembly_time","embeddable":true,"href":"https:\/\/cycle.rizoma.com\/es\/wp-json\/wp\/v2\/rizoma_assembly_time?post=315238"},{"taxonomy":"rizoma_bike","embeddable":true,"href":"https:\/\/cycle.rizoma.com\/es\/wp-json\/wp\/v2\/rizoma_bike?post=315238"},{"taxonomy":"rizoma_division","embeddable":true,"href":"https:\/\/cycle.rizoma.com\/es\/wp-json\/wp\/v2\/rizoma_division?post=315238"},{"taxonomy":"rizoma_family","embeddable":true,"href":"https:\/\/cycle.rizoma.com\/es\/wp-json\/wp\/v2\/rizoma_family?post=315238"},{"taxonomy":"rizoma_model_category","embeddable":true,"href":"https:\/\/cycle.rizoma.com\/es\/wp-json\/wp\/v2\/rizoma_model_category?post=315238"},{"taxonomy":"rizoma_product_template","embeddable":true,"href":"https:\/\/cycle.rizoma.com\/es\/wp-json\/wp\/v2\/rizoma_product_template?post=315238"},{"taxonomy":"product_brand","embeddable":true,"href":"https:\/\/cycle.rizoma.com\/es\/wp-json\/wp\/v2\/product_brand?post=315238"},{"taxonomy":"product_cat","embeddable":true,"href":"https:\/\/cycle.rizoma.com\/es\/wp-json\/wp\/v2\/product_cat?post=315238"},{"taxonomy":"product_tag","embeddable":true,"href":"https:\/\/cycle.rizoma.com\/es\/wp-json\/wp\/v2\/product_tag?post=315238"}],"curies":[{"name":"wp","href":"https:\/\/api.w.org\/{rel}","templated":true}]}}